{"id":174,"date":"2022-01-21T11:59:27","date_gmt":"2022-01-21T11:59:27","guid":{"rendered":"https:\/\/as.avt.at\/?page_id=174"},"modified":"2023-03-08T10:05:06","modified_gmt":"2023-03-08T10:05:06","slug":"winterorthophoto","status":"publish","type":"page","link":"https:\/\/avt-as.eu\/en\/produkte\/winterorthophoto\/","title":{"rendered":"Winter Orthophoto"},"content":{"rendered":"<p><div class=\"fusion-fullwidth fullwidth-box fusion-builder-row-1 fusion-flex-container hundred-percent-fullwidth non-hundred-percent-height-scrolling\" style=\"--awb-border-radius-top-left:0px;--awb-border-radius-top-right:0px;--awb-border-radius-bottom-right:0px;--awb-border-radius-bottom-left:0px;--awb-margin-top:-60px;--awb-flex-wrap:wrap;\" ><div class=\"fusion-builder-row fusion-row fusion-flex-align-items-flex-start fusion-flex-content-wrap\" style=\"width:104% !important;max-width:104% !important;margin-left: calc(-4% \/ 2 );margin-right: calc(-4% \/ 2 );\"><div class=\"fusion-layout-column fusion_builder_column fusion-builder-column-0 fusion_builder_column_1_1 1_1 fusion-flex-column\" style=\"--awb-bg-size:cover;--awb-width-large:100%;--awb-margin-top-large:0px;--awb-spacing-right-large:1.92%;--awb-margin-bottom-large:0px;--awb-spacing-left-large:1.92%;--awb-width-medium:100%;--awb-order-medium:0;--awb-spacing-right-medium:1.92%;--awb-spacing-left-medium:1.92%;--awb-width-small:100%;--awb-order-small:0;--awb-spacing-right-small:1.92%;--awb-spacing-left-small:1.92%;\"><div class=\"fusion-column-wrapper fusion-column-has-shadow fusion-flex-justify-content-center fusion-content-layout-column\"><div class=\"fusion-section-separator section-separator triangle fusion-section-separator-1\" style=\"--awb-border-bottom:30px solid var(--awb-color5);--awb-spacer-height:30px;--awb-svg-margin-left:1.92%;--awb-svg-margin-right:1.92%;--awb-svg-margin-left-medium:1.92%;--awb-svg-margin-right-medium:1.92%;--awb-svg-margin-left-small:1.92%;--awb-svg-margin-right-small:1.92%;--awb-icon-color:var(--awb-color5);--awb-icon-top:auto;--awb-icon-bottom:-40px;\"><div class=\"fusion-section-separator-svg\"><div class=\"divider-candy-arrow bottom\" style=\"top:30px;border-top-color: var(--awb-color5);\"><\/div><div class=\"divider-candy bottom\" style=\"bottom:-50px;border-bottom:1px solid var(--awb-color5);border-left:1px solid var(--awb-color5);\"><\/div><\/div><div class=\"fusion-section-separator-spacer\"><div class=\"fusion-section-separator-spacer-height\"><\/div><\/div><\/div><\/div><\/div><\/div><\/div><div class=\"fusion-fullwidth fullwidth-box fusion-builder-row-2 fusion-flex-container nonhundred-percent-fullwidth non-hundred-percent-height-scrolling\" style=\"--awb-border-radius-top-left:0px;--awb-border-radius-top-right:0px;--awb-border-radius-bottom-right:0px;--awb-border-radius-bottom-left:0px;--awb-padding-top:120px;--awb-padding-bottom:90px;--awb-flex-wrap:wrap;\" id=\"start\" ><div class=\"fusion-builder-row fusion-row fusion-flex-align-items-flex-start fusion-flex-content-wrap\" style=\"max-width:1456px;margin-left: calc(-4% \/ 2 );margin-right: calc(-4% \/ 2 );\"><div class=\"fusion-layout-column fusion_builder_column fusion-builder-column-1 fusion_builder_column_1_5 1_5 fusion-flex-column\" style=\"--awb-bg-size:cover;--awb-width-large:20%;--awb-margin-top-large:0px;--awb-spacing-right-large:9.6%;--awb-margin-bottom-large:0px;--awb-spacing-left-large:9.6%;--awb-width-medium:100%;--awb-order-medium:0;--awb-spacing-right-medium:1.92%;--awb-spacing-left-medium:1.92%;--awb-width-small:100%;--awb-order-small:0;--awb-spacing-right-small:1.92%;--awb-spacing-left-small:1.92%;\"><div class=\"fusion-column-wrapper fusion-column-has-shadow fusion-flex-justify-content-flex-start fusion-content-layout-column\"><\/div><\/div><div class=\"fusion-layout-column fusion_builder_column fusion-builder-column-2 fusion_builder_column_3_5 3_5 fusion-flex-column\" style=\"--awb-bg-size:cover;--awb-width-large:60%;--awb-margin-top-large:0px;--awb-spacing-right-large:3.2%;--awb-margin-bottom-large:0px;--awb-spacing-left-large:3.2%;--awb-width-medium:100%;--awb-order-medium:0;--awb-spacing-right-medium:1.92%;--awb-spacing-left-medium:1.92%;--awb-width-small:100%;--awb-order-small:0;--awb-spacing-right-small:1.92%;--awb-spacing-left-small:1.92%;\"><div class=\"fusion-column-wrapper fusion-column-has-shadow fusion-flex-justify-content-flex-start fusion-content-layout-column\"><div class=\"fusion-text fusion-text-1\" style=\"--awb-text-transform:none;\"><h2 class=\"\" style=\"text-align: center;\" data-fontsize=\"60\" data-lineheight=\"70.2px\">Winter Orthophoto<\/h2>\n<\/div><\/div><\/div><div class=\"fusion-layout-column fusion_builder_column fusion-builder-column-3 fusion_builder_column_1_5 1_5 fusion-flex-column\" style=\"--awb-bg-size:cover;--awb-width-large:20%;--awb-margin-top-large:0px;--awb-spacing-right-large:9.6%;--awb-margin-bottom-large:0px;--awb-spacing-left-large:9.6%;--awb-width-medium:100%;--awb-order-medium:0;--awb-spacing-right-medium:1.92%;--awb-spacing-left-medium:1.92%;--awb-width-small:100%;--awb-order-small:0;--awb-spacing-right-small:1.92%;--awb-spacing-left-small:1.92%;\"><div class=\"fusion-column-wrapper fusion-column-has-shadow fusion-flex-justify-content-flex-start fusion-content-layout-column\"><\/div><\/div><div class=\"fusion-layout-column fusion_builder_column fusion-builder-column-4 fusion_builder_column_1_5 1_5 fusion-flex-column\" style=\"--awb-bg-size:cover;--awb-width-large:20%;--awb-margin-top-large:0px;--awb-spacing-right-large:9.6%;--awb-margin-bottom-large:0px;--awb-spacing-left-large:9.6%;--awb-width-medium:100%;--awb-order-medium:0;--awb-spacing-right-medium:1.92%;--awb-spacing-left-medium:1.92%;--awb-width-small:100%;--awb-order-small:0;--awb-spacing-right-small:1.92%;--awb-spacing-left-small:1.92%;\"><div class=\"fusion-column-wrapper fusion-column-has-shadow fusion-flex-justify-content-flex-start fusion-content-layout-column\"><\/div><\/div><div class=\"fusion-layout-column fusion_builder_column fusion-builder-column-5 fusion_builder_column_3_5 3_5 fusion-flex-column\" style=\"--awb-bg-size:cover;--awb-width-large:60%;--awb-margin-top-large:0px;--awb-spacing-right-large:3.2%;--awb-margin-bottom-large:0px;--awb-spacing-left-large:3.2%;--awb-width-medium:100%;--awb-order-medium:0;--awb-spacing-right-medium:1.92%;--awb-spacing-left-medium:1.92%;--awb-width-small:100%;--awb-order-small:0;--awb-spacing-right-small:1.92%;--awb-spacing-left-small:1.92%;\"><div class=\"fusion-column-wrapper fusion-column-has-shadow fusion-flex-justify-content-flex-start fusion-content-layout-column\"><div class=\"fusion-text fusion-text-2\" style=\"--awb-text-transform:none;\"><p><strong>Seit einigen Jahren f\u00fchren wir Winterbefliegungen im Hochgebirge durch. Diese finden, auf Grund des Sonnenstands, im Februar bei wolkenlosem Himmel und bei einer Schneedecke vom Tal bis auf den Berg, statt.<\/strong><\/p>\n<p>Die Einsatzgebiete sind vielseitig: Zum einen f\u00fcr touristische Zwecke, um Wintersportkarten zu erstellen und um daraus 3D-Anwendungen von Skigebieten zu generieren. Diese interaktiven 3D Animationen erstellt die Firma <i>3D Reality Maps<\/i> (<a href=\"https:\/\/www.realitymaps.de\/\" target=\"_blank\" rel=\"noopener\">https:\/\/www.realitymaps.de\/<\/a>) auf Basis unserer Aufnahmen. Zum anderen werden die Luftbilder auch f\u00fcr technische Vermessungszwecke \u2013 z.B. f\u00fcr die Berechnung von Fl\u00e4chennutzungsgeb\u00fchren bei Loipen und Skipisten \u2013 verwendet. Die Orthophotos werden in den CAD\/GIS-Systemen der Skigebietsbetreiber und von den Planern als Hintergrunddatensatz verwendet.<\/p>\n<\/div><\/div><\/div><div class=\"fusion-layout-column fusion_builder_column fusion-builder-column-6 fusion_builder_column_1_5 1_5 fusion-flex-column\" style=\"--awb-bg-size:cover;--awb-width-large:20%;--awb-margin-top-large:0px;--awb-spacing-right-large:9.6%;--awb-margin-bottom-large:0px;--awb-spacing-left-large:9.6%;--awb-width-medium:100%;--awb-order-medium:0;--awb-spacing-right-medium:1.92%;--awb-spacing-left-medium:1.92%;--awb-width-small:100%;--awb-order-small:0;--awb-spacing-right-small:1.92%;--awb-spacing-left-small:1.92%;\"><div class=\"fusion-column-wrapper fusion-column-has-shadow fusion-flex-justify-content-flex-start fusion-content-layout-column\"><\/div><\/div><\/div><\/div><div class=\"fusion-fullwidth fullwidth-box fusion-builder-row-3 fusion-flex-container nonhundred-percent-fullwidth non-hundred-percent-height-scrolling\" style=\"--awb-border-radius-top-left:0px;--awb-border-radius-top-right:0px;--awb-border-radius-bottom-right:0px;--awb-border-radius-bottom-left:0px;--awb-padding-top:50px;--awb-padding-bottom:50px;--awb-background-color:var(--awb-color4);--awb-flex-wrap:wrap;\" ><div class=\"fusion-builder-row fusion-row fusion-flex-align-items-flex-start fusion-flex-justify-content-center fusion-flex-content-wrap\" style=\"max-width:1456px;margin-left: calc(-4% \/ 2 );margin-right: calc(-4% \/ 2 );\"><div class=\"fusion-layout-column fusion_builder_column fusion-builder-column-7 fusion_builder_column_1_1 1_1 fusion-flex-column\" style=\"--awb-bg-size:cover;--awb-width-large:100%;--awb-margin-top-large:0px;--awb-spacing-right-large:1.92%;--awb-margin-bottom-large:0px;--awb-spacing-left-large:1.92%;--awb-width-medium:100%;--awb-order-medium:0;--awb-spacing-right-medium:1.92%;--awb-spacing-left-medium:1.92%;--awb-width-small:100%;--awb-order-small:0;--awb-spacing-right-small:1.92%;--awb-spacing-left-small:1.92%;\"><div class=\"fusion-column-wrapper fusion-column-has-shadow fusion-flex-justify-content-flex-start fusion-content-layout-column\"><div class=\"awb-gallery-wrapper awb-gallery-wrapper-1 button-span-no\"><div style=\"margin:-5px;--awb-bordersize:0px;\" class=\"fusion-gallery fusion-gallery-container fusion-grid-2 fusion-columns-total-2 fusion-gallery-layout-masonry fusion-gallery-1\"><div class=\"fusion-grid-column fusion-gallery-column fusion-gallery-column-2 hover-type-zoomin fusion-grid-sizer\"><\/div><div style=\"padding:5px;\" class=\"fusion-grid-column fusion-gallery-column fusion-gallery-column-2 hover-type-zoomin fusion-element-landscape\"><div class=\"fusion-gallery-image\"><a href=\"https:\/\/avt-as.eu\/wp-content\/uploads\/2022\/01\/Ortsplan_WDOP_B.jpg\" rel=\"noreferrer\" data-rel=\"iLightbox[gallery_image_1]\" class=\"fusion-lightbox\" target=\"_self\"><div style=\"padding-top:calc((100% + 10px) * 0.4 - 5px);background-position:;\" class=\"fusion-masonry-element-container lazyload\" data-bg=\"https:\/\/avt-as.eu\/wp-content\/uploads\/2022\/01\/Ortsplan_WDOP_B.jpg\"><img decoding=\"async\" src=\"https:\/\/avt-as.eu\/wp-content\/uploads\/2022\/01\/Ortsplan_WDOP_B.jpg\" data-orig-src=\"https:\/\/avt-as.eu\/wp-content\/uploads\/2022\/01\/Ortsplan_WDOP_B.jpg\" width=\"1260\" height=\"892\" alt=\"\" title=\"Ortsplan_WDOP_B\" aria-label=\"Ortsplan_WDOP_B\" class=\"lazyload img-responsive wp-image-175\" srcset=\"data:image\/svg+xml,%3Csvg%20xmlns%3D%27http%3A%2F%2Fwww.w3.org%2F2000%2Fsvg%27%20width%3D%271260%27%20height%3D%27892%27%20viewBox%3D%270%200%201260%20892%27%3E%3Crect%20width%3D%271260%27%20height%3D%27892%27%20fill-opacity%3D%220%22%2F%3E%3C%2Fsvg%3E\" data-srcset=\"https:\/\/avt-as.eu\/wp-content\/uploads\/2022\/01\/Ortsplan_WDOP_B-200x142.jpg 200w, https:\/\/avt-as.eu\/wp-content\/uploads\/2022\/01\/Ortsplan_WDOP_B-400x283.jpg 400w, https:\/\/avt-as.eu\/wp-content\/uploads\/2022\/01\/Ortsplan_WDOP_B-600x425.jpg 600w, https:\/\/avt-as.eu\/wp-content\/uploads\/2022\/01\/Ortsplan_WDOP_B-800x566.jpg 800w, https:\/\/avt-as.eu\/wp-content\/uploads\/2022\/01\/Ortsplan_WDOP_B-1200x850.jpg 1200w, https:\/\/avt-as.eu\/wp-content\/uploads\/2022\/01\/Ortsplan_WDOP_B.jpg 1260w\" data-sizes=\"auto\" data-orig-sizes=\"(min-width: 2200px) 100vw, (min-width: 640px) 1400px, \" \/><\/div><\/a><\/div><\/div><div style=\"padding:5px;\" class=\"fusion-grid-column fusion-gallery-column fusion-gallery-column-2 hover-type-zoomin fusion-element-landscape\"><div class=\"fusion-gallery-image\"><a href=\"https:\/\/avt-as.eu\/wp-content\/uploads\/2022\/01\/WDOP_B.jpg\" rel=\"noreferrer\" data-rel=\"iLightbox[gallery_image_1]\" class=\"fusion-lightbox\" target=\"_self\"><div style=\"padding-top:calc((100% + 10px) * 0.4 - 5px);background-position:;\" class=\"fusion-masonry-element-container lazyload\" data-bg=\"https:\/\/avt-as.eu\/wp-content\/uploads\/2022\/01\/WDOP_B.jpg\"><img decoding=\"async\" src=\"https:\/\/avt-as.eu\/wp-content\/uploads\/2022\/01\/WDOP_B.jpg\" data-orig-src=\"https:\/\/avt-as.eu\/wp-content\/uploads\/2022\/01\/WDOP_B.jpg\" width=\"1830\" height=\"911\" alt=\"\" title=\"WDOP_B\" aria-label=\"WDOP_B\" class=\"lazyload img-responsive wp-image-176\" srcset=\"data:image\/svg+xml,%3Csvg%20xmlns%3D%27http%3A%2F%2Fwww.w3.org%2F2000%2Fsvg%27%20width%3D%271830%27%20height%3D%27911%27%20viewBox%3D%270%200%201830%20911%27%3E%3Crect%20width%3D%271830%27%20height%3D%27911%27%20fill-opacity%3D%220%22%2F%3E%3C%2Fsvg%3E\" data-srcset=\"https:\/\/avt-as.eu\/wp-content\/uploads\/2022\/01\/WDOP_B-200x100.jpg 200w, https:\/\/avt-as.eu\/wp-content\/uploads\/2022\/01\/WDOP_B-400x199.jpg 400w, https:\/\/avt-as.eu\/wp-content\/uploads\/2022\/01\/WDOP_B-600x299.jpg 600w, https:\/\/avt-as.eu\/wp-content\/uploads\/2022\/01\/WDOP_B-800x398.jpg 800w, https:\/\/avt-as.eu\/wp-content\/uploads\/2022\/01\/WDOP_B-1200x597.jpg 1200w, https:\/\/avt-as.eu\/wp-content\/uploads\/2022\/01\/WDOP_B.jpg 1830w\" data-sizes=\"auto\" data-orig-sizes=\"(min-width: 2200px) 100vw, (min-width: 640px) 1400px, \" \/><\/div><\/a><\/div><\/div><\/div><\/div><\/div><\/div><\/div><\/div><\/p>\n","protected":false},"excerpt":{"rendered":"","protected":false},"author":3,"featured_media":0,"parent":77,"menu_order":0,"comment_status":"closed","ping_status":"closed","template":"100-width.php","meta":{"_monsterinsights_skip_tracking":false,"_monsterinsights_sitenote_active":false,"_monsterinsights_sitenote_note":"","_monsterinsights_sitenote_category":0,"footnotes":""},"class_list":["post-174","page","type-page","status-publish","hentry"],"yoast_head":"<!-- This site is optimized with the Yoast SEO plugin v27.3 - https:\/\/yoast.com\/product\/yoast-seo-wordpress\/ -->\n<title>Winter Orthophoto - AVT Airborne Sensing<\/title>\n<meta name=\"robots\" content=\"index, follow, max-snippet:-1, max-image-preview:large, max-video-preview:-1\" \/>\n<link rel=\"canonical\" href=\"https:\/\/avt-as.eu\/en\/products\/winterorthophoto\/\" \/>\n<meta property=\"og:locale\" content=\"en_US\" \/>\n<meta property=\"og:type\" content=\"article\" \/>\n<meta property=\"og:title\" content=\"Winter Orthophoto - AVT Airborne Sensing\" \/>\n<meta property=\"og:url\" content=\"https:\/\/avt-as.eu\/en\/products\/winterorthophoto\/\" \/>\n<meta property=\"og:site_name\" content=\"AVT Airborne Sensing\" \/>\n<meta property=\"article:modified_time\" content=\"2023-03-08T10:05:06+00:00\" \/>\n<meta name=\"twitter:card\" content=\"summary_large_image\" \/>\n<meta name=\"twitter:label1\" content=\"Est. reading time\" \/>\n\t<meta name=\"twitter:data1\" content=\"5 minutes\" \/>\n<script type=\"application\/ld+json\" class=\"yoast-schema-graph\">{\"@context\":\"https:\\\/\\\/schema.org\",\"@graph\":[{\"@type\":\"WebPage\",\"@id\":\"https:\\\/\\\/avt-as.eu\\\/produkte\\\/winterorthophoto\\\/\",\"url\":\"https:\\\/\\\/avt-as.eu\\\/produkte\\\/winterorthophoto\\\/\",\"name\":\"Winter Orthophoto - AVT Airborne Sensing\",\"isPartOf\":{\"@id\":\"https:\\\/\\\/avt-as.eu\\\/#website\"},\"datePublished\":\"2022-01-21T11:59:27+00:00\",\"dateModified\":\"2023-03-08T10:05:06+00:00\",\"breadcrumb\":{\"@id\":\"https:\\\/\\\/avt-as.eu\\\/produkte\\\/winterorthophoto\\\/#breadcrumb\"},\"inLanguage\":\"en-US\",\"potentialAction\":[{\"@type\":\"ReadAction\",\"target\":[\"https:\\\/\\\/avt-as.eu\\\/produkte\\\/winterorthophoto\\\/\"]}]},{\"@type\":\"BreadcrumbList\",\"@id\":\"https:\\\/\\\/avt-as.eu\\\/produkte\\\/winterorthophoto\\\/#breadcrumb\",\"itemListElement\":[{\"@type\":\"ListItem\",\"position\":1,\"name\":\"Startseite\",\"item\":\"https:\\\/\\\/avt-as.eu\\\/\"},{\"@type\":\"ListItem\",\"position\":2,\"name\":\"Produkte\",\"item\":\"https:\\\/\\\/avt-as.eu\\\/produkte\\\/\"},{\"@type\":\"ListItem\",\"position\":3,\"name\":\"Winter Orthophoto\"}]},{\"@type\":\"WebSite\",\"@id\":\"https:\\\/\\\/avt-as.eu\\\/#website\",\"url\":\"https:\\\/\\\/avt-as.eu\\\/\",\"name\":\"AVT Airborne Sensing\",\"description\":\"High Resolution\",\"potentialAction\":[{\"@type\":\"SearchAction\",\"target\":{\"@type\":\"EntryPoint\",\"urlTemplate\":\"https:\\\/\\\/avt-as.eu\\\/?s={search_term_string}\"},\"query-input\":{\"@type\":\"PropertyValueSpecification\",\"valueRequired\":true,\"valueName\":\"search_term_string\"}}],\"inLanguage\":\"en-US\"}]}<\/script>\n<!-- \/ Yoast SEO plugin. -->","yoast_head_json":{"title":"Winter Orthophoto - AVT Airborne Sensing","robots":{"index":"index","follow":"follow","max-snippet":"max-snippet:-1","max-image-preview":"max-image-preview:large","max-video-preview":"max-video-preview:-1"},"canonical":"https:\/\/avt-as.eu\/en\/products\/winterorthophoto\/","og_locale":"en_US","og_type":"article","og_title":"Winter Orthophoto - AVT Airborne Sensing","og_url":"https:\/\/avt-as.eu\/en\/products\/winterorthophoto\/","og_site_name":"AVT Airborne Sensing","article_modified_time":"2023-03-08T10:05:06+00:00","twitter_card":"summary_large_image","twitter_misc":{"Est. reading time":"5 minutes"},"schema":{"@context":"https:\/\/schema.org","@graph":[{"@type":"WebPage","@id":"https:\/\/avt-as.eu\/produkte\/winterorthophoto\/","url":"https:\/\/avt-as.eu\/produkte\/winterorthophoto\/","name":"Winter Orthophoto - AVT Airborne Sensing","isPartOf":{"@id":"https:\/\/avt-as.eu\/#website"},"datePublished":"2022-01-21T11:59:27+00:00","dateModified":"2023-03-08T10:05:06+00:00","breadcrumb":{"@id":"https:\/\/avt-as.eu\/produkte\/winterorthophoto\/#breadcrumb"},"inLanguage":"en-US","potentialAction":[{"@type":"ReadAction","target":["https:\/\/avt-as.eu\/produkte\/winterorthophoto\/"]}]},{"@type":"BreadcrumbList","@id":"https:\/\/avt-as.eu\/produkte\/winterorthophoto\/#breadcrumb","itemListElement":[{"@type":"ListItem","position":1,"name":"Startseite","item":"https:\/\/avt-as.eu\/"},{"@type":"ListItem","position":2,"name":"Produkte","item":"https:\/\/avt-as.eu\/produkte\/"},{"@type":"ListItem","position":3,"name":"Winter Orthophoto"}]},{"@type":"WebSite","@id":"https:\/\/avt-as.eu\/#website","url":"https:\/\/avt-as.eu\/","name":"AVT Airborne Sensing","description":"High Resolution","potentialAction":[{"@type":"SearchAction","target":{"@type":"EntryPoint","urlTemplate":"https:\/\/avt-as.eu\/?s={search_term_string}"},"query-input":{"@type":"PropertyValueSpecification","valueRequired":true,"valueName":"search_term_string"}}],"inLanguage":"en-US"}]}},"_links":{"self":[{"href":"https:\/\/avt-as.eu\/en\/wp-json\/wp\/v2\/pages\/174","targetHints":{"allow":["GET"]}}],"collection":[{"href":"https:\/\/avt-as.eu\/en\/wp-json\/wp\/v2\/pages"}],"about":[{"href":"https:\/\/avt-as.eu\/en\/wp-json\/wp\/v2\/types\/page"}],"author":[{"embeddable":true,"href":"https:\/\/avt-as.eu\/en\/wp-json\/wp\/v2\/users\/3"}],"replies":[{"embeddable":true,"href":"https:\/\/avt-as.eu\/en\/wp-json\/wp\/v2\/comments?post=174"}],"version-history":[{"count":10,"href":"https:\/\/avt-as.eu\/en\/wp-json\/wp\/v2\/pages\/174\/revisions"}],"predecessor-version":[{"id":1213,"href":"https:\/\/avt-as.eu\/en\/wp-json\/wp\/v2\/pages\/174\/revisions\/1213"}],"up":[{"embeddable":true,"href":"https:\/\/avt-as.eu\/en\/wp-json\/wp\/v2\/pages\/77"}],"wp:attachment":[{"href":"https:\/\/avt-as.eu\/en\/wp-json\/wp\/v2\/media?parent=174"}],"curies":[{"name":"wp","href":"https:\/\/api.w.org\/{rel}","templated":true}]}}