{"id":1816,"date":"2024-04-18T13:24:27","date_gmt":"2024-04-18T13:24:27","guid":{"rendered":"https:\/\/avt-as.eu\/?page_id=1816"},"modified":"2025-05-26T11:10:38","modified_gmt":"2025-05-26T09:10:38","slug":"orthophoto-2","status":"publish","type":"page","link":"https:\/\/avt-as.eu\/en\/produkte\/laserscanning_kombinierte_aufnahmen\/","title":{"rendered":"Laser scanning and combined images"},"content":{"rendered":"<p><div class=\"fusion-fullwidth fullwidth-box fusion-builder-row-1 fusion-flex-container hundred-percent-fullwidth non-hundred-percent-height-scrolling\" style=\"--awb-border-radius-top-left:0px;--awb-border-radius-top-right:0px;--awb-border-radius-bottom-right:0px;--awb-border-radius-bottom-left:0px;--awb-margin-top:-60px;--awb-flex-wrap:wrap;\" ><div class=\"fusion-builder-row fusion-row fusion-flex-align-items-flex-start fusion-flex-content-wrap\" style=\"width:104% !important;max-width:104% !important;margin-left: calc(-4% \/ 2 );margin-right: calc(-4% \/ 2 );\"><div class=\"fusion-layout-column fusion_builder_column fusion-builder-column-0 fusion_builder_column_1_1 1_1 fusion-flex-column\" style=\"--awb-bg-size:cover;--awb-width-large:100%;--awb-margin-top-large:0px;--awb-spacing-right-large:1.92%;--awb-margin-bottom-large:0px;--awb-spacing-left-large:1.92%;--awb-width-medium:100%;--awb-order-medium:0;--awb-spacing-right-medium:1.92%;--awb-spacing-left-medium:1.92%;--awb-width-small:100%;--awb-order-small:0;--awb-spacing-right-small:1.92%;--awb-spacing-left-small:1.92%;\"><div class=\"fusion-column-wrapper fusion-column-has-shadow fusion-flex-justify-content-center fusion-content-layout-column\"><div class=\"fusion-section-separator section-separator triangle fusion-section-separator-1\" style=\"--awb-border-bottom:30px solid var(--awb-color5);--awb-spacer-height:30px;--awb-svg-margin-left:1.92%;--awb-svg-margin-right:1.92%;--awb-svg-margin-left-medium:1.92%;--awb-svg-margin-right-medium:1.92%;--awb-svg-margin-left-small:1.92%;--awb-svg-margin-right-small:1.92%;--awb-icon-color:var(--awb-color5);--awb-icon-top:auto;--awb-icon-bottom:-40px;\"><div class=\"fusion-section-separator-svg\"><div class=\"divider-candy-arrow bottom\" style=\"top:30px;border-top-color: var(--awb-color5);\"><\/div><div class=\"divider-candy bottom\" style=\"bottom:-50px;border-bottom:1px solid var(--awb-color5);border-left:1px solid var(--awb-color5);\"><\/div><\/div><div class=\"fusion-section-separator-spacer\"><div class=\"fusion-section-separator-spacer-height\"><\/div><\/div><\/div><\/div><\/div><\/div><\/div><div class=\"fusion-fullwidth fullwidth-box fusion-builder-row-2 fusion-flex-container nonhundred-percent-fullwidth non-hundred-percent-height-scrolling\" style=\"--awb-border-radius-top-left:0px;--awb-border-radius-top-right:0px;--awb-border-radius-bottom-right:0px;--awb-border-radius-bottom-left:0px;--awb-padding-top:120px;--awb-padding-bottom:90px;--awb-flex-wrap:wrap;\" id=\"start\" ><div class=\"fusion-builder-row fusion-row fusion-flex-align-items-flex-start fusion-flex-content-wrap\" style=\"max-width:1456px;margin-left: calc(-4% \/ 2 );margin-right: calc(-4% \/ 2 );\"><div class=\"fusion-layout-column fusion_builder_column fusion-builder-column-1 fusion_builder_column_1_5 1_5 fusion-flex-column\" style=\"--awb-bg-size:cover;--awb-width-large:20%;--awb-margin-top-large:0px;--awb-spacing-right-large:9.6%;--awb-margin-bottom-large:0px;--awb-spacing-left-large:9.6%;--awb-width-medium:100%;--awb-order-medium:0;--awb-spacing-right-medium:1.92%;--awb-spacing-left-medium:1.92%;--awb-width-small:100%;--awb-order-small:0;--awb-spacing-right-small:1.92%;--awb-spacing-left-small:1.92%;\"><div class=\"fusion-column-wrapper fusion-column-has-shadow fusion-flex-justify-content-flex-start fusion-content-layout-column\"><\/div><\/div><div class=\"fusion-layout-column fusion_builder_column fusion-builder-column-2 fusion_builder_column_3_5 3_5 fusion-flex-column\" style=\"--awb-bg-size:cover;--awb-width-large:60%;--awb-margin-top-large:0px;--awb-spacing-right-large:3.2%;--awb-margin-bottom-large:0px;--awb-spacing-left-large:3.2%;--awb-width-medium:100%;--awb-order-medium:0;--awb-spacing-right-medium:1.92%;--awb-spacing-left-medium:1.92%;--awb-width-small:100%;--awb-order-small:0;--awb-spacing-right-small:1.92%;--awb-spacing-left-small:1.92%;\"><div class=\"fusion-column-wrapper fusion-column-has-shadow fusion-flex-justify-content-flex-start fusion-content-layout-column\"><div class=\"fusion-text fusion-text-1\" style=\"--awb-text-transform:none;\"><h2 class=\"\" style=\"text-align: center;\" data-fontsize=\"60\" data-lineheight=\"70.2px\">Laserscanning und kombinierte Aufnahmen<\/h2>\n<\/div><\/div><\/div><div class=\"fusion-layout-column fusion_builder_column fusion-builder-column-3 fusion_builder_column_1_5 1_5 fusion-flex-column\" style=\"--awb-bg-size:cover;--awb-width-large:20%;--awb-margin-top-large:0px;--awb-spacing-right-large:9.6%;--awb-margin-bottom-large:0px;--awb-spacing-left-large:9.6%;--awb-width-medium:100%;--awb-order-medium:0;--awb-spacing-right-medium:1.92%;--awb-spacing-left-medium:1.92%;--awb-width-small:100%;--awb-order-small:0;--awb-spacing-right-small:1.92%;--awb-spacing-left-small:1.92%;\"><div class=\"fusion-column-wrapper fusion-column-has-shadow fusion-flex-justify-content-flex-start fusion-content-layout-column\"><\/div><\/div><div class=\"fusion-layout-column fusion_builder_column fusion-builder-column-4 fusion_builder_column_1_5 1_5 fusion-flex-column\" style=\"--awb-bg-size:cover;--awb-width-large:20%;--awb-margin-top-large:0px;--awb-spacing-right-large:9.6%;--awb-margin-bottom-large:0px;--awb-spacing-left-large:9.6%;--awb-width-medium:100%;--awb-order-medium:0;--awb-spacing-right-medium:1.92%;--awb-spacing-left-medium:1.92%;--awb-width-small:100%;--awb-order-small:0;--awb-spacing-right-small:1.92%;--awb-spacing-left-small:1.92%;\"><div class=\"fusion-column-wrapper fusion-column-has-shadow fusion-flex-justify-content-flex-start fusion-content-layout-column\"><\/div><\/div><div class=\"fusion-layout-column fusion_builder_column fusion-builder-column-5 fusion_builder_column_3_5 3_5 fusion-flex-column\" style=\"--awb-bg-size:cover;--awb-width-large:60%;--awb-margin-top-large:35px;--awb-spacing-right-large:3.2%;--awb-margin-bottom-large:0px;--awb-spacing-left-large:3.2%;--awb-width-medium:100%;--awb-order-medium:0;--awb-spacing-right-medium:1.92%;--awb-spacing-left-medium:1.92%;--awb-width-small:100%;--awb-order-small:0;--awb-spacing-right-small:1.92%;--awb-spacing-left-small:1.92%;\" data-scroll-devices=\"small-visibility,medium-visibility,large-visibility\"><div class=\"fusion-column-wrapper fusion-column-has-shadow fusion-flex-justify-content-flex-start fusion-content-layout-column\"><div class=\"fusion-title title fusion-title-1 fusion-sep-none fusion-title-text fusion-title-size-five\" style=\"--awb-text-color:var(--awb-color6);--awb-margin-bottom:0px;--awb-margin-top-small:20px;--awb-margin-right-small:0px;--awb-margin-bottom-small:20px;--awb-margin-left-small:0px;--awb-font-size:18px;\"><h5 class=\"fusion-title-heading title-heading-left fusion-responsive-typography-calculated\" style=\"margin:0;text-transform:none;font-size:1em;--fontSize:18;--minFontSize:18;line-height:var(--awb-typography1-line-height);\">Effiziente Trassenbefliegungen<\/h5><\/div><div class=\"fusion-text fusion-text-2\" style=\"--awb-text-transform:none;\"><p>Wir haben uns auf kombinierte Befliegungen (Bilder und Laserscanning) f\u00fcr Korridore wie z.B. Bahnstrecken, Autobahnen oder Flussl\u00e4ufe spezialisiert und verf\u00fcgen in diesem Bereich \u00fcber langj\u00e4hrige Erfahrung in einer Vielzahl von Projektgebieten und f\u00fcr unterschiedlichste Aufgabenstellungen. Unser Leichtflugzeug umfasst eine selbst entwickelte Flugf\u00fchrung und Sensorstabilisierung, wodurch wir auch gekr\u00fcmmte Flugstreifen mit engen Kurvenradien bei starker Querneigung fliegen k\u00f6nnen, ohne Kompromisse bei der Datenqualit\u00e4t eingehen zu m\u00fcssen. Dadurch k\u00f6nnen Korridore sehr effizient aufgenommen werden.<\/p>\n<\/div><div class=\"fusion-title title fusion-title-2 fusion-sep-none fusion-title-text fusion-title-size-five\" style=\"--awb-text-color:#747a87;--awb-margin-bottom:0px;--awb-margin-top-small:20px;--awb-margin-right-small:0px;--awb-margin-bottom-small:20px;--awb-margin-left-small:0px;--awb-font-size:18px;\"><h5 class=\"fusion-title-heading title-heading-left fusion-responsive-typography-calculated\" style=\"margin:0;text-transform:none;font-size:1em;--fontSize:18;--minFontSize:18;line-height:var(--awb-typography1-line-height);\">Fl\u00e4chenbefliegung mit Schr\u00e4gluftbildern<\/h5><\/div><div class=\"fusion-text fusion-text-3\" style=\"--awb-text-transform:none;\"><p>Seit 2023 f\u00fchren wir kombinierte Oblique-\/Laserscanning-Befliegungen mit einem unserer zweimotorigen Flugzeuge durch, die \u00fcber zwei Boden\u00f6ffnungen f\u00fcr die Sensorsysteme verf\u00fcgen. Diese Projekte werden insbesondere f\u00fcr st\u00e4dtische Gebiete durchgef\u00fchrt (zu unseren Kunden geh\u00f6ren z.B. die St\u00e4dte Klagenfurt, M\u00fcnchen und Graz) und bilden die Basis f\u00fcr digitale Geo-Zwillinge.<\/p>\n<\/div><div class=\"fusion-title title fusion-title-3 fusion-sep-none fusion-title-text fusion-title-size-five\" style=\"--awb-text-color:var(--awb-color6);--awb-margin-bottom:0px;--awb-margin-top-small:20px;--awb-margin-right-small:0px;--awb-margin-bottom-small:20px;--awb-margin-left-small:0px;--awb-font-size:18px;\"><h5 class=\"fusion-title-heading title-heading-left fusion-responsive-typography-calculated\" style=\"margin:0;text-transform:none;font-size:1em;--fontSize:18;--minFontSize:18;line-height:var(--awb-typography1-line-height);\">Kombination mit Spezialsensoren<\/h5><\/div><div class=\"fusion-text fusion-text-4\" style=\"--awb-text-transform:none;\"><p>Neben diesen Standardkombinationen absolvieren wir auch integrierte Befliegungen mit unseren Thermal-, Hyperspektral- und Lasersensoren durch. Gerade die Kombination aus Hyperspektral- und Laseraufnahmen bietet f\u00fcr Forstanwendungen sehr wertvolle Datengrundlagen f\u00fcr die Bewertung des Vitalit\u00e4tszustands des Waldes bis hin zum Einzelbaum.<\/p>\n<\/div><\/div><\/div><div class=\"fusion-layout-column fusion_builder_column fusion-builder-column-6 fusion_builder_column_1_5 1_5 fusion-flex-column\" style=\"--awb-bg-size:cover;--awb-width-large:20%;--awb-margin-top-large:0px;--awb-spacing-right-large:9.6%;--awb-margin-bottom-large:0px;--awb-spacing-left-large:9.6%;--awb-width-medium:100%;--awb-order-medium:0;--awb-spacing-right-medium:1.92%;--awb-spacing-left-medium:1.92%;--awb-width-small:100%;--awb-order-small:0;--awb-spacing-right-small:1.92%;--awb-spacing-left-small:1.92%;\"><div class=\"fusion-column-wrapper fusion-column-has-shadow fusion-flex-justify-content-flex-start fusion-content-layout-column\"><\/div><\/div><\/div><\/div><div class=\"fusion-fullwidth fullwidth-box fusion-builder-row-3 fusion-flex-container nonhundred-percent-fullwidth non-hundred-percent-height-scrolling\" style=\"--awb-border-radius-top-left:0px;--awb-border-radius-top-right:0px;--awb-border-radius-bottom-right:0px;--awb-border-radius-bottom-left:0px;--awb-padding-top:50px;--awb-background-color:var(--awb-color4);--awb-flex-wrap:wrap;\" ><div class=\"fusion-builder-row fusion-row fusion-flex-align-items-flex-start fusion-flex-justify-content-center fusion-flex-content-wrap\" style=\"max-width:1456px;margin-left: calc(-4% \/ 2 );margin-right: calc(-4% \/ 2 );\"><div class=\"fusion-layout-column fusion_builder_column fusion-builder-column-7 fusion_builder_column_1_1 1_1 fusion-flex-column\" style=\"--awb-bg-size:cover;--awb-width-large:100%;--awb-margin-top-large:0px;--awb-spacing-right-large:1.92%;--awb-margin-bottom-large:0px;--awb-spacing-left-large:1.92%;--awb-width-medium:100%;--awb-order-medium:0;--awb-spacing-right-medium:1.92%;--awb-spacing-left-medium:1.92%;--awb-width-small:100%;--awb-order-small:0;--awb-spacing-right-small:1.92%;--awb-spacing-left-small:1.92%;\"><div class=\"fusion-column-wrapper fusion-column-has-shadow fusion-flex-justify-content-flex-start fusion-content-layout-column\"><div class=\"fusion-image-carousel fusion-image-carousel-auto fusion-image-carousel-1 lightbox-enabled\"><div class=\"awb-carousel awb-swiper awb-swiper-carousel awb-carousel--carousel awb-swiper-dots-position-bottom\" data-layout=\"carousel\" data-autoplay=\"yes\" data-autoplayspeed=\"2500\" data-autoplaypause=\"no\" data-loop=\"yes\" data-columns=\"3\" data-columnsmedium=\"1\" data-columnssmall=\"1\" data-itemmargin=\"10\" data-itemwidth=\"180\" data-touchscroll=\"no\" data-freemode=\"no\" data-imagesize=\"auto\" data-scrollitems=\"0\" data-centeredslides=\"no\" data-rotationangle=\"50\" data-depth=\"100\" data-speed=\"500\" data-shadow=\"no\" data-pagination=\"bullets\" style=\"--awb-columns:3;--awb-column-spacing:10px;\"><div class=\"swiper-wrapper awb-image-carousel-wrapper fusion-flex-align-items-center\"><div class=\"swiper-slide\"><div class=\"fusion-carousel-item-wrapper\"><div class=\"fusion-image-wrapper hover-type-zoomin\"><a data-rel=\"iLightbox[image_carousel_1]\" data-title=\"Muenchen_ALS_RGB\" aria-label=\"Muenchen_ALS_RGB\" href=\"https:\/\/avt-as.eu\/wp-content\/uploads\/2024\/04\/Muenchen_ALS_RGB.jpg\" target=\"_self\"><img decoding=\"async\" width=\"1576\" height=\"718\" src=\"https:\/\/avt-as.eu\/wp-content\/uploads\/2024\/04\/Muenchen_ALS_RGB.jpg\" class=\"attachment-full size-full lazyload\" alt=\"\" srcset=\"data:image\/svg+xml,%3Csvg%20xmlns%3D%27http%3A%2F%2Fwww.w3.org%2F2000%2Fsvg%27%20width%3D%271576%27%20height%3D%27718%27%20viewBox%3D%270%200%201576%20718%27%3E%3Crect%20width%3D%271576%27%20height%3D%27718%27%20fill-opacity%3D%220%22%2F%3E%3C%2Fsvg%3E\" data-orig-src=\"https:\/\/avt-as.eu\/wp-content\/uploads\/2024\/04\/Muenchen_ALS_RGB.jpg\" data-srcset=\"https:\/\/avt-as.eu\/wp-content\/uploads\/2024\/04\/Muenchen_ALS_RGB-200x91.jpg 200w, https:\/\/avt-as.eu\/wp-content\/uploads\/2024\/04\/Muenchen_ALS_RGB-400x182.jpg 400w, https:\/\/avt-as.eu\/wp-content\/uploads\/2024\/04\/Muenchen_ALS_RGB-600x273.jpg 600w, https:\/\/avt-as.eu\/wp-content\/uploads\/2024\/04\/Muenchen_ALS_RGB-800x364.jpg 800w, https:\/\/avt-as.eu\/wp-content\/uploads\/2024\/04\/Muenchen_ALS_RGB-1200x547.jpg 1200w, https:\/\/avt-as.eu\/wp-content\/uploads\/2024\/04\/Muenchen_ALS_RGB.jpg 1576w\" data-sizes=\"auto\" \/><\/a><\/div><\/div><\/div><div class=\"swiper-slide\"><div class=\"fusion-carousel-item-wrapper\"><div class=\"fusion-image-wrapper hover-type-zoomin\"><a data-rel=\"iLightbox[image_carousel_1]\" data-title=\"Muenchen_ALS_CIR\" aria-label=\"Muenchen_ALS_CIR\" href=\"https:\/\/avt-as.eu\/wp-content\/uploads\/2024\/04\/Muenchen_ALS_CIR.jpg\" target=\"_self\"><img decoding=\"async\" width=\"1576\" height=\"718\" src=\"https:\/\/avt-as.eu\/wp-content\/uploads\/2024\/04\/Muenchen_ALS_CIR.jpg\" class=\"attachment-full size-full lazyload\" alt=\"\" srcset=\"data:image\/svg+xml,%3Csvg%20xmlns%3D%27http%3A%2F%2Fwww.w3.org%2F2000%2Fsvg%27%20width%3D%271576%27%20height%3D%27718%27%20viewBox%3D%270%200%201576%20718%27%3E%3Crect%20width%3D%271576%27%20height%3D%27718%27%20fill-opacity%3D%220%22%2F%3E%3C%2Fsvg%3E\" data-orig-src=\"https:\/\/avt-as.eu\/wp-content\/uploads\/2024\/04\/Muenchen_ALS_CIR.jpg\" data-srcset=\"https:\/\/avt-as.eu\/wp-content\/uploads\/2024\/04\/Muenchen_ALS_CIR-200x91.jpg 200w, https:\/\/avt-as.eu\/wp-content\/uploads\/2024\/04\/Muenchen_ALS_CIR-400x182.jpg 400w, https:\/\/avt-as.eu\/wp-content\/uploads\/2024\/04\/Muenchen_ALS_CIR-600x273.jpg 600w, https:\/\/avt-as.eu\/wp-content\/uploads\/2024\/04\/Muenchen_ALS_CIR-800x364.jpg 800w, https:\/\/avt-as.eu\/wp-content\/uploads\/2024\/04\/Muenchen_ALS_CIR-1200x547.jpg 1200w, https:\/\/avt-as.eu\/wp-content\/uploads\/2024\/04\/Muenchen_ALS_CIR.jpg 1576w\" data-sizes=\"auto\" \/><\/a><\/div><\/div><\/div><div class=\"swiper-slide\"><div class=\"fusion-carousel-item-wrapper\"><div class=\"fusion-image-wrapper hover-type-zoomin\"><a data-rel=\"iLightbox[image_carousel_1]\" data-title=\"Muenchen_ALS_Classification+Intensity\" aria-label=\"Muenchen_ALS_Classification+Intensity\" href=\"https:\/\/avt-as.eu\/wp-content\/uploads\/2024\/04\/Muenchen_ALS_ClassificationIntensity.jpg\" target=\"_self\"><img decoding=\"async\" width=\"2668\" height=\"1212\" src=\"https:\/\/avt-as.eu\/wp-content\/uploads\/2024\/04\/Muenchen_ALS_ClassificationIntensity.jpg\" class=\"attachment-full size-full lazyload\" alt=\"\" srcset=\"data:image\/svg+xml,%3Csvg%20xmlns%3D%27http%3A%2F%2Fwww.w3.org%2F2000%2Fsvg%27%20width%3D%272668%27%20height%3D%271212%27%20viewBox%3D%270%200%202668%201212%27%3E%3Crect%20width%3D%272668%27%20height%3D%271212%27%20fill-opacity%3D%220%22%2F%3E%3C%2Fsvg%3E\" data-orig-src=\"https:\/\/avt-as.eu\/wp-content\/uploads\/2024\/04\/Muenchen_ALS_ClassificationIntensity.jpg\" data-srcset=\"https:\/\/avt-as.eu\/wp-content\/uploads\/2024\/04\/Muenchen_ALS_ClassificationIntensity-200x91.jpg 200w, https:\/\/avt-as.eu\/wp-content\/uploads\/2024\/04\/Muenchen_ALS_ClassificationIntensity-400x182.jpg 400w, https:\/\/avt-as.eu\/wp-content\/uploads\/2024\/04\/Muenchen_ALS_ClassificationIntensity-600x273.jpg 600w, https:\/\/avt-as.eu\/wp-content\/uploads\/2024\/04\/Muenchen_ALS_ClassificationIntensity-800x363.jpg 800w, https:\/\/avt-as.eu\/wp-content\/uploads\/2024\/04\/Muenchen_ALS_ClassificationIntensity-1200x545.jpg 1200w, https:\/\/avt-as.eu\/wp-content\/uploads\/2024\/04\/Muenchen_ALS_ClassificationIntensity.jpg 2668w\" data-sizes=\"auto\" \/><\/a><\/div><\/div><\/div><\/div><div class=\"awb-swiper-button awb-swiper-button-prev\"><i class=\"awb-icon-angle-left\" aria-hidden=\"true\"><\/i><\/div><div class=\"awb-swiper-button awb-swiper-button-next\"><i class=\"awb-icon-angle-right\" aria-hidden=\"true\"><\/i><\/div><\/div><\/div><\/div><\/div><\/div><\/div><\/p>\n","protected":false},"excerpt":{"rendered":"","protected":false},"author":4,"featured_media":0,"parent":77,"menu_order":0,"comment_status":"closed","ping_status":"closed","template":"100-width.php","meta":{"_monsterinsights_skip_tracking":false,"_monsterinsights_sitenote_active":false,"_monsterinsights_sitenote_note":"","_monsterinsights_sitenote_category":0,"footnotes":""},"class_list":["post-1816","page","type-page","status-publish","hentry"],"yoast_head":"<!-- This site is optimized with the Yoast SEO plugin v27.4 - https:\/\/yoast.com\/product\/yoast-seo-wordpress\/ -->\n<title>Laserscanning und kombinierte Aufnahmen - AVT Airborne Sensing<\/title>\n<meta name=\"robots\" content=\"index, follow, max-snippet:-1, max-image-preview:large, max-video-preview:-1\" \/>\n<link rel=\"canonical\" href=\"https:\/\/avt-as.eu\/en\/products\/orthophoto-2\/\" \/>\n<meta property=\"og:locale\" content=\"en_US\" \/>\n<meta property=\"og:type\" content=\"article\" \/>\n<meta property=\"og:title\" content=\"Laserscanning und kombinierte Aufnahmen - AVT Airborne Sensing\" \/>\n<meta property=\"og:url\" content=\"https:\/\/avt-as.eu\/en\/products\/orthophoto-2\/\" \/>\n<meta property=\"og:site_name\" content=\"AVT Airborne Sensing\" \/>\n<meta property=\"article:modified_time\" content=\"2025-05-26T09:10:38+00:00\" \/>\n<meta property=\"og:image\" content=\"https:\/\/avt-as.eu\/wp-content\/uploads\/2024\/04\/Muenchen_ALS_ClassificationIntensity.jpg\" \/>\n\t<meta property=\"og:image:width\" content=\"2668\" \/>\n\t<meta property=\"og:image:height\" content=\"1212\" \/>\n\t<meta property=\"og:image:type\" content=\"image\/jpeg\" \/>\n<meta name=\"twitter:card\" content=\"summary_large_image\" \/>\n<meta name=\"twitter:label1\" content=\"Est. reading time\" \/>\n\t<meta name=\"twitter:data1\" content=\"2 minutes\" \/>\n<script type=\"application\/ld+json\" class=\"yoast-schema-graph\">{\"@context\":\"https:\\\/\\\/schema.org\",\"@graph\":[{\"@type\":\"WebPage\",\"@id\":\"https:\\\/\\\/avt-as.eu\\\/produkte\\\/laserscanning_kombinierte_aufnahmen\\\/\",\"url\":\"https:\\\/\\\/avt-as.eu\\\/produkte\\\/laserscanning_kombinierte_aufnahmen\\\/\",\"name\":\"Laserscanning und kombinierte Aufnahmen - AVT Airborne Sensing\",\"isPartOf\":{\"@id\":\"https:\\\/\\\/avt-as.eu\\\/#website\"},\"datePublished\":\"2024-04-18T13:24:27+00:00\",\"dateModified\":\"2025-05-26T09:10:38+00:00\",\"breadcrumb\":{\"@id\":\"https:\\\/\\\/avt-as.eu\\\/produkte\\\/laserscanning_kombinierte_aufnahmen\\\/#breadcrumb\"},\"inLanguage\":\"en-US\",\"potentialAction\":[{\"@type\":\"ReadAction\",\"target\":[\"https:\\\/\\\/avt-as.eu\\\/produkte\\\/laserscanning_kombinierte_aufnahmen\\\/\"]}]},{\"@type\":\"BreadcrumbList\",\"@id\":\"https:\\\/\\\/avt-as.eu\\\/produkte\\\/laserscanning_kombinierte_aufnahmen\\\/#breadcrumb\",\"itemListElement\":[{\"@type\":\"ListItem\",\"position\":1,\"name\":\"Startseite\",\"item\":\"https:\\\/\\\/avt-as.eu\\\/\"},{\"@type\":\"ListItem\",\"position\":2,\"name\":\"Produkte\",\"item\":\"https:\\\/\\\/avt-as.eu\\\/produkte\\\/\"},{\"@type\":\"ListItem\",\"position\":3,\"name\":\"Laserscanning und kombinierte Aufnahmen\"}]},{\"@type\":\"WebSite\",\"@id\":\"https:\\\/\\\/avt-as.eu\\\/#website\",\"url\":\"https:\\\/\\\/avt-as.eu\\\/\",\"name\":\"AVT Airborne Sensing\",\"description\":\"High Resolution\",\"potentialAction\":[{\"@type\":\"SearchAction\",\"target\":{\"@type\":\"EntryPoint\",\"urlTemplate\":\"https:\\\/\\\/avt-as.eu\\\/?s={search_term_string}\"},\"query-input\":{\"@type\":\"PropertyValueSpecification\",\"valueRequired\":true,\"valueName\":\"search_term_string\"}}],\"inLanguage\":\"en-US\"}]}<\/script>\n<!-- \/ Yoast SEO plugin. -->","yoast_head_json":{"title":"Laser scanning and combined images - AVT Airborne Sensing","robots":{"index":"index","follow":"follow","max-snippet":"max-snippet:-1","max-image-preview":"max-image-preview:large","max-video-preview":"max-video-preview:-1"},"canonical":"https:\/\/avt-as.eu\/en\/products\/orthophoto-2\/","og_locale":"en_US","og_type":"article","og_title":"Laserscanning und kombinierte Aufnahmen - AVT Airborne Sensing","og_url":"https:\/\/avt-as.eu\/en\/products\/orthophoto-2\/","og_site_name":"AVT Airborne Sensing","article_modified_time":"2025-05-26T09:10:38+00:00","og_image":[{"url":"https:\/\/avt-as.eu\/wp-content\/uploads\/2024\/04\/Muenchen_ALS_ClassificationIntensity.jpg","width":2668,"height":1212,"type":"image\/jpeg"}],"twitter_card":"summary_large_image","twitter_misc":{"Est. reading time":"2 minutes"},"schema":{"@context":"https:\/\/schema.org","@graph":[{"@type":"WebPage","@id":"https:\/\/avt-as.eu\/produkte\/laserscanning_kombinierte_aufnahmen\/","url":"https:\/\/avt-as.eu\/produkte\/laserscanning_kombinierte_aufnahmen\/","name":"Laser scanning and combined images - AVT Airborne Sensing","isPartOf":{"@id":"https:\/\/avt-as.eu\/#website"},"datePublished":"2024-04-18T13:24:27+00:00","dateModified":"2025-05-26T09:10:38+00:00","breadcrumb":{"@id":"https:\/\/avt-as.eu\/produkte\/laserscanning_kombinierte_aufnahmen\/#breadcrumb"},"inLanguage":"en-US","potentialAction":[{"@type":"ReadAction","target":["https:\/\/avt-as.eu\/produkte\/laserscanning_kombinierte_aufnahmen\/"]}]},{"@type":"BreadcrumbList","@id":"https:\/\/avt-as.eu\/produkte\/laserscanning_kombinierte_aufnahmen\/#breadcrumb","itemListElement":[{"@type":"ListItem","position":1,"name":"Startseite","item":"https:\/\/avt-as.eu\/"},{"@type":"ListItem","position":2,"name":"Produkte","item":"https:\/\/avt-as.eu\/produkte\/"},{"@type":"ListItem","position":3,"name":"Laserscanning und kombinierte Aufnahmen"}]},{"@type":"WebSite","@id":"https:\/\/avt-as.eu\/#website","url":"https:\/\/avt-as.eu\/","name":"AVT Airborne Sensing","description":"High Resolution","potentialAction":[{"@type":"SearchAction","target":{"@type":"EntryPoint","urlTemplate":"https:\/\/avt-as.eu\/?s={search_term_string}"},"query-input":{"@type":"PropertyValueSpecification","valueRequired":true,"valueName":"search_term_string"}}],"inLanguage":"en-US"}]}},"_links":{"self":[{"href":"https:\/\/avt-as.eu\/en\/wp-json\/wp\/v2\/pages\/1816","targetHints":{"allow":["GET"]}}],"collection":[{"href":"https:\/\/avt-as.eu\/en\/wp-json\/wp\/v2\/pages"}],"about":[{"href":"https:\/\/avt-as.eu\/en\/wp-json\/wp\/v2\/types\/page"}],"author":[{"embeddable":true,"href":"https:\/\/avt-as.eu\/en\/wp-json\/wp\/v2\/users\/4"}],"replies":[{"embeddable":true,"href":"https:\/\/avt-as.eu\/en\/wp-json\/wp\/v2\/comments?post=1816"}],"version-history":[{"count":8,"href":"https:\/\/avt-as.eu\/en\/wp-json\/wp\/v2\/pages\/1816\/revisions"}],"predecessor-version":[{"id":2379,"href":"https:\/\/avt-as.eu\/en\/wp-json\/wp\/v2\/pages\/1816\/revisions\/2379"}],"up":[{"embeddable":true,"href":"https:\/\/avt-as.eu\/en\/wp-json\/wp\/v2\/pages\/77"}],"wp:attachment":[{"href":"https:\/\/avt-as.eu\/en\/wp-json\/wp\/v2\/media?parent=1816"}],"curies":[{"name":"wp","href":"https:\/\/api.w.org\/{rel}","templated":true}]}}