{"id":1067,"date":"2022-11-09T15:04:27","date_gmt":"2022-11-09T15:04:27","guid":{"rendered":"https:\/\/avt-as.eu\/?page_id=1067"},"modified":"2025-02-18T17:16:23","modified_gmt":"2025-02-18T16:16:23","slug":"impressum-2","status":"publish","type":"page","link":"https:\/\/avt-as.eu\/it\/datenschutzerklaerung\/","title":{"rendered":"Informativa sulla privacy"},"content":{"rendered":"<p><div class=\"fusion-fullwidth fullwidth-box fusion-builder-row-1 fusion-flex-container nonhundred-percent-fullwidth non-hundred-percent-height-scrolling\" style=\"--awb-border-radius-top-left:0px;--awb-border-radius-top-right:0px;--awb-border-radius-bottom-right:0px;--awb-border-radius-bottom-left:0px;--awb-margin-bottom:40px;--awb-margin-bottom-medium:160px;--awb-margin-bottom-small:145px;--awb-flex-wrap:wrap;\" ><div class=\"fusion-builder-row fusion-row fusion-flex-align-items-flex-start fusion-flex-justify-content-center fusion-flex-content-wrap\" style=\"max-width:1456px;margin-left: calc(-4% \/ 2 );margin-right: calc(-4% \/ 2 );\"><div class=\"fusion-layout-column fusion_builder_column fusion-builder-column-0 fusion_builder_column_2_3 2_3 fusion-flex-column fusion-animated\" style=\"--awb-bg-size:cover;--awb-width-large:66.666666666667%;--awb-margin-top-large:0px;--awb-spacing-right-large:2.88%;--awb-margin-bottom-large:0px;--awb-spacing-left-large:2.88%;--awb-width-medium:75%;--awb-order-medium:0;--awb-spacing-right-medium:2.56%;--awb-spacing-left-medium:2.56%;--awb-width-small:100%;--awb-order-small:0;--awb-spacing-right-small:1.92%;--awb-spacing-left-small:1.92%;\" data-animationtype=\"fadeInDown\" data-animationduration=\"1.3\" data-animationoffset=\"top-into-view\"><div class=\"fusion-column-wrapper fusion-column-has-shadow fusion-flex-justify-content-center fusion-content-layout-column\"><div class=\"fusion-text fusion-text-1 fusion-text-no-margin\" style=\"--awb-content-alignment:center;--awb-font-size:19px;--awb-text-transform:none;--awb-text-color:var(--awb-color5);--awb-margin-bottom:15px;\"><p>AVT Airborne Sensing<\/p>\n<\/div><div class=\"fusion-text fusion-text-2\" style=\"--awb-text-transform:none;\"><h1 style=\"text-align: center;\">Informativa sulla privacy<\/h1>\n<\/div><\/div><\/div><\/div><\/div><div class=\"fusion-fullwidth fullwidth-box fusion-builder-row-2 fusion-flex-container nonhundred-percent-fullwidth non-hundred-percent-height-scrolling\" style=\"--awb-border-radius-top-left:0px;--awb-border-radius-top-right:0px;--awb-border-radius-bottom-right:0px;--awb-border-radius-bottom-left:0px;--awb-flex-wrap:wrap;\" ><div class=\"fusion-builder-row fusion-row fusion-flex-align-items-flex-start fusion-flex-content-wrap\" style=\"max-width:1456px;margin-left: calc(-4% \/ 2 );margin-right: calc(-4% \/ 2 );\"><div class=\"fusion-layout-column fusion_builder_column fusion-builder-column-1 fusion_builder_column_1_5 1_5 fusion-flex-column\" style=\"--awb-bg-size:cover;--awb-width-large:20%;--awb-margin-top-large:0px;--awb-spacing-right-large:9.6%;--awb-margin-bottom-large:0px;--awb-spacing-left-large:9.6%;--awb-width-medium:100%;--awb-order-medium:0;--awb-spacing-right-medium:1.92%;--awb-spacing-left-medium:1.92%;--awb-width-small:100%;--awb-order-small:0;--awb-spacing-right-small:1.92%;--awb-spacing-left-small:1.92%;\"><div class=\"fusion-column-wrapper fusion-column-has-shadow fusion-flex-justify-content-flex-start fusion-content-layout-column\"><\/div><\/div><div class=\"fusion-layout-column fusion_builder_column fusion-builder-column-2 fusion_builder_column_3_5 3_5 fusion-flex-column\" style=\"--awb-bg-size:cover;--awb-width-large:60%;--awb-margin-top-large:0px;--awb-spacing-right-large:3.2%;--awb-margin-bottom-large:0px;--awb-spacing-left-large:3.2%;--awb-width-medium:100%;--awb-order-medium:0;--awb-spacing-right-medium:1.92%;--awb-spacing-left-medium:1.92%;--awb-width-small:100%;--awb-order-small:0;--awb-spacing-right-small:1.92%;--awb-spacing-left-small:1.92%;\" data-scroll-devices=\"small-visibility,medium-visibility,large-visibility\"><div class=\"fusion-column-wrapper fusion-column-has-shadow fusion-flex-justify-content-flex-start fusion-content-layout-column\"><div class=\"fusion-text fusion-text-3\" style=\"--awb-text-transform:none;\"><p><strong>Nota generale e informazioni obbligatorie<\/strong><br \/>\n<strong>Designazione dell'organismo responsabile<\/strong><\/p>\n<p>Il responsabile del trattamento dei dati su questo sito web \u00e8<\/p>\n<p>AVT Airborne Sensing<br \/>\nKjersti Moe<br \/>\nAirportallee 1<br \/>\n48268 Greven<\/p>\n<p>Il responsabile del trattamento decide da solo o insieme ad altri le finalit\u00e0 e i mezzi del trattamento dei dati personali (ad esempio, nomi, dati di contatto, ecc.).<\/p>\n<p><strong>Revoca del consenso al trattamento dei dati<\/strong><\/p>\n<p>Alcune operazioni di trattamento dei dati sono possibili solo con il vostro esplicito consenso. Potete revocare il vostro consenso in qualsiasi momento. Per la revoca \u00e8 sufficiente una notifica informale via e-mail. La legalit\u00e0 del trattamento dei dati effettuato fino alla revoca rimane inalterata dalla revoca stessa.<\/p>\n<p><strong>Diritto di presentare un reclamo all'autorit\u00e0 di controllo competente<\/strong><\/p>\n<p>In qualit\u00e0 di soggetto interessato, avete il diritto di presentare un reclamo all'autorit\u00e0 di controllo competente in caso di violazione della legge sulla protezione dei dati. L'autorit\u00e0 di controllo competente per le questioni relative alla protezione dei dati \u00e8 il responsabile della protezione dei dati dello Stato federale in cui ha sede la nostra azienda. Il seguente link fornisce un elenco dei responsabili della protezione dei dati e i loro dettagli di contatto: <a href=\"https:\/\/www.bfdi.bund.de\/DE\/Infothek\/Anschriften_Links\/anschriften_links-node.html\" target=\"_blank\" rel=\"noopener\">https:\/\/www.bfdi.bund.de\/DE\/Infothek\/Anschriften_Links\/anschriften_links-node.html<\/a><\/p>\n<p><strong>Diritto alla portabilit\u00e0 dei dati<\/strong><\/p>\n<p>Avete il diritto di ottenere che i dati da noi trattati automaticamente sulla base del vostro consenso o in adempimento di un contratto vengano consegnati a voi o a terzi. I dati saranno forniti in un formato leggibile a macchina. Se richiedete il trasferimento diretto dei dati a un altro titolare del trattamento, ci\u00f2 avverr\u00e0 solo nella misura in cui ci\u00f2 sia tecnicamente possibile.<\/p>\n<p><strong>Diritto all'informazione, alla rettifica, al blocco, alla cancellazione<\/strong><\/p>\n<p>Avete il diritto di ricevere gratuitamente informazioni sui vostri dati personali memorizzati, sull'origine dei dati, sui destinatari e sullo scopo del trattamento dei dati e, se necessario, il diritto alla correzione, al blocco o alla cancellazione di tali dati in qualsiasi momento nell'ambito delle disposizioni di legge applicabili. Per ulteriori domande sul tema dei dati personali, \u00e8 possibile contattarci in qualsiasi momento utilizzando le opzioni di contatto elencate nella nota legale.<\/p>\n<p><strong>Crittografia SSL o TLS<\/strong><\/p>\n<p>Per motivi di sicurezza e per proteggere la trasmissione di contenuti riservati che ci inviate in qualit\u00e0 di gestori del sito, il nostro sito web utilizza la crittografia SSL o TLS. Ci\u00f2 significa che i dati trasmessi tramite questo sito web non possono essere letti da terzi. Una connessione criptata \u00e8 riconoscibile dalla riga dell'indirizzo \"https:\/\/\" del browser e dal simbolo del lucchetto nella riga del browser.<\/p>\n<p><strong>YouTube<\/strong><\/p>\n<p>Il nostro sito web utilizza i plugin di YouTube per integrare e visualizzare i contenuti video. Il fornitore del portale video \u00e8 YouTube, LLC, 901 Cherry Ave, San Bruno, CA 94066, USA.<br \/>\nQuando si accede a una pagina con un plugin YouTube integrato, viene stabilita una connessione ai server di YouTube. Questo comunica a YouTube quali pagine sono state visitate dall'utente.<br \/>\nYouTube pu\u00f2 assegnare il vostro comportamento di navigazione direttamente al vostro profilo personale se siete connessi al vostro account YouTube. \u00c8 possibile evitare che ci\u00f2 accada disconnettendosi prima.<br \/>\nL'utilizzo di YouTube avviene nell'interesse di una presentazione accattivante delle nostre offerte online. Ci\u00f2 costituisce un interesse legittimo ai sensi dell'art. 6 comma 1 lett. f GDPR.<br \/>\nI dettagli sul trattamento dei dati degli utenti sono disponibili nell'informativa sulla privacy di YouTube all'indirizzo: <a href=\"https:\/\/www.google.de\/intl\/de\/policies\/privacy\" target=\"_blank\" rel=\"noopener\">https:\/\/www.google.de\/intl\/de\/policies\/privacy<\/a><\/p>\n<p><strong>Biscotti<\/strong><\/p>\n<p>Il nostro sito web utilizza i cookie. Si tratta di piccoli file di testo che il browser Web memorizza sul dispositivo finale. I cookie ci aiutano a rendere il nostro sito web pi\u00f9 facile da usare, efficace e sicuro.<br \/>\nAlcuni cookie sono \"cookie di sessione\". Tali cookie vengono eliminati automaticamente al termine della sessione del browser. Altri cookie, invece, rimangono sul vostro dispositivo finch\u00e9 non li cancellate voi stessi. Questi cookie ci aiutano a riconoscervi quando tornate sul nostro sito web.<br \/>\nCon un moderno browser web \u00e8 possibile monitorare, limitare o impedire l'impostazione dei cookie. Molti browser web possono essere configurati in modo che i cookie vengano eliminati automaticamente alla chiusura del programma. La disattivazione dei cookie pu\u00f2 comportare una funzionalit\u00e0 limitata del nostro sito web.<br \/>\nL'impostazione dei cookie, necessaria per l'esecuzione dei processi di comunicazione elettronica o per la fornitura di determinate funzioni desiderate dall'utente (ad es. il carrello della spesa), avviene sulla base dell'art. 6 par. 1 lett. f GDPR. In qualit\u00e0 di gestore di questo sito web, abbiamo un interesse legittimo alla memorizzazione dei cookie per una fornitura tecnicamente priva di errori e senza intoppi dei nostri servizi. Se vengono impostati altri cookie (ad esempio per funzioni di analisi), questi vengono trattati separatamente nella presente informativa sulla privacy.<\/p>\n<p><strong>Google AdWords e Google Conversion Tracking<\/strong><\/p>\n<p>Il nostro sito web utilizza Google AdWords. Il fornitore \u00e8 Google Inc, 1600 Amphitheatre Parkway, Mountain View, CA 94043, Stati Uniti.<br \/>\nAdWords \u00e8 un programma di pubblicit\u00e0 online. Lavoriamo con il conversion tracking come parte del programma pubblicitario online. Dopo aver fatto clic su un annuncio pubblicitario pubblicato da Google, viene impostato un cookie per il monitoraggio delle conversioni. I cookie sono piccoli file di testo che il browser Web memorizza sul dispositivo finale. I cookie di Google AdWords perdono la loro validit\u00e0 dopo 30 giorni e non vengono utilizzati per identificare personalmente gli utenti. Il cookie consente a Google e a noi di riconoscere che l'utente ha fatto clic su un annuncio e che \u00e8 stato reindirizzato al nostro sito web.<br \/>\nOgni cliente di Google AdWords riceve un cookie diverso. I cookie non possono essere tracciati attraverso i siti web dei clienti AdWords. I cookie di conversione vengono utilizzati per creare statistiche di conversione per i clienti AdWords che utilizzano il conversion tracking. I clienti AdWords scoprono quanti utenti hanno fatto clic sul loro annuncio e sono stati reindirizzati a pagine con un tag di conversion tracking. Tuttavia, i clienti AdWords non ricevono alcuna informazione che consenta di identificare personalmente gli utenti. Se non si desidera partecipare al tracciamento, \u00e8 possibile opporsi al suo utilizzo. In questo caso, il cookie di conversione deve essere disattivato nelle impostazioni utente del browser. In questo modo si impedisce anche l'inclusione nelle statistiche di monitoraggio delle conversioni.<br \/>\nI \"cookie di conversione\" vengono memorizzati sulla base dell'art. 6 par. 1 lett. f GDPR. In qualit\u00e0 di gestore del sito web, abbiamo un interesse legittimo ad analizzare il comportamento degli utenti al fine di ottimizzare il nostro sito web e la nostra pubblicit\u00e0.<br \/>\nI dettagli su Google AdWords e Google Conversion Tracking sono disponibili nell'informativa sulla privacy di Google: <a href=\"https:\/\/www.google.de\/policies\/privacy\/\" target=\"_blank\" rel=\"noopener\">https:\/\/www.google.de\/policies\/privacy\/<\/a><br \/>\nCon un moderno browser web \u00e8 possibile monitorare, limitare o impedire l'impostazione dei cookie. La disattivazione dei cookie pu\u00f2 comportare una funzionalit\u00e0 limitata del nostro sito web.<\/p>\n<p><strong>Google Web Fonts<\/strong><\/p>\n<p>Il nostro sito web utilizza font web di Google. Il fornitore \u00e8 Google Inc, 1600 Amphitheatre Parkway, Mountain View, CA 94043, USA.<br \/>\nL'utilizzo di questi web font ci consente di presentarvi il nostro sito web come desideriamo, indipendentemente dai font disponibili a livello locale. Ci\u00f2 avviene tramite il recupero dei Google Web Fonts da un server di Google negli USA e il relativo trasferimento dei vostri dati a Google. Si tratta del vostro indirizzo IP e di quali pagine avete visitato. L'utilizzo di Google Web Fonts si basa sull'art. 6 comma 1 lett. f GDPR. In qualit\u00e0 di gestori di questo sito web, abbiamo un interesse legittimo alla presentazione e alla trasmissione ottimale del nostro sito web.<br \/>\nGoogle \u00e8 certificata per l'accordo di protezione dei dati USA-Europa \"Privacy Shield\". Questo accordo di protezione dei dati ha lo scopo di garantire il rispetto del livello di protezione dei dati applicabile nell'UE.<br \/>\nI dettagli su Google Web Fonts sono disponibili all'indirizzo: <a href=\"https:\/\/www.google.com\/fonts#AboutPlace:about\" target=\"_blank\" rel=\"noopener\">https:\/\/www.google.com\/fonts#AboutPlace:about<\/a> e ulteriori informazioni nell'informativa sulla privacy di Google: <a href=\"https:\/\/policies.google.com\/privacy\/partners?hl=de\" target=\"_blank\" rel=\"noopener\">https:\/\/policies.google.com\/privacy\/partners?hl=de<\/a><\/p>\n<p><strong>Fonte<\/strong>Configuratore di protezione dei dati da <a href=\"https:\/\/www.mein-datenschutzbeauftragter.de\/\" target=\"_blank\" rel=\"noopener\">my-data-protection-officer.com<\/a><\/p>\n<\/div><\/div><\/div><div class=\"fusion-layout-column fusion_builder_column fusion-builder-column-3 fusion_builder_column_1_5 1_5 fusion-flex-column\" style=\"--awb-bg-size:cover;--awb-width-large:20%;--awb-margin-top-large:0px;--awb-spacing-right-large:9.6%;--awb-margin-bottom-large:0px;--awb-spacing-left-large:9.6%;--awb-width-medium:100%;--awb-order-medium:0;--awb-spacing-right-medium:1.92%;--awb-spacing-left-medium:1.92%;--awb-width-small:100%;--awb-order-small:0;--awb-spacing-right-small:1.92%;--awb-spacing-left-small:1.92%;\"><div class=\"fusion-column-wrapper fusion-column-has-shadow fusion-flex-justify-content-flex-start fusion-content-layout-column\"><\/div><\/div><\/div><\/div><\/p>","protected":false},"excerpt":{"rendered":"","protected":false},"author":4,"featured_media":0,"parent":0,"menu_order":0,"comment_status":"closed","ping_status":"closed","template":"100-width.php","meta":{"_monsterinsights_skip_tracking":false,"_monsterinsights_sitenote_active":false,"_monsterinsights_sitenote_note":"","_monsterinsights_sitenote_category":0,"footnotes":""},"class_list":["post-1067","page","type-page","status-publish","hentry"],"yoast_head":"<!-- This site is optimized with the Yoast SEO plugin v27.4 - https:\/\/yoast.com\/product\/yoast-seo-wordpress\/ -->\n<title>Datenschutzerkl\u00e4rung - AVT Airborne Sensing<\/title>\n<meta name=\"robots\" content=\"index, follow, max-snippet:-1, max-image-preview:large, max-video-preview:-1\" \/>\n<link rel=\"canonical\" href=\"https:\/\/avt-as.eu\/it\/impressum-2\/\" \/>\n<meta property=\"og:locale\" content=\"it_IT\" \/>\n<meta property=\"og:type\" content=\"article\" \/>\n<meta property=\"og:title\" content=\"Datenschutzerkl\u00e4rung - AVT Airborne Sensing\" \/>\n<meta property=\"og:url\" content=\"https:\/\/avt-as.eu\/it\/impressum-2\/\" \/>\n<meta property=\"og:site_name\" content=\"AVT Airborne Sensing\" \/>\n<meta property=\"article:modified_time\" content=\"2025-02-18T16:16:23+00:00\" \/>\n<meta name=\"twitter:card\" content=\"summary_large_image\" \/>\n<meta name=\"twitter:label1\" content=\"Tempo di lettura stimato\" \/>\n\t<meta name=\"twitter:data1\" content=\"7 minuti\" \/>\n<script type=\"application\/ld+json\" class=\"yoast-schema-graph\">{\"@context\":\"https:\\\/\\\/schema.org\",\"@graph\":[{\"@type\":\"WebPage\",\"@id\":\"https:\\\/\\\/avt-as.eu\\\/datenschutzerklaerung\\\/\",\"url\":\"https:\\\/\\\/avt-as.eu\\\/datenschutzerklaerung\\\/\",\"name\":\"Datenschutzerkl\u00e4rung - AVT Airborne Sensing\",\"isPartOf\":{\"@id\":\"https:\\\/\\\/avt-as.eu\\\/#website\"},\"datePublished\":\"2022-11-09T15:04:27+00:00\",\"dateModified\":\"2025-02-18T16:16:23+00:00\",\"breadcrumb\":{\"@id\":\"https:\\\/\\\/avt-as.eu\\\/datenschutzerklaerung\\\/#breadcrumb\"},\"inLanguage\":\"it-IT\",\"potentialAction\":[{\"@type\":\"ReadAction\",\"target\":[\"https:\\\/\\\/avt-as.eu\\\/datenschutzerklaerung\\\/\"]}]},{\"@type\":\"BreadcrumbList\",\"@id\":\"https:\\\/\\\/avt-as.eu\\\/datenschutzerklaerung\\\/#breadcrumb\",\"itemListElement\":[{\"@type\":\"ListItem\",\"position\":1,\"name\":\"Startseite\",\"item\":\"https:\\\/\\\/avt-as.eu\\\/\"},{\"@type\":\"ListItem\",\"position\":2,\"name\":\"Datenschutzerkl\u00e4rung\"}]},{\"@type\":\"WebSite\",\"@id\":\"https:\\\/\\\/avt-as.eu\\\/#website\",\"url\":\"https:\\\/\\\/avt-as.eu\\\/\",\"name\":\"AVT Airborne Sensing\",\"description\":\"High Resolution\",\"potentialAction\":[{\"@type\":\"SearchAction\",\"target\":{\"@type\":\"EntryPoint\",\"urlTemplate\":\"https:\\\/\\\/avt-as.eu\\\/?s={search_term_string}\"},\"query-input\":{\"@type\":\"PropertyValueSpecification\",\"valueRequired\":true,\"valueName\":\"search_term_string\"}}],\"inLanguage\":\"it-IT\"}]}<\/script>\n<!-- \/ Yoast SEO plugin. -->","yoast_head_json":{"title":"Informativa sulla privacy - AVT Airborne Sensing","robots":{"index":"index","follow":"follow","max-snippet":"max-snippet:-1","max-image-preview":"max-image-preview:large","max-video-preview":"max-video-preview:-1"},"canonical":"https:\/\/avt-as.eu\/it\/impressum-2\/","og_locale":"it_IT","og_type":"article","og_title":"Datenschutzerkl\u00e4rung - AVT Airborne Sensing","og_url":"https:\/\/avt-as.eu\/it\/impressum-2\/","og_site_name":"AVT Airborne Sensing","article_modified_time":"2025-02-18T16:16:23+00:00","twitter_card":"summary_large_image","twitter_misc":{"Tempo di lettura stimato":"7 minuti"},"schema":{"@context":"https:\/\/schema.org","@graph":[{"@type":"WebPage","@id":"https:\/\/avt-as.eu\/datenschutzerklaerung\/","url":"https:\/\/avt-as.eu\/datenschutzerklaerung\/","name":"Informativa sulla privacy - AVT Airborne Sensing","isPartOf":{"@id":"https:\/\/avt-as.eu\/#website"},"datePublished":"2022-11-09T15:04:27+00:00","dateModified":"2025-02-18T16:16:23+00:00","breadcrumb":{"@id":"https:\/\/avt-as.eu\/datenschutzerklaerung\/#breadcrumb"},"inLanguage":"it-IT","potentialAction":[{"@type":"ReadAction","target":["https:\/\/avt-as.eu\/datenschutzerklaerung\/"]}]},{"@type":"BreadcrumbList","@id":"https:\/\/avt-as.eu\/datenschutzerklaerung\/#breadcrumb","itemListElement":[{"@type":"ListItem","position":1,"name":"Startseite","item":"https:\/\/avt-as.eu\/"},{"@type":"ListItem","position":2,"name":"Datenschutzerkl\u00e4rung"}]},{"@type":"WebSite","@id":"https:\/\/avt-as.eu\/#website","url":"https:\/\/avt-as.eu\/","name":"AVT Airborne Sensing","description":"Alta risoluzione","potentialAction":[{"@type":"SearchAction","target":{"@type":"EntryPoint","urlTemplate":"https:\/\/avt-as.eu\/?s={search_term_string}"},"query-input":{"@type":"PropertyValueSpecification","valueRequired":true,"valueName":"search_term_string"}}],"inLanguage":"it-IT"}]}},"_links":{"self":[{"href":"https:\/\/avt-as.eu\/it\/wp-json\/wp\/v2\/pages\/1067","targetHints":{"allow":["GET"]}}],"collection":[{"href":"https:\/\/avt-as.eu\/it\/wp-json\/wp\/v2\/pages"}],"about":[{"href":"https:\/\/avt-as.eu\/it\/wp-json\/wp\/v2\/types\/page"}],"author":[{"embeddable":true,"href":"https:\/\/avt-as.eu\/it\/wp-json\/wp\/v2\/users\/4"}],"replies":[{"embeddable":true,"href":"https:\/\/avt-as.eu\/it\/wp-json\/wp\/v2\/comments?post=1067"}],"version-history":[{"count":3,"href":"https:\/\/avt-as.eu\/it\/wp-json\/wp\/v2\/pages\/1067\/revisions"}],"predecessor-version":[{"id":2276,"href":"https:\/\/avt-as.eu\/it\/wp-json\/wp\/v2\/pages\/1067\/revisions\/2276"}],"wp:attachment":[{"href":"https:\/\/avt-as.eu\/it\/wp-json\/wp\/v2\/media?parent=1067"}],"curies":[{"name":"wp","href":"https:\/\/api.w.org\/{rel}","templated":true}]}}