{"id":2555,"date":"2025-10-29T09:23:29","date_gmt":"2025-10-29T08:23:29","guid":{"rendered":"https:\/\/avt-as.eu\/?page_id=2555"},"modified":"2025-11-02T09:29:04","modified_gmt":"2025-11-02T08:29:04","slug":"igri","status":"publish","type":"page","link":"https:\/\/avt-as.eu\/it\/ueber-uns\/kooperationen\/hygri\/","title":{"rendered":"Hygri"},"content":{"rendered":"<p><div class=\"fusion-fullwidth fullwidth-box fusion-builder-row-1 fusion-flex-container hundred-percent-fullwidth non-hundred-percent-height-scrolling\" style=\"--awb-border-radius-top-left:0px;--awb-border-radius-top-right:0px;--awb-border-radius-bottom-right:0px;--awb-border-radius-bottom-left:0px;--awb-margin-top:-60px;--awb-flex-wrap:wrap;\" ><div class=\"fusion-builder-row fusion-row fusion-flex-align-items-flex-start fusion-flex-content-wrap\" style=\"width:104% !important;max-width:104% !important;margin-left: calc(-4% \/ 2 );margin-right: calc(-4% \/ 2 );\"><div class=\"fusion-layout-column fusion_builder_column fusion-builder-column-0 fusion_builder_column_1_1 1_1 fusion-flex-column\" style=\"--awb-bg-size:cover;--awb-width-large:100%;--awb-margin-top-large:0px;--awb-spacing-right-large:1.92%;--awb-margin-bottom-large:0px;--awb-spacing-left-large:1.92%;--awb-width-medium:100%;--awb-order-medium:0;--awb-spacing-right-medium:1.92%;--awb-spacing-left-medium:1.92%;--awb-width-small:100%;--awb-order-small:0;--awb-spacing-right-small:1.92%;--awb-spacing-left-small:1.92%;\"><div class=\"fusion-column-wrapper fusion-column-has-shadow fusion-flex-justify-content-center fusion-content-layout-column\"><div class=\"fusion-section-separator section-separator triangle fusion-section-separator-1\" style=\"--awb-border-bottom:30px solid var(--awb-color5);--awb-spacer-height:30px;--awb-svg-margin-left:1.92%;--awb-svg-margin-right:1.92%;--awb-svg-margin-left-medium:1.92%;--awb-svg-margin-right-medium:1.92%;--awb-svg-margin-left-small:1.92%;--awb-svg-margin-right-small:1.92%;--awb-icon-color:var(--awb-color5);--awb-icon-top:auto;--awb-icon-bottom:-40px;\"><div class=\"fusion-section-separator-svg\"><div class=\"divider-candy-arrow bottom\" style=\"top:30px;border-top-color: var(--awb-color5);\"><\/div><div class=\"divider-candy bottom\" style=\"bottom:-50px;border-bottom:1px solid var(--awb-color5);border-left:1px solid var(--awb-color5);\"><\/div><\/div><div class=\"fusion-section-separator-spacer\"><div class=\"fusion-section-separator-spacer-height\"><\/div><\/div><\/div><\/div><\/div><\/div><\/div><div class=\"fusion-fullwidth fullwidth-box fusion-builder-row-2 fusion-flex-container nonhundred-percent-fullwidth non-hundred-percent-height-scrolling\" style=\"--awb-border-radius-top-left:0px;--awb-border-radius-top-right:0px;--awb-border-radius-bottom-right:0px;--awb-border-radius-bottom-left:0px;--awb-padding-top:120px;--awb-padding-bottom:90px;--awb-flex-wrap:wrap;\" id=\"start\" ><div class=\"fusion-builder-row fusion-row fusion-flex-align-items-flex-start fusion-flex-content-wrap\" style=\"max-width:1456px;margin-left: calc(-4% \/ 2 );margin-right: calc(-4% \/ 2 );\"><div class=\"fusion-layout-column fusion_builder_column fusion-builder-column-1 fusion_builder_column_1_5 1_5 fusion-flex-column\" style=\"--awb-bg-size:cover;--awb-width-large:20%;--awb-margin-top-large:0px;--awb-spacing-right-large:9.6%;--awb-margin-bottom-large:0px;--awb-spacing-left-large:9.6%;--awb-width-medium:100%;--awb-order-medium:0;--awb-spacing-right-medium:1.92%;--awb-spacing-left-medium:1.92%;--awb-width-small:100%;--awb-order-small:0;--awb-spacing-right-small:1.92%;--awb-spacing-left-small:1.92%;\"><div class=\"fusion-column-wrapper fusion-column-has-shadow fusion-flex-justify-content-flex-start fusion-content-layout-column\"><\/div><\/div><div class=\"fusion-layout-column fusion_builder_column fusion-builder-column-2 fusion_builder_column_3_5 3_5 fusion-flex-column\" style=\"--awb-bg-size:cover;--awb-width-large:60%;--awb-margin-top-large:0px;--awb-spacing-right-large:3.2%;--awb-margin-bottom-large:0px;--awb-spacing-left-large:3.2%;--awb-width-medium:100%;--awb-order-medium:0;--awb-spacing-right-medium:1.92%;--awb-spacing-left-medium:1.92%;--awb-width-small:100%;--awb-order-small:0;--awb-spacing-right-small:1.92%;--awb-spacing-left-small:1.92%;\"><div class=\"fusion-column-wrapper fusion-column-has-shadow fusion-flex-justify-content-flex-start fusion-content-layout-column\"><div class=\"fusion-image-element\" style=\"--awb-caption-title-font-family:var(--h2_typography-font-family);--awb-caption-title-font-weight:var(--h2_typography-font-weight);--awb-caption-title-font-style:var(--h2_typography-font-style);--awb-caption-title-size:var(--h2_typography-font-size);--awb-caption-title-transform:var(--h2_typography-text-transform);--awb-caption-title-line-height:var(--h2_typography-line-height);--awb-caption-title-letter-spacing:var(--h2_typography-letter-spacing);\"><span class=\"fusion-imageframe imageframe-none imageframe-1 hover-type-none\"><img decoding=\"async\" width=\"1200\" height=\"800\" title=\"igri\" src=\"https:\/\/avt-as.eu\/wp-content\/uploads\/2025\/10\/hygri.png\" data-orig-src=\"https:\/\/avt-as.eu\/wp-content\/uploads\/2025\/10\/hygri.png\" alt class=\"lazyload img-responsive wp-image-2556\" srcset=\"data:image\/svg+xml,%3Csvg%20xmlns%3D%27http%3A%2F%2Fwww.w3.org%2F2000%2Fsvg%27%20width%3D%271200%27%20height%3D%27800%27%20viewBox%3D%270%200%201200%20800%27%3E%3Crect%20width%3D%271200%27%20height%3D%27800%27%20fill-opacity%3D%220%22%2F%3E%3C%2Fsvg%3E\" data-srcset=\"https:\/\/avt-as.eu\/wp-content\/uploads\/2025\/10\/hygri-200x133.png 200w, https:\/\/avt-as.eu\/wp-content\/uploads\/2025\/10\/hygri-400x267.png 400w, https:\/\/avt-as.eu\/wp-content\/uploads\/2025\/10\/hygri-600x400.png 600w, https:\/\/avt-as.eu\/wp-content\/uploads\/2025\/10\/hygri-800x533.png 800w, https:\/\/avt-as.eu\/wp-content\/uploads\/2025\/10\/hygri.png 1200w\" data-sizes=\"auto\" data-orig-sizes=\"(max-width: 1024px) 100vw, (max-width: 640px) 100vw, 800px\" \/><\/span><\/div><\/div><\/div><div class=\"fusion-layout-column fusion_builder_column fusion-builder-column-3 fusion_builder_column_1_5 1_5 fusion-flex-column\" style=\"--awb-bg-size:cover;--awb-width-large:20%;--awb-margin-top-large:0px;--awb-spacing-right-large:9.6%;--awb-margin-bottom-large:0px;--awb-spacing-left-large:9.6%;--awb-width-medium:100%;--awb-order-medium:0;--awb-spacing-right-medium:1.92%;--awb-spacing-left-medium:1.92%;--awb-width-small:100%;--awb-order-small:0;--awb-spacing-right-small:1.92%;--awb-spacing-left-small:1.92%;\"><div class=\"fusion-column-wrapper fusion-column-has-shadow fusion-flex-justify-content-flex-start fusion-content-layout-column\"><\/div><\/div><div class=\"fusion-layout-column fusion_builder_column fusion-builder-column-4 fusion_builder_column_1_5 1_5 fusion-flex-column\" style=\"--awb-bg-size:cover;--awb-width-large:20%;--awb-margin-top-large:0px;--awb-spacing-right-large:9.6%;--awb-margin-bottom-large:0px;--awb-spacing-left-large:9.6%;--awb-width-medium:100%;--awb-order-medium:0;--awb-spacing-right-medium:1.92%;--awb-spacing-left-medium:1.92%;--awb-width-small:100%;--awb-order-small:0;--awb-spacing-right-small:1.92%;--awb-spacing-left-small:1.92%;\"><div class=\"fusion-column-wrapper fusion-column-has-shadow fusion-flex-justify-content-flex-start fusion-content-layout-column\"><\/div><\/div><div class=\"fusion-layout-column fusion_builder_column fusion-builder-column-5 fusion_builder_column_3_5 3_5 fusion-flex-column\" style=\"--awb-bg-size:cover;--awb-width-large:60%;--awb-margin-top-large:0px;--awb-spacing-right-large:3.2%;--awb-margin-bottom-large:0px;--awb-spacing-left-large:3.2%;--awb-width-medium:100%;--awb-order-medium:0;--awb-spacing-right-medium:1.92%;--awb-spacing-left-medium:1.92%;--awb-width-small:100%;--awb-order-small:0;--awb-spacing-right-small:1.92%;--awb-spacing-left-small:1.92%;\"><div class=\"fusion-column-wrapper fusion-column-has-shadow fusion-flex-justify-content-flex-start fusion-content-layout-column\"><div class=\"fusion-text fusion-text-1\" style=\"--awb-text-transform:none;\"><p>AVT Airborne Sensing Italia srl (AVT-ASI) partecipa al progetto ICAERUS, promosso e finanziato dall\u2019Unione Europea nell\u2019ambito del bando denominato HORIZON-CL6-2021-GOVERNANCE-01-2, incentrato specificamente sul Cluster 6 (Alimentazione, Bioeconomia, Risorse Naturali e Agricoltura), che mira a promuovere modelli di governance innovativi a supporto di sistemi alimentari sostenibili, osservazioni ambientali e soluzioni digitali per realizzare il Green Deal europeo.<\/p>\n<p>La visione di ICAERUS \u00e8 di esplorare le opportunit\u00e0 offerte dai droni e fornire un resoconto completo e interconnesso del loro potenziale e del loro impatto come veicoli multiuso nell\u2019agricoltura, nella silvicoltura e nelle aree rurali dell\u2019UE. L\u2019obiettivo di ICAERUS \u00e8 applicare, dimostrare e supportare l\u2019impiego efficace, efficiente e sicuro dei droni, nonch\u00e9 identificare i rischi e il valore aggiunto associati al loro utilizzo.<\/p>\n<p>Nella 2nd PULL Open Call di ICAERUS, AVT Airborne Sensing Italia srl ha proposto HYGRI (uav-based HYperspectral monitoring of aGRIculture) un progetto che si propone di acquisire e utilizzare immagini iperspettrali da UAV per monitorare e rilevare agenti patogeni delle piante negli alberi da frutto e visualizzare le informazioni in un sistema di supporto alle decisioni di facile utilizzo.<\/p>\n<p>Grazie alla possibilit\u00e0 di calcolare indici spettrali accurati mediante combinazione di narrow bands nel visibile e nell\u2019infrarosso vicino e all\u2019utilizzo di algoritmi di machine learning e deep learning, HYGRI rilever\u00e0 queste piante e aiuter\u00e0 gli agricoltori nel loro lavoro quotidiano, riducendo la diffusione di malattie e la necessit\u00e0 di potatura, e porter\u00e0 benefici all\u2019ambiente in cui viviamo e al cibo che mangiamo consentendo trattamenti mirati solo a piante specifiche.<\/p>\n<p>L\u2019area pilota sar\u00e0 in Trentino-Alto Adige, suddivisa in tre diversi siti:<\/p>\n<ul>\n<li>Un\u2019area adibita a vigneto, nel quale verranno monitorati gli esiti di quattro diversi sistemi di irrigazione sia dal punto di vista dell\u2019ottimizzazione del processo irriguo che relativamente all\u2019insorgenza di eventuali agenti patogeni ad esso correlati;<\/li>\n<li>Un meleto, nel quale verranno testati e monitorati vari scenari con maggiore o minore disponibilit\u00e0 di acqua in piante con diversi tipi di innesto, allo scopo di testarne la resilienza, la produttivit\u00e0 e lo stato vegetativo;<\/li>\n<li>Una coltura di fragole in cui verr\u00e0 monitorato il livello fisiologico e produttivo delle piante in terreni gi\u00e0 sfruttati da precedenti cicli colturali, per determinare interventi mirati a ridurre gli effetti dell\u2019impoverimento del terreno.<\/li>\n<\/ul>\n<p>Il know-how esistente presso AVT-ASI fornisce le basi per il funzionamento del sistema UAV e il rilevamento di piante affette da diverse malattie, ad esempio la flavescenza dorata nei vigneti, e per l\u2019analisi dello stato di salute delle piante, ma sono necessari progressi per risolvere le sfide nelle fasi di acquisizione ed elaborazione e nella scelta dell\u2019approccio di machine learning.<\/p>\n<p>Le sfide di HYGRI e come verranno affrontate<\/p>\n<p>Negli ultimi due anni AVT-ASI ha investito nell\u2019acquisto della camera iperspettrale AFX10 di Specim, e nello sviluppo dell\u2019applicazione del flusso di lavoro, che consente vari tipi di analisi in ambienti diversi. I progetti pilota condotti presso AVT-ASI hanno dimostrato che le immagini iperspettrali forniscono dati tecnologicamente avanzati, precisi e affidabili, che consentono di ottenere risultati non ottenibili con le tecnologie tradizionali. Tuttavia sono emerse alcune sfide che HYGRI si propone di risolvere:<\/p>\n<p>- la qualit\u00e0 delle immagini iperspettrali UAV dipende fortemente da fattori che generalmente non sono significativi con i sensori multispettrali, come l\u2019illuminazione solare, l\u2019orientamento delle linee di coltivazione rispetto all\u2019azimut del sole, l\u2019effetto delle ombre, le differenze temporali tra le strisce;<\/p>\n<p>- la correzione geometrica delle immagini iperspettrali presenta incertezze dovute al fatto che i software commerciali non applicano un approccio rigoroso (ad esempio la triangolazione delle immagini) come in fotogrammetria aerea tradizionale;<\/p>\n<p>- le operazioni di elaborazione dei dati sono eseguite in modo frammentato in diversi pacchetti software o script con un elevato intervento manuale;<\/p>\n<p>- la validazione dei risultati basati su UAV per il rilevamento precoce delle malattie delle piante o dello stress idrico deve essere ulteriormente studiata con ulteriori confronti con misure a terra e multi temporali;<\/p>\n<p>- la metodologia per l\u2019addestramento degli algoritmi di machine learning non permetto ancora di replicare l\u2019approccio su altre malattie o fenomeni;<\/p>\n<p>- gli strumenti di visualizzazione dei dati da voli iperspettrali non soddisfano le esigenze degli utenti non esperti.<\/p>\n<p>In questo contesto, l\u2019obiettivo principale di HYGRI \u00e8 rendere i voli UAV pi\u00f9 efficienti e ottenere immagini con una migliore qualit\u00e0, continuare la validazione degli algoritmi di machine learning con osservazioni da sensori terrestri e commercializzare i servizi. L\u2019obiettivo \u00e8 realizzato attraverso Obiettivi Specifici (OS), definiti come segue:<\/p>\n<p>OS 1: ottimizzare la pianificazione del volo e l\u2019acquisizione di immagini iperspettrali con droni, tenendo conto di impostazioni e parametri avanzati e delle condizioni di illuminazione;<\/p>\n<p>OS 2: migliorare la qualit\u00e0 delle immagini iperspettrali basate su UAV dopo la pre-elaborazione e automatizzare il flusso di lavoro;<\/p>\n<p>OS 3: migliorare le prestazioni degli algoritmi di machine learning interni per identificare precocemente le piante colpite dalla malattia, con una rigorosa validazione tramite misurazioni sul campo;<\/p>\n<p>OS 4: valutare l\u2019utilizzo della soluzione per altre applicazioni di analisi del verde (verde urbano, silvicoltura, altre malattie delle colture).<\/p>\n<p>OS 5: commercializzare i servizi di monitoraggio e il sistema di supporto alle decisioni (DSS) a livello internazionale.<\/p>\n<p>Per maggiori informazioni: <a href=\"https:\/\/icaerus.eu\/open-calls-trials\/hygri\/\" target=\"_blank\" rel=\"noopener\">https:\/\/icaerus.eu\/open-calls-trials\/hygri\/<\/a><\/p>\n<p>Approfondimento: cos\u2019\u00e8 ICAERUS?<\/p>\n<p>I droni sono una tecnologia digitale efficiente e flessibile in grado di svolgere compiti sempre pi\u00f9 complessi senza danneggiare l\u2019ambiente. Tuttavia, la loro ampia adozione nel settore agroalimentare \u00e8 stata limitata da costi, lacune conoscitive e restrizioni normative e di sicurezza.<\/p>\n<p>ICAERUS mira ad affrontare queste sfide supportando e dimostrando l\u2019impiego efficace, efficiente e sicuro dei droni in contesti pertinenti e identificando i rischi e il valore aggiunto associati al loro utilizzo. Ci\u00f2 avverr\u00e0 utilizzando 5 applicazioni specifiche dei droni in casi d\u2019uso che rappresentano le pi\u00f9 importanti finalit\u00e0 settoriali e sociali di utilizzo dei droni in Europa. ICAERUS produrr\u00e0 inoltre diversi risultati sfruttabili che offriranno un impatto positivo significativo, inclusa la piattaforma ICAERUS.<\/p>\n<p>Per saperne di pi\u00f9: <a href=\"https:\/\/icaerus.eu\/\" target=\"_blank\" rel=\"noopener\">https:\/\/icaerus.eu\/<\/a><\/p>\n<\/div><\/div><\/div><div class=\"fusion-layout-column fusion_builder_column fusion-builder-column-6 fusion_builder_column_1_5 1_5 fusion-flex-column\" style=\"--awb-bg-size:cover;--awb-width-large:20%;--awb-margin-top-large:0px;--awb-spacing-right-large:9.6%;--awb-margin-bottom-large:0px;--awb-spacing-left-large:9.6%;--awb-width-medium:100%;--awb-order-medium:0;--awb-spacing-right-medium:1.92%;--awb-spacing-left-medium:1.92%;--awb-width-small:100%;--awb-order-small:0;--awb-spacing-right-small:1.92%;--awb-spacing-left-small:1.92%;\"><div class=\"fusion-column-wrapper fusion-column-has-shadow fusion-flex-justify-content-flex-start fusion-content-layout-column\"><\/div><\/div><\/div><\/div><\/p>","protected":false},"excerpt":{"rendered":"","protected":false},"author":4,"featured_media":0,"parent":2314,"menu_order":0,"comment_status":"closed","ping_status":"closed","template":"100-width.php","meta":{"_monsterinsights_skip_tracking":false,"_monsterinsights_sitenote_active":false,"_monsterinsights_sitenote_note":"","_monsterinsights_sitenote_category":0,"footnotes":""},"class_list":["post-2555","page","type-page","status-publish","hentry"],"yoast_head":"<!-- This site is optimized with the Yoast SEO plugin v27.3 - https:\/\/yoast.com\/product\/yoast-seo-wordpress\/ -->\n<title>Hygri - AVT Airborne Sensing<\/title>\n<meta name=\"description\" content=\"Das Interreg-Projekt \u201eMAP-Rezia\u201c zielt darauf ab, das grenz\u00fcberschreitende Management der biologischen Vielfalt zu st\u00e4rken.\" \/>\n<meta name=\"robots\" content=\"index, follow, max-snippet:-1, max-image-preview:large, max-video-preview:-1\" \/>\n<link rel=\"canonical\" href=\"https:\/\/avt-as.eu\/it\/riguardo-noi\/collaborazioni\/igri\/\" \/>\n<meta property=\"og:locale\" content=\"it_IT\" \/>\n<meta property=\"og:type\" content=\"article\" \/>\n<meta property=\"og:title\" content=\"Hygri - AVT Airborne Sensing\" \/>\n<meta property=\"og:description\" content=\"Das Interreg-Projekt \u201eMAP-Rezia\u201c zielt darauf ab, das grenz\u00fcberschreitende Management der biologischen Vielfalt zu st\u00e4rken.\" \/>\n<meta property=\"og:url\" content=\"https:\/\/avt-as.eu\/it\/riguardo-noi\/collaborazioni\/igri\/\" \/>\n<meta property=\"og:site_name\" content=\"AVT Airborne Sensing\" \/>\n<meta property=\"article:modified_time\" content=\"2025-11-02T08:29:04+00:00\" \/>\n<meta property=\"og:image\" content=\"https:\/\/avt-as.eu\/wp-content\/uploads\/2025\/02\/Rezia_passo_stelvio.jpg\" \/>\n\t<meta property=\"og:image:width\" content=\"1280\" \/>\n\t<meta property=\"og:image:height\" content=\"848\" \/>\n\t<meta property=\"og:image:type\" content=\"image\/jpeg\" \/>\n<meta name=\"twitter:card\" content=\"summary_large_image\" \/>\n<meta name=\"twitter:image\" content=\"https:\/\/avt-as.eu\/wp-content\/uploads\/2024\/06\/Mesh_Wien_innenstadt2.jpg\" \/>\n<meta name=\"twitter:label1\" content=\"Tempo di lettura stimato\" \/>\n\t<meta name=\"twitter:data1\" content=\"5 minuti\" \/>\n<script type=\"application\/ld+json\" class=\"yoast-schema-graph\">{\"@context\":\"https:\\\/\\\/schema.org\",\"@graph\":[{\"@type\":\"WebPage\",\"@id\":\"https:\\\/\\\/avt-as.eu\\\/ueber-uns\\\/kooperationen\\\/hygri\\\/\",\"url\":\"https:\\\/\\\/avt-as.eu\\\/ueber-uns\\\/kooperationen\\\/hygri\\\/\",\"name\":\"Hygri - AVT Airborne Sensing\",\"isPartOf\":{\"@id\":\"https:\\\/\\\/avt-as.eu\\\/#website\"},\"datePublished\":\"2025-10-29T08:23:29+00:00\",\"dateModified\":\"2025-11-02T08:29:04+00:00\",\"description\":\"Das Interreg-Projekt \u201eMAP-Rezia\u201c zielt darauf ab, das grenz\u00fcberschreitende Management der biologischen Vielfalt zu st\u00e4rken.\",\"breadcrumb\":{\"@id\":\"https:\\\/\\\/avt-as.eu\\\/ueber-uns\\\/kooperationen\\\/hygri\\\/#breadcrumb\"},\"inLanguage\":\"it-IT\",\"potentialAction\":[{\"@type\":\"ReadAction\",\"target\":[\"https:\\\/\\\/avt-as.eu\\\/ueber-uns\\\/kooperationen\\\/hygri\\\/\"]}]},{\"@type\":\"BreadcrumbList\",\"@id\":\"https:\\\/\\\/avt-as.eu\\\/ueber-uns\\\/kooperationen\\\/hygri\\\/#breadcrumb\",\"itemListElement\":[{\"@type\":\"ListItem\",\"position\":1,\"name\":\"Startseite\",\"item\":\"https:\\\/\\\/avt-as.eu\\\/\"},{\"@type\":\"ListItem\",\"position\":2,\"name\":\"\u00dcber Uns\",\"item\":\"https:\\\/\\\/avt-as.eu\\\/ueber-uns\\\/\"},{\"@type\":\"ListItem\",\"position\":3,\"name\":\"Kooperationen\",\"item\":\"https:\\\/\\\/avt-as.eu\\\/ueber-uns\\\/kooperationen\\\/\"},{\"@type\":\"ListItem\",\"position\":4,\"name\":\"Hygri\"}]},{\"@type\":\"WebSite\",\"@id\":\"https:\\\/\\\/avt-as.eu\\\/#website\",\"url\":\"https:\\\/\\\/avt-as.eu\\\/\",\"name\":\"AVT Airborne Sensing\",\"description\":\"High Resolution\",\"potentialAction\":[{\"@type\":\"SearchAction\",\"target\":{\"@type\":\"EntryPoint\",\"urlTemplate\":\"https:\\\/\\\/avt-as.eu\\\/?s={search_term_string}\"},\"query-input\":{\"@type\":\"PropertyValueSpecification\",\"valueRequired\":true,\"valueName\":\"search_term_string\"}}],\"inLanguage\":\"it-IT\"}]}<\/script>\n<!-- \/ Yoast SEO plugin. -->","yoast_head_json":{"title":"Hygri - Rilevamento aereo AVT","description":"Il progetto Interreg \"MAP-Rezia\" mira a rafforzare la gestione transfrontaliera della biodiversit\u00e0.","robots":{"index":"index","follow":"follow","max-snippet":"max-snippet:-1","max-image-preview":"max-image-preview:large","max-video-preview":"max-video-preview:-1"},"canonical":"https:\/\/avt-as.eu\/it\/riguardo-noi\/collaborazioni\/igri\/","og_locale":"it_IT","og_type":"article","og_title":"Hygri - AVT Airborne Sensing","og_description":"Das Interreg-Projekt \u201eMAP-Rezia\u201c zielt darauf ab, das grenz\u00fcberschreitende Management der biologischen Vielfalt zu st\u00e4rken.","og_url":"https:\/\/avt-as.eu\/it\/riguardo-noi\/collaborazioni\/igri\/","og_site_name":"AVT Airborne Sensing","article_modified_time":"2025-11-02T08:29:04+00:00","og_image":[{"width":1280,"height":848,"url":"https:\/\/avt-as.eu\/wp-content\/uploads\/2025\/02\/Rezia_passo_stelvio.jpg","type":"image\/jpeg"}],"twitter_card":"summary_large_image","twitter_image":"https:\/\/avt-as.eu\/wp-content\/uploads\/2024\/06\/Mesh_Wien_innenstadt2.jpg","twitter_misc":{"Tempo di lettura stimato":"5 minuti"},"schema":{"@context":"https:\/\/schema.org","@graph":[{"@type":"WebPage","@id":"https:\/\/avt-as.eu\/ueber-uns\/kooperationen\/hygri\/","url":"https:\/\/avt-as.eu\/ueber-uns\/kooperationen\/hygri\/","name":"Hygri - Rilevamento aereo AVT","isPartOf":{"@id":"https:\/\/avt-as.eu\/#website"},"datePublished":"2025-10-29T08:23:29+00:00","dateModified":"2025-11-02T08:29:04+00:00","description":"Il progetto Interreg \"MAP-Rezia\" mira a rafforzare la gestione transfrontaliera della biodiversit\u00e0.","breadcrumb":{"@id":"https:\/\/avt-as.eu\/ueber-uns\/kooperationen\/hygri\/#breadcrumb"},"inLanguage":"it-IT","potentialAction":[{"@type":"ReadAction","target":["https:\/\/avt-as.eu\/ueber-uns\/kooperationen\/hygri\/"]}]},{"@type":"BreadcrumbList","@id":"https:\/\/avt-as.eu\/ueber-uns\/kooperationen\/hygri\/#breadcrumb","itemListElement":[{"@type":"ListItem","position":1,"name":"Startseite","item":"https:\/\/avt-as.eu\/"},{"@type":"ListItem","position":2,"name":"\u00dcber Uns","item":"https:\/\/avt-as.eu\/ueber-uns\/"},{"@type":"ListItem","position":3,"name":"Kooperationen","item":"https:\/\/avt-as.eu\/ueber-uns\/kooperationen\/"},{"@type":"ListItem","position":4,"name":"Hygri"}]},{"@type":"WebSite","@id":"https:\/\/avt-as.eu\/#website","url":"https:\/\/avt-as.eu\/","name":"AVT Airborne Sensing","description":"Alta risoluzione","potentialAction":[{"@type":"SearchAction","target":{"@type":"EntryPoint","urlTemplate":"https:\/\/avt-as.eu\/?s={search_term_string}"},"query-input":{"@type":"PropertyValueSpecification","valueRequired":true,"valueName":"search_term_string"}}],"inLanguage":"it-IT"}]}},"_links":{"self":[{"href":"https:\/\/avt-as.eu\/it\/wp-json\/wp\/v2\/pages\/2555","targetHints":{"allow":["GET"]}}],"collection":[{"href":"https:\/\/avt-as.eu\/it\/wp-json\/wp\/v2\/pages"}],"about":[{"href":"https:\/\/avt-as.eu\/it\/wp-json\/wp\/v2\/types\/page"}],"author":[{"embeddable":true,"href":"https:\/\/avt-as.eu\/it\/wp-json\/wp\/v2\/users\/4"}],"replies":[{"embeddable":true,"href":"https:\/\/avt-as.eu\/it\/wp-json\/wp\/v2\/comments?post=2555"}],"version-history":[{"count":5,"href":"https:\/\/avt-as.eu\/it\/wp-json\/wp\/v2\/pages\/2555\/revisions"}],"predecessor-version":[{"id":2567,"href":"https:\/\/avt-as.eu\/it\/wp-json\/wp\/v2\/pages\/2555\/revisions\/2567"}],"up":[{"embeddable":true,"href":"https:\/\/avt-as.eu\/it\/wp-json\/wp\/v2\/pages\/2314"}],"wp:attachment":[{"href":"https:\/\/avt-as.eu\/it\/wp-json\/wp\/v2\/media?parent=2555"}],"curies":[{"name":"wp","href":"https:\/\/api.w.org\/{rel}","templated":true}]}}