{"id":420,"date":"2022-05-16T10:44:59","date_gmt":"2022-05-16T10:44:59","guid":{"rendered":"https:\/\/as.avt.at\/?page_id=420"},"modified":"2025-05-26T10:59:49","modified_gmt":"2025-05-26T08:59:49","slug":"immagini-iperspettrali","status":"publish","type":"page","link":"https:\/\/avt-as.eu\/it\/produkte\/hyperspektrale-aufnahmen\/","title":{"rendered":"Immagini Iperspettrali"},"content":{"rendered":"<p><div class=\"fusion-fullwidth fullwidth-box fusion-builder-row-1 fusion-flex-container hundred-percent-fullwidth non-hundred-percent-height-scrolling\" style=\"--awb-border-radius-top-left:0px;--awb-border-radius-top-right:0px;--awb-border-radius-bottom-right:0px;--awb-border-radius-bottom-left:0px;--awb-margin-top:-60px;--awb-flex-wrap:wrap;\" ><div class=\"fusion-builder-row fusion-row fusion-flex-align-items-flex-start fusion-flex-content-wrap\" style=\"width:104% !important;max-width:104% !important;margin-left: calc(-4% \/ 2 );margin-right: calc(-4% \/ 2 );\"><div class=\"fusion-layout-column fusion_builder_column fusion-builder-column-0 fusion_builder_column_1_1 1_1 fusion-flex-column\" style=\"--awb-bg-size:cover;--awb-width-large:100%;--awb-margin-top-large:0px;--awb-spacing-right-large:1.92%;--awb-margin-bottom-large:0px;--awb-spacing-left-large:1.92%;--awb-width-medium:100%;--awb-order-medium:0;--awb-spacing-right-medium:1.92%;--awb-spacing-left-medium:1.92%;--awb-width-small:100%;--awb-order-small:0;--awb-spacing-right-small:1.92%;--awb-spacing-left-small:1.92%;\"><div class=\"fusion-column-wrapper fusion-column-has-shadow fusion-flex-justify-content-center fusion-content-layout-column\"><div class=\"fusion-section-separator section-separator triangle fusion-section-separator-1\" style=\"--awb-border-bottom:30px solid var(--awb-color5);--awb-spacer-height:30px;--awb-svg-margin-left:1.92%;--awb-svg-margin-right:1.92%;--awb-svg-margin-left-medium:1.92%;--awb-svg-margin-right-medium:1.92%;--awb-svg-margin-left-small:1.92%;--awb-svg-margin-right-small:1.92%;--awb-icon-color:var(--awb-color5);--awb-icon-top:auto;--awb-icon-bottom:-40px;\"><div class=\"fusion-section-separator-svg\"><div class=\"divider-candy-arrow bottom\" style=\"top:30px;border-top-color: var(--awb-color5);\"><\/div><div class=\"divider-candy bottom\" style=\"bottom:-50px;border-bottom:1px solid var(--awb-color5);border-left:1px solid var(--awb-color5);\"><\/div><\/div><div class=\"fusion-section-separator-spacer\"><div class=\"fusion-section-separator-spacer-height\"><\/div><\/div><\/div><\/div><\/div><\/div><\/div><div class=\"fusion-fullwidth fullwidth-box fusion-builder-row-2 fusion-flex-container nonhundred-percent-fullwidth non-hundred-percent-height-scrolling\" style=\"--awb-border-radius-top-left:0px;--awb-border-radius-top-right:0px;--awb-border-radius-bottom-right:0px;--awb-border-radius-bottom-left:0px;--awb-padding-top:120px;--awb-padding-bottom:90px;--awb-flex-wrap:wrap;\" id=\"start\" ><div class=\"fusion-builder-row fusion-row fusion-flex-align-items-flex-start fusion-flex-content-wrap\" style=\"max-width:1456px;margin-left: calc(-4% \/ 2 );margin-right: calc(-4% \/ 2 );\"><div class=\"fusion-layout-column fusion_builder_column fusion-builder-column-1 fusion_builder_column_1_5 1_5 fusion-flex-column\" style=\"--awb-bg-size:cover;--awb-width-large:20%;--awb-margin-top-large:0px;--awb-spacing-right-large:9.6%;--awb-margin-bottom-large:0px;--awb-spacing-left-large:9.6%;--awb-width-medium:100%;--awb-order-medium:0;--awb-spacing-right-medium:1.92%;--awb-spacing-left-medium:1.92%;--awb-width-small:100%;--awb-order-small:0;--awb-spacing-right-small:1.92%;--awb-spacing-left-small:1.92%;\"><div class=\"fusion-column-wrapper fusion-column-has-shadow fusion-flex-justify-content-flex-start fusion-content-layout-column\"><\/div><\/div><div class=\"fusion-layout-column fusion_builder_column fusion-builder-column-2 fusion_builder_column_3_5 3_5 fusion-flex-column\" style=\"--awb-bg-size:cover;--awb-width-large:60%;--awb-margin-top-large:0px;--awb-spacing-right-large:3.2%;--awb-margin-bottom-large:0px;--awb-spacing-left-large:3.2%;--awb-width-medium:100%;--awb-order-medium:0;--awb-spacing-right-medium:1.92%;--awb-spacing-left-medium:1.92%;--awb-width-small:100%;--awb-order-small:0;--awb-spacing-right-small:1.92%;--awb-spacing-left-small:1.92%;\"><div class=\"fusion-column-wrapper fusion-column-has-shadow fusion-flex-justify-content-flex-start fusion-content-layout-column\"><div class=\"fusion-text fusion-text-1\" style=\"--awb-text-transform:none;\"><h2 class=\"\" style=\"text-align: center;\" data-fontsize=\"60\" data-lineheight=\"70.2px\">Hyperspektrale Aufnahmen<\/h2>\n<\/div><\/div><\/div><div class=\"fusion-layout-column fusion_builder_column fusion-builder-column-3 fusion_builder_column_1_5 1_5 fusion-flex-column\" style=\"--awb-bg-size:cover;--awb-width-large:20%;--awb-margin-top-large:0px;--awb-spacing-right-large:9.6%;--awb-margin-bottom-large:0px;--awb-spacing-left-large:9.6%;--awb-width-medium:100%;--awb-order-medium:0;--awb-spacing-right-medium:1.92%;--awb-spacing-left-medium:1.92%;--awb-width-small:100%;--awb-order-small:0;--awb-spacing-right-small:1.92%;--awb-spacing-left-small:1.92%;\"><div class=\"fusion-column-wrapper fusion-column-has-shadow fusion-flex-justify-content-flex-start fusion-content-layout-column\"><\/div><\/div><div class=\"fusion-layout-column fusion_builder_column fusion-builder-column-4 fusion_builder_column_1_5 1_5 fusion-flex-column\" style=\"--awb-bg-size:cover;--awb-width-large:20%;--awb-margin-top-large:0px;--awb-spacing-right-large:9.6%;--awb-margin-bottom-large:0px;--awb-spacing-left-large:9.6%;--awb-width-medium:100%;--awb-order-medium:0;--awb-spacing-right-medium:1.92%;--awb-spacing-left-medium:1.92%;--awb-width-small:100%;--awb-order-small:0;--awb-spacing-right-small:1.92%;--awb-spacing-left-small:1.92%;\"><div class=\"fusion-column-wrapper fusion-column-has-shadow fusion-flex-justify-content-flex-start fusion-content-layout-column\"><\/div><\/div><div class=\"fusion-layout-column fusion_builder_column fusion-builder-column-5 fusion_builder_column_3_5 3_5 fusion-flex-column\" style=\"--awb-bg-size:cover;--awb-width-large:60%;--awb-margin-top-large:0px;--awb-spacing-right-large:3.2%;--awb-margin-bottom-large:0px;--awb-spacing-left-large:3.2%;--awb-width-medium:100%;--awb-order-medium:0;--awb-spacing-right-medium:1.92%;--awb-spacing-left-medium:1.92%;--awb-width-small:100%;--awb-order-small:0;--awb-spacing-right-small:1.92%;--awb-spacing-left-small:1.92%;\"><div class=\"fusion-column-wrapper fusion-column-has-shadow fusion-flex-justify-content-flex-start fusion-content-layout-column\"><div class=\"fusion-text fusion-text-2\" style=\"--awb-text-transform:none;\"><p><strong>Mit hyperspektralen Sensoren k\u00f6nnen Sie die von Objekten reflektierte Strahlung in Hunderten von kontinuierlichen B\u00e4ndern messen, wodurch die sogenannte &#8222;spektrale Signatur&#8220; rekonstruiert wird. Ein hyperspektrales Bild enth\u00e4lt daher in jedem Pixel, aus dem es besteht, Hunderte von Intensit\u00e4tswerten der elektromagnetischen Strahlung, die entlang des Erfassungsspektralbereichs des verwendeten Sensors verteilt sind.<\/strong><\/p>\n<p>Die Hyperspektraltechnologie hat sich in den letzten 30 Jahren weiterentwickelt und in zahlreichen Sektoren, von der Medizin \u00fcber das Milit\u00e4r bis hin zu Umweltanwendungen, Einzug erhalten. Die hyperspektralen Luftbilder erm\u00f6glichen die Aufnahme von Hunderten von Spektralb\u00e4ndern mit hoher geometrischer Aufl\u00f6sung und liefern so wichtige Daten f\u00fcr Fernerkundungsanalysen, wie zum Beispiel:<\/p>\n<ul>\n<li>Geologie: Mineralkartierung und \u00dcberwachung von verschmutzten Standorten.<\/li>\n<li>Forstwirtschaft: Kartierung von Waldarten, Identifizierung invasiver Arten, Analyse des Gesundheitszustands und Quantifizierung biophysikalischer Metriken.<\/li>\n<li>Landwirtschaft: Ermittlung von Wasserknappheit, Gesundheitszustand, Kartierung invasiver Arten und Untersuchung der Bodenqualit\u00e4t.<\/li>\n<li>st\u00e4dtisch: detaillierte Klassifizierung der auf den D\u00e4chern und B\u00f6den vorhandenen Materialien, Klassifizierung der st\u00e4dtischen Baumarten.<\/li>\n<li>Gew\u00e4sser: Wasserstress, Vorhandensein anthropogener Schadstoffe, Quantifizierung des Gehalts an Chlorophyll und organischen Substanzen.<\/li>\n<\/ul>\n<p>Vor der Analyse der hyperspektralen Bilder werden die notwendigen Vorverarbeitungsoperationen durchgef\u00fchrt, die eine radiometrische Korrektur, eine geometrische Korrektur und schlie\u00dflich eine atmosph\u00e4rische Korrektur umfassen.<\/p>\n<p>Ein Teil der auf der Webseite gezeigten Aktivit\u00e4ten wird durch das Gesetz 6\/99 der Autonomen Provinz Trient \u00fcber das <a href=\"https:\/\/avt-as.eu\/produkte\/mappis\/\">MAPPIS<\/a>-Projekt kofinanziert.<\/p>\n<\/div><\/div><\/div><div class=\"fusion-layout-column fusion_builder_column fusion-builder-column-6 fusion_builder_column_1_5 1_5 fusion-flex-column\" style=\"--awb-bg-size:cover;--awb-width-large:20%;--awb-margin-top-large:0px;--awb-spacing-right-large:9.6%;--awb-margin-bottom-large:0px;--awb-spacing-left-large:9.6%;--awb-width-medium:100%;--awb-order-medium:0;--awb-spacing-right-medium:1.92%;--awb-spacing-left-medium:1.92%;--awb-width-small:100%;--awb-order-small:0;--awb-spacing-right-small:1.92%;--awb-spacing-left-small:1.92%;\"><div class=\"fusion-column-wrapper fusion-column-has-shadow fusion-flex-justify-content-flex-start fusion-content-layout-column\"><\/div><\/div><\/div><\/div><div class=\"fusion-fullwidth fullwidth-box fusion-builder-row-3 fusion-flex-container nonhundred-percent-fullwidth non-hundred-percent-height-scrolling\" style=\"--awb-border-radius-top-left:0px;--awb-border-radius-top-right:0px;--awb-border-radius-bottom-right:0px;--awb-border-radius-bottom-left:0px;--awb-padding-top:50px;--awb-background-color:var(--awb-color4);--awb-flex-wrap:wrap;\" ><div class=\"fusion-builder-row fusion-row fusion-flex-align-items-flex-start fusion-flex-justify-content-center fusion-flex-content-wrap\" style=\"max-width:1456px;margin-left: calc(-4% \/ 2 );margin-right: calc(-4% \/ 2 );\"><div class=\"fusion-layout-column fusion_builder_column fusion-builder-column-7 fusion_builder_column_1_1 1_1 fusion-flex-column\" style=\"--awb-bg-size:cover;--awb-width-large:100%;--awb-margin-top-large:0px;--awb-spacing-right-large:1.92%;--awb-margin-bottom-large:0px;--awb-spacing-left-large:1.92%;--awb-width-medium:100%;--awb-order-medium:0;--awb-spacing-right-medium:1.92%;--awb-spacing-left-medium:1.92%;--awb-width-small:100%;--awb-order-small:0;--awb-spacing-right-small:1.92%;--awb-spacing-left-small:1.92%;\"><div class=\"fusion-column-wrapper fusion-column-has-shadow fusion-flex-justify-content-flex-start fusion-content-layout-column\"><div class=\"fusion-image-carousel fusion-image-carousel-auto fusion-image-carousel-1 lightbox-enabled\"><div class=\"awb-carousel awb-swiper awb-swiper-carousel awb-carousel--carousel awb-swiper-dots-position-bottom\" data-layout=\"carousel\" data-autoplay=\"yes\" data-autoplayspeed=\"2500\" data-autoplaypause=\"no\" data-columns=\"3\" data-columnsmedium=\"1\" data-columnssmall=\"1\" data-itemmargin=\"10\" data-itemwidth=\"180\" data-touchscroll=\"no\" data-freemode=\"no\" data-imagesize=\"auto\" data-scrollitems=\"0\" data-centeredslides=\"no\" data-rotationangle=\"50\" data-depth=\"100\" data-speed=\"500\" data-shadow=\"no\" data-pagination=\"bullets\" style=\"--awb-columns:3;--awb-column-spacing:10px;\"><div class=\"swiper-wrapper awb-image-carousel-wrapper fusion-flex-align-items-center\"><div class=\"swiper-slide\"><div class=\"fusion-carousel-item-wrapper\"><div class=\"fusion-image-wrapper hover-type-zoomin\"><a data-rel=\"iLightbox[image_carousel_1]\" data-title=\"Hyperspectral Ferrara\" aria-label=\"Hyperspectral Ferrara\" href=\"https:\/\/avt-as.eu\/wp-content\/uploads\/2023\/03\/HS_Ferrara-scaled.jpg\" target=\"_self\"><img decoding=\"async\" width=\"2560\" height=\"1706\" src=\"https:\/\/avt-as.eu\/wp-content\/uploads\/2023\/03\/HS_Ferrara-scaled.jpg\" class=\"attachment-full size-full lazyload\" alt=\"Hyperspectral Ferrara\" srcset=\"data:image\/svg+xml,%3Csvg%20xmlns%3D%27http%3A%2F%2Fwww.w3.org%2F2000%2Fsvg%27%20width%3D%272560%27%20height%3D%271706%27%20viewBox%3D%270%200%202560%201706%27%3E%3Crect%20width%3D%272560%27%20height%3D%271706%27%20fill-opacity%3D%220%22%2F%3E%3C%2Fsvg%3E\" data-orig-src=\"https:\/\/avt-as.eu\/wp-content\/uploads\/2023\/03\/HS_Ferrara-scaled.jpg\" data-srcset=\"https:\/\/avt-as.eu\/wp-content\/uploads\/2023\/03\/HS_Ferrara-200x133.jpg 200w, https:\/\/avt-as.eu\/wp-content\/uploads\/2023\/03\/HS_Ferrara-400x267.jpg 400w, https:\/\/avt-as.eu\/wp-content\/uploads\/2023\/03\/HS_Ferrara-600x400.jpg 600w, https:\/\/avt-as.eu\/wp-content\/uploads\/2023\/03\/HS_Ferrara-800x533.jpg 800w, https:\/\/avt-as.eu\/wp-content\/uploads\/2023\/03\/HS_Ferrara-1200x800.jpg 1200w, https:\/\/avt-as.eu\/wp-content\/uploads\/2023\/03\/HS_Ferrara-scaled.jpg 2560w\" data-sizes=\"auto\" \/><\/a><\/div><\/div><\/div><div class=\"swiper-slide\"><div class=\"fusion-carousel-item-wrapper\"><div class=\"fusion-image-wrapper hover-type-zoomin\"><a data-rel=\"iLightbox[image_carousel_1]\" data-title=\"2_HS_image\" aria-label=\"2_HS_image\" href=\"https:\/\/avt-as.eu\/wp-content\/uploads\/2022\/05\/2_HS_image.jpg\" target=\"_self\"><img decoding=\"async\" width=\"1200\" height=\"815\" src=\"https:\/\/avt-as.eu\/wp-content\/uploads\/2022\/05\/2_HS_image.jpg\" class=\"attachment-full size-full lazyload\" alt=\"\" srcset=\"data:image\/svg+xml,%3Csvg%20xmlns%3D%27http%3A%2F%2Fwww.w3.org%2F2000%2Fsvg%27%20width%3D%271200%27%20height%3D%27815%27%20viewBox%3D%270%200%201200%20815%27%3E%3Crect%20width%3D%271200%27%20height%3D%27815%27%20fill-opacity%3D%220%22%2F%3E%3C%2Fsvg%3E\" data-orig-src=\"https:\/\/avt-as.eu\/wp-content\/uploads\/2022\/05\/2_HS_image.jpg\" data-srcset=\"https:\/\/avt-as.eu\/wp-content\/uploads\/2022\/05\/2_HS_image-200x136.jpg 200w, https:\/\/avt-as.eu\/wp-content\/uploads\/2022\/05\/2_HS_image-400x272.jpg 400w, https:\/\/avt-as.eu\/wp-content\/uploads\/2022\/05\/2_HS_image-600x408.jpg 600w, https:\/\/avt-as.eu\/wp-content\/uploads\/2022\/05\/2_HS_image-800x543.jpg 800w, https:\/\/avt-as.eu\/wp-content\/uploads\/2022\/05\/2_HS_image.jpg 1200w\" data-sizes=\"auto\" \/><\/a><\/div><\/div><\/div><div class=\"swiper-slide\"><div class=\"fusion-carousel-item-wrapper\"><div class=\"fusion-image-wrapper hover-type-zoomin\"><a data-rel=\"iLightbox[image_carousel_1]\" data-title=\"3_HS_image\" aria-label=\"3_HS_image\" href=\"https:\/\/avt-as.eu\/wp-content\/uploads\/2022\/05\/3_HS_image.jpg\" target=\"_self\"><img decoding=\"async\" width=\"1200\" height=\"815\" src=\"https:\/\/avt-as.eu\/wp-content\/uploads\/2022\/05\/3_HS_image.jpg\" class=\"attachment-full size-full lazyload\" alt=\"\" srcset=\"data:image\/svg+xml,%3Csvg%20xmlns%3D%27http%3A%2F%2Fwww.w3.org%2F2000%2Fsvg%27%20width%3D%271200%27%20height%3D%27815%27%20viewBox%3D%270%200%201200%20815%27%3E%3Crect%20width%3D%271200%27%20height%3D%27815%27%20fill-opacity%3D%220%22%2F%3E%3C%2Fsvg%3E\" data-orig-src=\"https:\/\/avt-as.eu\/wp-content\/uploads\/2022\/05\/3_HS_image.jpg\" data-srcset=\"https:\/\/avt-as.eu\/wp-content\/uploads\/2022\/05\/3_HS_image-200x136.jpg 200w, https:\/\/avt-as.eu\/wp-content\/uploads\/2022\/05\/3_HS_image-400x272.jpg 400w, https:\/\/avt-as.eu\/wp-content\/uploads\/2022\/05\/3_HS_image-600x408.jpg 600w, https:\/\/avt-as.eu\/wp-content\/uploads\/2022\/05\/3_HS_image-800x543.jpg 800w, https:\/\/avt-as.eu\/wp-content\/uploads\/2022\/05\/3_HS_image.jpg 1200w\" data-sizes=\"auto\" \/><\/a><\/div><\/div><\/div><div class=\"swiper-slide\"><div class=\"fusion-carousel-item-wrapper\"><div class=\"fusion-image-wrapper hover-type-zoomin\"><a data-rel=\"iLightbox[image_carousel_1]\" data-title=\"HS_urban_classification_map\" aria-label=\"HS_urban_classification_map\" href=\"https:\/\/avt-as.eu\/wp-content\/uploads\/2022\/05\/HS_urban_classification_map.jpg\" target=\"_self\"><img decoding=\"async\" width=\"2560\" height=\"1707\" src=\"https:\/\/avt-as.eu\/wp-content\/uploads\/2022\/05\/HS_urban_classification_map-scaled.jpg\" class=\"attachment-full size-full lazyload\" alt=\"\" srcset=\"data:image\/svg+xml,%3Csvg%20xmlns%3D%27http%3A%2F%2Fwww.w3.org%2F2000%2Fsvg%27%20width%3D%272560%27%20height%3D%271707%27%20viewBox%3D%270%200%202560%201707%27%3E%3Crect%20width%3D%272560%27%20height%3D%271707%27%20fill-opacity%3D%220%22%2F%3E%3C%2Fsvg%3E\" data-orig-src=\"https:\/\/avt-as.eu\/wp-content\/uploads\/2022\/05\/HS_urban_classification_map-scaled.jpg\" data-srcset=\"https:\/\/avt-as.eu\/wp-content\/uploads\/2022\/05\/HS_urban_classification_map-200x133.jpg 200w, https:\/\/avt-as.eu\/wp-content\/uploads\/2022\/05\/HS_urban_classification_map-400x267.jpg 400w, https:\/\/avt-as.eu\/wp-content\/uploads\/2022\/05\/HS_urban_classification_map-600x400.jpg 600w, https:\/\/avt-as.eu\/wp-content\/uploads\/2022\/05\/HS_urban_classification_map-800x533.jpg 800w, https:\/\/avt-as.eu\/wp-content\/uploads\/2022\/05\/HS_urban_classification_map-1200x800.jpg 1200w, https:\/\/avt-as.eu\/wp-content\/uploads\/2022\/05\/HS_urban_classification_map-scaled.jpg 2560w\" data-sizes=\"auto\" \/><\/a><\/div><\/div><\/div><\/div><div class=\"awb-swiper-button awb-swiper-button-prev\"><i class=\"awb-icon-angle-left\" aria-hidden=\"true\"><\/i><\/div><div class=\"awb-swiper-button awb-swiper-button-next\"><i class=\"awb-icon-angle-right\" aria-hidden=\"true\"><\/i><\/div><\/div><\/div><\/div><\/div><\/div><\/div><\/p>\n","protected":false},"excerpt":{"rendered":"","protected":false},"author":3,"featured_media":0,"parent":77,"menu_order":0,"comment_status":"closed","ping_status":"closed","template":"100-width.php","meta":{"_monsterinsights_skip_tracking":false,"_monsterinsights_sitenote_active":false,"_monsterinsights_sitenote_note":"","_monsterinsights_sitenote_category":0,"footnotes":""},"class_list":["post-420","page","type-page","status-publish","hentry"],"yoast_head":"<!-- This site is optimized with the Yoast SEO plugin v27.3 - https:\/\/yoast.com\/product\/yoast-seo-wordpress\/ -->\n<title>Hyperspektrale Aufnahmen - AVT Airborne Sensing<\/title>\n<meta name=\"description\" content=\"Mit hyperspektralen Sensoren k\u00f6nnen Sie die von Objekten reflektierte Strahlung in Hunderten von kontinuierlichen B\u00e4ndern messen.\" \/>\n<meta name=\"robots\" content=\"index, follow, max-snippet:-1, max-image-preview:large, max-video-preview:-1\" \/>\n<link rel=\"canonical\" href=\"https:\/\/avt-as.eu\/it\/prodotti\/immagini-iperspettrali\/\" \/>\n<meta property=\"og:locale\" content=\"it_IT\" \/>\n<meta property=\"og:type\" content=\"article\" \/>\n<meta property=\"og:title\" content=\"Hyperspektrale Aufnahmen - AVT Airborne Sensing\" \/>\n<meta property=\"og:description\" content=\"Mit hyperspektralen Sensoren k\u00f6nnen Sie die von Objekten reflektierte Strahlung in Hunderten von kontinuierlichen B\u00e4ndern messen.\" \/>\n<meta property=\"og:url\" content=\"https:\/\/avt-as.eu\/it\/prodotti\/immagini-iperspettrali\/\" \/>\n<meta property=\"og:site_name\" content=\"AVT Airborne Sensing\" \/>\n<meta property=\"article:modified_time\" content=\"2025-05-26T08:59:49+00:00\" \/>\n<meta name=\"twitter:card\" content=\"summary_large_image\" \/>\n<meta name=\"twitter:label1\" content=\"Tempo di lettura stimato\" \/>\n\t<meta name=\"twitter:data1\" content=\"3 minuti\" \/>\n<script type=\"application\/ld+json\" class=\"yoast-schema-graph\">{\"@context\":\"https:\\\/\\\/schema.org\",\"@graph\":[{\"@type\":\"WebPage\",\"@id\":\"https:\\\/\\\/avt-as.eu\\\/produkte\\\/hyperspektrale-aufnahmen\\\/\",\"url\":\"https:\\\/\\\/avt-as.eu\\\/produkte\\\/hyperspektrale-aufnahmen\\\/\",\"name\":\"Hyperspektrale Aufnahmen - AVT Airborne Sensing\",\"isPartOf\":{\"@id\":\"https:\\\/\\\/avt-as.eu\\\/#website\"},\"datePublished\":\"2022-05-16T10:44:59+00:00\",\"dateModified\":\"2025-05-26T08:59:49+00:00\",\"description\":\"Mit hyperspektralen Sensoren k\u00f6nnen Sie die von Objekten reflektierte Strahlung in Hunderten von kontinuierlichen B\u00e4ndern messen.\",\"breadcrumb\":{\"@id\":\"https:\\\/\\\/avt-as.eu\\\/produkte\\\/hyperspektrale-aufnahmen\\\/#breadcrumb\"},\"inLanguage\":\"it-IT\",\"potentialAction\":[{\"@type\":\"ReadAction\",\"target\":[\"https:\\\/\\\/avt-as.eu\\\/produkte\\\/hyperspektrale-aufnahmen\\\/\"]}]},{\"@type\":\"BreadcrumbList\",\"@id\":\"https:\\\/\\\/avt-as.eu\\\/produkte\\\/hyperspektrale-aufnahmen\\\/#breadcrumb\",\"itemListElement\":[{\"@type\":\"ListItem\",\"position\":1,\"name\":\"Startseite\",\"item\":\"https:\\\/\\\/avt-as.eu\\\/\"},{\"@type\":\"ListItem\",\"position\":2,\"name\":\"Produkte\",\"item\":\"https:\\\/\\\/avt-as.eu\\\/produkte\\\/\"},{\"@type\":\"ListItem\",\"position\":3,\"name\":\"Hyperspektrale Aufnahmen\"}]},{\"@type\":\"WebSite\",\"@id\":\"https:\\\/\\\/avt-as.eu\\\/#website\",\"url\":\"https:\\\/\\\/avt-as.eu\\\/\",\"name\":\"AVT Airborne Sensing\",\"description\":\"High Resolution\",\"potentialAction\":[{\"@type\":\"SearchAction\",\"target\":{\"@type\":\"EntryPoint\",\"urlTemplate\":\"https:\\\/\\\/avt-as.eu\\\/?s={search_term_string}\"},\"query-input\":{\"@type\":\"PropertyValueSpecification\",\"valueRequired\":true,\"valueName\":\"search_term_string\"}}],\"inLanguage\":\"it-IT\"}]}<\/script>\n<!-- \/ Yoast SEO plugin. -->","yoast_head_json":{"title":"Immagini iperspettrali - AVT Airborne Sensing","description":"Con i sensori iperspettrali \u00e8 possibile misurare la radiazione riflessa dagli oggetti in centinaia di bande continue.","robots":{"index":"index","follow":"follow","max-snippet":"max-snippet:-1","max-image-preview":"max-image-preview:large","max-video-preview":"max-video-preview:-1"},"canonical":"https:\/\/avt-as.eu\/it\/prodotti\/immagini-iperspettrali\/","og_locale":"it_IT","og_type":"article","og_title":"Hyperspektrale Aufnahmen - AVT Airborne Sensing","og_description":"Mit hyperspektralen Sensoren k\u00f6nnen Sie die von Objekten reflektierte Strahlung in Hunderten von kontinuierlichen B\u00e4ndern messen.","og_url":"https:\/\/avt-as.eu\/it\/prodotti\/immagini-iperspettrali\/","og_site_name":"AVT Airborne Sensing","article_modified_time":"2025-05-26T08:59:49+00:00","twitter_card":"summary_large_image","twitter_misc":{"Tempo di lettura stimato":"3 minuti"},"schema":{"@context":"https:\/\/schema.org","@graph":[{"@type":"WebPage","@id":"https:\/\/avt-as.eu\/produkte\/hyperspektrale-aufnahmen\/","url":"https:\/\/avt-as.eu\/produkte\/hyperspektrale-aufnahmen\/","name":"Immagini iperspettrali - AVT Airborne Sensing","isPartOf":{"@id":"https:\/\/avt-as.eu\/#website"},"datePublished":"2022-05-16T10:44:59+00:00","dateModified":"2025-05-26T08:59:49+00:00","description":"Con i sensori iperspettrali \u00e8 possibile misurare la radiazione riflessa dagli oggetti in centinaia di bande continue.","breadcrumb":{"@id":"https:\/\/avt-as.eu\/produkte\/hyperspektrale-aufnahmen\/#breadcrumb"},"inLanguage":"it-IT","potentialAction":[{"@type":"ReadAction","target":["https:\/\/avt-as.eu\/produkte\/hyperspektrale-aufnahmen\/"]}]},{"@type":"BreadcrumbList","@id":"https:\/\/avt-as.eu\/produkte\/hyperspektrale-aufnahmen\/#breadcrumb","itemListElement":[{"@type":"ListItem","position":1,"name":"Startseite","item":"https:\/\/avt-as.eu\/"},{"@type":"ListItem","position":2,"name":"Produkte","item":"https:\/\/avt-as.eu\/produkte\/"},{"@type":"ListItem","position":3,"name":"Hyperspektrale Aufnahmen"}]},{"@type":"WebSite","@id":"https:\/\/avt-as.eu\/#website","url":"https:\/\/avt-as.eu\/","name":"AVT Airborne Sensing","description":"Alta risoluzione","potentialAction":[{"@type":"SearchAction","target":{"@type":"EntryPoint","urlTemplate":"https:\/\/avt-as.eu\/?s={search_term_string}"},"query-input":{"@type":"PropertyValueSpecification","valueRequired":true,"valueName":"search_term_string"}}],"inLanguage":"it-IT"}]}},"_links":{"self":[{"href":"https:\/\/avt-as.eu\/it\/wp-json\/wp\/v2\/pages\/420","targetHints":{"allow":["GET"]}}],"collection":[{"href":"https:\/\/avt-as.eu\/it\/wp-json\/wp\/v2\/pages"}],"about":[{"href":"https:\/\/avt-as.eu\/it\/wp-json\/wp\/v2\/types\/page"}],"author":[{"embeddable":true,"href":"https:\/\/avt-as.eu\/it\/wp-json\/wp\/v2\/users\/3"}],"replies":[{"embeddable":true,"href":"https:\/\/avt-as.eu\/it\/wp-json\/wp\/v2\/comments?post=420"}],"version-history":[{"count":9,"href":"https:\/\/avt-as.eu\/it\/wp-json\/wp\/v2\/pages\/420\/revisions"}],"predecessor-version":[{"id":2372,"href":"https:\/\/avt-as.eu\/it\/wp-json\/wp\/v2\/pages\/420\/revisions\/2372"}],"up":[{"embeddable":true,"href":"https:\/\/avt-as.eu\/it\/wp-json\/wp\/v2\/pages\/77"}],"wp:attachment":[{"href":"https:\/\/avt-as.eu\/it\/wp-json\/wp\/v2\/media?parent=420"}],"curies":[{"name":"wp","href":"https:\/\/api.w.org\/{rel}","templated":true}]}}