{"id":48,"date":"2022-01-21T07:57:03","date_gmt":"2022-01-21T07:57:03","guid":{"rendered":"https:\/\/as.avt.at\/?page_id=48"},"modified":"2022-08-19T07:53:39","modified_gmt":"2022-08-19T07:53:39","slug":"ortofoto","status":"publish","type":"page","link":"https:\/\/avt-as.eu\/it\/produkte\/orthophoto\/","title":{"rendered":"Ortofoto"},"content":{"rendered":"<p><div class=\"fusion-fullwidth fullwidth-box fusion-builder-row-1 fusion-flex-container hundred-percent-fullwidth non-hundred-percent-height-scrolling\" style=\"--awb-border-radius-top-left:0px;--awb-border-radius-top-right:0px;--awb-border-radius-bottom-right:0px;--awb-border-radius-bottom-left:0px;--awb-margin-top:-60px;--awb-flex-wrap:wrap;\" ><div class=\"fusion-builder-row fusion-row fusion-flex-align-items-flex-start fusion-flex-content-wrap\" style=\"width:104% !important;max-width:104% !important;margin-left: calc(-4% \/ 2 );margin-right: calc(-4% \/ 2 );\"><div class=\"fusion-layout-column fusion_builder_column fusion-builder-column-0 fusion_builder_column_1_1 1_1 fusion-flex-column\" style=\"--awb-bg-size:cover;--awb-width-large:100%;--awb-margin-top-large:0px;--awb-spacing-right-large:1.92%;--awb-margin-bottom-large:0px;--awb-spacing-left-large:1.92%;--awb-width-medium:100%;--awb-order-medium:0;--awb-spacing-right-medium:1.92%;--awb-spacing-left-medium:1.92%;--awb-width-small:100%;--awb-order-small:0;--awb-spacing-right-small:1.92%;--awb-spacing-left-small:1.92%;\"><div class=\"fusion-column-wrapper fusion-column-has-shadow fusion-flex-justify-content-center fusion-content-layout-column\"><div class=\"fusion-section-separator section-separator triangle fusion-section-separator-1\" style=\"--awb-border-bottom:30px solid var(--awb-color5);--awb-spacer-height:30px;--awb-svg-margin-left:1.92%;--awb-svg-margin-right:1.92%;--awb-svg-margin-left-medium:1.92%;--awb-svg-margin-right-medium:1.92%;--awb-svg-margin-left-small:1.92%;--awb-svg-margin-right-small:1.92%;--awb-icon-color:var(--awb-color5);--awb-icon-top:auto;--awb-icon-bottom:-40px;\"><div class=\"fusion-section-separator-svg\"><div class=\"divider-candy-arrow bottom\" style=\"top:30px;border-top-color: var(--awb-color5);\"><\/div><div class=\"divider-candy bottom\" style=\"bottom:-50px;border-bottom:1px solid var(--awb-color5);border-left:1px solid var(--awb-color5);\"><\/div><\/div><div class=\"fusion-section-separator-spacer\"><div class=\"fusion-section-separator-spacer-height\"><\/div><\/div><\/div><\/div><\/div><\/div><\/div><div class=\"fusion-fullwidth fullwidth-box fusion-builder-row-2 fusion-flex-container nonhundred-percent-fullwidth non-hundred-percent-height-scrolling\" style=\"--awb-border-radius-top-left:0px;--awb-border-radius-top-right:0px;--awb-border-radius-bottom-right:0px;--awb-border-radius-bottom-left:0px;--awb-padding-top:120px;--awb-padding-bottom:90px;--awb-flex-wrap:wrap;\" id=\"start\" ><div class=\"fusion-builder-row fusion-row fusion-flex-align-items-flex-start fusion-flex-content-wrap\" style=\"max-width:1456px;margin-left: calc(-4% \/ 2 );margin-right: calc(-4% \/ 2 );\"><div class=\"fusion-layout-column fusion_builder_column fusion-builder-column-1 fusion_builder_column_1_5 1_5 fusion-flex-column\" style=\"--awb-bg-size:cover;--awb-width-large:20%;--awb-margin-top-large:0px;--awb-spacing-right-large:9.6%;--awb-margin-bottom-large:0px;--awb-spacing-left-large:9.6%;--awb-width-medium:100%;--awb-order-medium:0;--awb-spacing-right-medium:1.92%;--awb-spacing-left-medium:1.92%;--awb-width-small:100%;--awb-order-small:0;--awb-spacing-right-small:1.92%;--awb-spacing-left-small:1.92%;\"><div class=\"fusion-column-wrapper fusion-column-has-shadow fusion-flex-justify-content-flex-start fusion-content-layout-column\"><\/div><\/div><div class=\"fusion-layout-column fusion_builder_column fusion-builder-column-2 fusion_builder_column_3_5 3_5 fusion-flex-column\" style=\"--awb-bg-size:cover;--awb-width-large:60%;--awb-margin-top-large:0px;--awb-spacing-right-large:3.2%;--awb-margin-bottom-large:0px;--awb-spacing-left-large:3.2%;--awb-width-medium:100%;--awb-order-medium:0;--awb-spacing-right-medium:1.92%;--awb-spacing-left-medium:1.92%;--awb-width-small:100%;--awb-order-small:0;--awb-spacing-right-small:1.92%;--awb-spacing-left-small:1.92%;\"><div class=\"fusion-column-wrapper fusion-column-has-shadow fusion-flex-justify-content-flex-start fusion-content-layout-column\"><div class=\"fusion-text fusion-text-1\" style=\"--awb-text-transform:none;\"><h2 class=\"\" style=\"text-align: center;\" data-fontsize=\"60\" data-lineheight=\"70.2px\">Orthophoto<\/h2>\n<\/div><\/div><\/div><div class=\"fusion-layout-column fusion_builder_column fusion-builder-column-3 fusion_builder_column_1_5 1_5 fusion-flex-column\" style=\"--awb-bg-size:cover;--awb-width-large:20%;--awb-margin-top-large:0px;--awb-spacing-right-large:9.6%;--awb-margin-bottom-large:0px;--awb-spacing-left-large:9.6%;--awb-width-medium:100%;--awb-order-medium:0;--awb-spacing-right-medium:1.92%;--awb-spacing-left-medium:1.92%;--awb-width-small:100%;--awb-order-small:0;--awb-spacing-right-small:1.92%;--awb-spacing-left-small:1.92%;\"><div class=\"fusion-column-wrapper fusion-column-has-shadow fusion-flex-justify-content-flex-start fusion-content-layout-column\"><\/div><\/div><div class=\"fusion-layout-column fusion_builder_column fusion-builder-column-4 fusion_builder_column_1_5 1_5 fusion-flex-column\" style=\"--awb-bg-size:cover;--awb-width-large:20%;--awb-margin-top-large:0px;--awb-spacing-right-large:9.6%;--awb-margin-bottom-large:0px;--awb-spacing-left-large:9.6%;--awb-width-medium:100%;--awb-order-medium:0;--awb-spacing-right-medium:1.92%;--awb-spacing-left-medium:1.92%;--awb-width-small:100%;--awb-order-small:0;--awb-spacing-right-small:1.92%;--awb-spacing-left-small:1.92%;\"><div class=\"fusion-column-wrapper fusion-column-has-shadow fusion-flex-justify-content-flex-start fusion-content-layout-column\"><\/div><\/div><div class=\"fusion-layout-column fusion_builder_column fusion-builder-column-5 fusion_builder_column_3_5 3_5 fusion-flex-column\" style=\"--awb-bg-size:cover;--awb-width-large:60%;--awb-margin-top-large:0px;--awb-spacing-right-large:3.2%;--awb-margin-bottom-large:0px;--awb-spacing-left-large:3.2%;--awb-width-medium:100%;--awb-order-medium:0;--awb-spacing-right-medium:1.92%;--awb-spacing-left-medium:1.92%;--awb-width-small:100%;--awb-order-small:0;--awb-spacing-right-small:1.92%;--awb-spacing-left-small:1.92%;\"><div class=\"fusion-column-wrapper fusion-column-has-shadow fusion-flex-justify-content-flex-start fusion-content-layout-column\"><div class=\"fusion-text fusion-text-2\" style=\"--awb-text-transform:none;\"><p><strong>Ganz allgemein versteht man unter einem Orthophoto ein Foto mit der Geometrie einer Karte.<\/strong><\/p>\n<p>Orthophotos werden aus vielen einzelnen, orientierten Luftbildern erstellt. Die Luftbilder werden dabei anhand eines digitalen H\u00f6henmodells entzerrt und durch geeignete \u00dcberg\u00e4nge sowie Farbanpassung zwischen den Einzelluftbildern zu einem homogenen Orthophotomosaik zusammengef\u00fcgt.<\/p>\n<p>Grunds\u00e4tzlich produzieren wir Orthophotos mit Aufl\u00f6sungen von 2cm bis 20cm. Vor allem die Nachfrage nach hochaufl\u00f6senden Orthophotos im Bereich von 5cm ist in den letzten Jahren stark angestiegen. Sie erleichtern die Arbeit in der Verwaltung, werden in GIS-Systeme integriert und aus ihnen k\u00f6nnen viele verschiedene Folgeprodukte erstellt werden.<\/p>\n<p>Zus\u00e4tzlich zu den konventionellen (gel\u00e4ndemodell-basierten) Orthophotos, produzieren wir auch bildsturzfreie (oberfl\u00e4chenmodell-basierte) <a href=\"https:\/\/avt-as.eu\/produkte\/true-orthophoto\/\">True-Orthophotos<\/a>.<\/p>\n<\/div><\/div><\/div><div class=\"fusion-layout-column fusion_builder_column fusion-builder-column-6 fusion_builder_column_1_5 1_5 fusion-flex-column\" style=\"--awb-bg-size:cover;--awb-width-large:20%;--awb-margin-top-large:0px;--awb-spacing-right-large:9.6%;--awb-margin-bottom-large:0px;--awb-spacing-left-large:9.6%;--awb-width-medium:100%;--awb-order-medium:0;--awb-spacing-right-medium:1.92%;--awb-spacing-left-medium:1.92%;--awb-width-small:100%;--awb-order-small:0;--awb-spacing-right-small:1.92%;--awb-spacing-left-small:1.92%;\"><div class=\"fusion-column-wrapper fusion-column-has-shadow fusion-flex-justify-content-flex-start fusion-content-layout-column\"><\/div><\/div><\/div><\/div><div class=\"fusion-fullwidth fullwidth-box fusion-builder-row-3 fusion-flex-container nonhundred-percent-fullwidth non-hundred-percent-height-scrolling\" style=\"--awb-border-radius-top-left:0px;--awb-border-radius-top-right:0px;--awb-border-radius-bottom-right:0px;--awb-border-radius-bottom-left:0px;--awb-padding-top:50px;--awb-background-color:var(--awb-color4);--awb-flex-wrap:wrap;\" ><div class=\"fusion-builder-row fusion-row fusion-flex-align-items-flex-start fusion-flex-justify-content-center fusion-flex-content-wrap\" style=\"max-width:1456px;margin-left: calc(-4% \/ 2 );margin-right: calc(-4% \/ 2 );\"><div class=\"fusion-layout-column fusion_builder_column fusion-builder-column-7 fusion_builder_column_1_1 1_1 fusion-flex-column\" style=\"--awb-bg-size:cover;--awb-width-large:100%;--awb-margin-top-large:0px;--awb-spacing-right-large:1.92%;--awb-margin-bottom-large:0px;--awb-spacing-left-large:1.92%;--awb-width-medium:100%;--awb-order-medium:0;--awb-spacing-right-medium:1.92%;--awb-spacing-left-medium:1.92%;--awb-width-small:100%;--awb-order-small:0;--awb-spacing-right-small:1.92%;--awb-spacing-left-small:1.92%;\"><div class=\"fusion-column-wrapper fusion-column-has-shadow fusion-flex-justify-content-flex-start fusion-content-layout-column\"><div class=\"fusion-image-carousel fusion-image-carousel-auto fusion-image-carousel-1 lightbox-enabled\"><div class=\"awb-carousel awb-swiper awb-swiper-carousel awb-carousel--carousel awb-swiper-dots-position-bottom\" data-layout=\"carousel\" data-autoplay=\"yes\" data-autoplayspeed=\"2500\" data-autoplaypause=\"no\" data-columns=\"3\" data-columnsmedium=\"1\" data-columnssmall=\"1\" data-itemmargin=\"10\" data-itemwidth=\"180\" data-touchscroll=\"no\" data-freemode=\"no\" data-imagesize=\"auto\" data-scrollitems=\"0\" data-centeredslides=\"no\" data-rotationangle=\"50\" data-depth=\"100\" data-speed=\"500\" data-shadow=\"no\" data-pagination=\"bullets\" style=\"--awb-columns:3;--awb-column-spacing:10px;\"><div class=\"swiper-wrapper awb-image-carousel-wrapper fusion-flex-align-items-center\"><div class=\"swiper-slide\"><div class=\"fusion-carousel-item-wrapper\"><div class=\"fusion-image-wrapper hover-type-zoomin\"><a data-rel=\"iLightbox[image_carousel_1]\" data-title=\"DOP_1_B\" aria-label=\"DOP_1_B\" href=\"https:\/\/avt-as.eu\/wp-content\/uploads\/2022\/01\/DOP_1_B.jpg\" target=\"_self\"><img decoding=\"async\" width=\"1200\" height=\"627\" src=\"https:\/\/avt-as.eu\/wp-content\/uploads\/2022\/01\/DOP_1_B.jpg\" class=\"attachment-full size-full lazyload\" alt=\"\" srcset=\"data:image\/svg+xml,%3Csvg%20xmlns%3D%27http%3A%2F%2Fwww.w3.org%2F2000%2Fsvg%27%20width%3D%271200%27%20height%3D%27627%27%20viewBox%3D%270%200%201200%20627%27%3E%3Crect%20width%3D%271200%27%20height%3D%27627%27%20fill-opacity%3D%220%22%2F%3E%3C%2Fsvg%3E\" data-orig-src=\"https:\/\/avt-as.eu\/wp-content\/uploads\/2022\/01\/DOP_1_B.jpg\" data-srcset=\"https:\/\/avt-as.eu\/wp-content\/uploads\/2022\/01\/DOP_1_B-200x105.jpg 200w, https:\/\/avt-as.eu\/wp-content\/uploads\/2022\/01\/DOP_1_B-400x209.jpg 400w, https:\/\/avt-as.eu\/wp-content\/uploads\/2022\/01\/DOP_1_B-600x314.jpg 600w, https:\/\/avt-as.eu\/wp-content\/uploads\/2022\/01\/DOP_1_B-800x418.jpg 800w, https:\/\/avt-as.eu\/wp-content\/uploads\/2022\/01\/DOP_1_B.jpg 1200w\" data-sizes=\"auto\" \/><\/a><\/div><\/div><\/div><div class=\"swiper-slide\"><div class=\"fusion-carousel-item-wrapper\"><div class=\"fusion-image-wrapper hover-type-zoomin\"><a data-rel=\"iLightbox[image_carousel_1]\" data-title=\"DOP_2_B\" aria-label=\"DOP_2_B\" href=\"https:\/\/avt-as.eu\/wp-content\/uploads\/2022\/01\/DOP_2_B.jpg\" target=\"_self\"><img decoding=\"async\" width=\"1200\" height=\"627\" src=\"https:\/\/avt-as.eu\/wp-content\/uploads\/2022\/01\/DOP_2_B.jpg\" class=\"attachment-full size-full lazyload\" alt=\"\" srcset=\"data:image\/svg+xml,%3Csvg%20xmlns%3D%27http%3A%2F%2Fwww.w3.org%2F2000%2Fsvg%27%20width%3D%271200%27%20height%3D%27627%27%20viewBox%3D%270%200%201200%20627%27%3E%3Crect%20width%3D%271200%27%20height%3D%27627%27%20fill-opacity%3D%220%22%2F%3E%3C%2Fsvg%3E\" data-orig-src=\"https:\/\/avt-as.eu\/wp-content\/uploads\/2022\/01\/DOP_2_B.jpg\" data-srcset=\"https:\/\/avt-as.eu\/wp-content\/uploads\/2022\/01\/DOP_2_B-200x105.jpg 200w, https:\/\/avt-as.eu\/wp-content\/uploads\/2022\/01\/DOP_2_B-400x209.jpg 400w, https:\/\/avt-as.eu\/wp-content\/uploads\/2022\/01\/DOP_2_B-600x314.jpg 600w, https:\/\/avt-as.eu\/wp-content\/uploads\/2022\/01\/DOP_2_B-800x418.jpg 800w, https:\/\/avt-as.eu\/wp-content\/uploads\/2022\/01\/DOP_2_B.jpg 1200w\" data-sizes=\"auto\" \/><\/a><\/div><\/div><\/div><div class=\"swiper-slide\"><div class=\"fusion-carousel-item-wrapper\"><div class=\"fusion-image-wrapper hover-type-zoomin\"><a data-rel=\"iLightbox[image_carousel_1]\" data-title=\"DOP_3_B\" aria-label=\"DOP_3_B\" href=\"https:\/\/avt-as.eu\/wp-content\/uploads\/2022\/01\/DOP_3_B.jpg\" target=\"_self\"><img decoding=\"async\" width=\"1200\" height=\"627\" src=\"https:\/\/avt-as.eu\/wp-content\/uploads\/2022\/01\/DOP_3_B.jpg\" class=\"attachment-full size-full lazyload\" alt=\"\" srcset=\"data:image\/svg+xml,%3Csvg%20xmlns%3D%27http%3A%2F%2Fwww.w3.org%2F2000%2Fsvg%27%20width%3D%271200%27%20height%3D%27627%27%20viewBox%3D%270%200%201200%20627%27%3E%3Crect%20width%3D%271200%27%20height%3D%27627%27%20fill-opacity%3D%220%22%2F%3E%3C%2Fsvg%3E\" data-orig-src=\"https:\/\/avt-as.eu\/wp-content\/uploads\/2022\/01\/DOP_3_B.jpg\" data-srcset=\"https:\/\/avt-as.eu\/wp-content\/uploads\/2022\/01\/DOP_3_B-200x105.jpg 200w, https:\/\/avt-as.eu\/wp-content\/uploads\/2022\/01\/DOP_3_B-400x209.jpg 400w, https:\/\/avt-as.eu\/wp-content\/uploads\/2022\/01\/DOP_3_B-600x314.jpg 600w, https:\/\/avt-as.eu\/wp-content\/uploads\/2022\/01\/DOP_3_B-800x418.jpg 800w, https:\/\/avt-as.eu\/wp-content\/uploads\/2022\/01\/DOP_3_B.jpg 1200w\" data-sizes=\"auto\" \/><\/a><\/div><\/div><\/div><div class=\"swiper-slide\"><div class=\"fusion-carousel-item-wrapper\"><div class=\"fusion-image-wrapper hover-type-zoomin\"><a data-rel=\"iLightbox[image_carousel_1]\" data-title=\"DOP_4_B\" aria-label=\"DOP_4_B\" href=\"https:\/\/avt-as.eu\/wp-content\/uploads\/2022\/01\/DOP_4_B.jpg\" target=\"_self\"><img decoding=\"async\" width=\"1200\" height=\"627\" src=\"https:\/\/avt-as.eu\/wp-content\/uploads\/2022\/01\/DOP_4_B.jpg\" class=\"attachment-full size-full lazyload\" alt=\"\" srcset=\"data:image\/svg+xml,%3Csvg%20xmlns%3D%27http%3A%2F%2Fwww.w3.org%2F2000%2Fsvg%27%20width%3D%271200%27%20height%3D%27627%27%20viewBox%3D%270%200%201200%20627%27%3E%3Crect%20width%3D%271200%27%20height%3D%27627%27%20fill-opacity%3D%220%22%2F%3E%3C%2Fsvg%3E\" data-orig-src=\"https:\/\/avt-as.eu\/wp-content\/uploads\/2022\/01\/DOP_4_B.jpg\" data-srcset=\"https:\/\/avt-as.eu\/wp-content\/uploads\/2022\/01\/DOP_4_B-200x105.jpg 200w, https:\/\/avt-as.eu\/wp-content\/uploads\/2022\/01\/DOP_4_B-400x209.jpg 400w, https:\/\/avt-as.eu\/wp-content\/uploads\/2022\/01\/DOP_4_B-600x314.jpg 600w, https:\/\/avt-as.eu\/wp-content\/uploads\/2022\/01\/DOP_4_B-800x418.jpg 800w, https:\/\/avt-as.eu\/wp-content\/uploads\/2022\/01\/DOP_4_B.jpg 1200w\" data-sizes=\"auto\" \/><\/a><\/div><\/div><\/div><div class=\"swiper-slide\"><div class=\"fusion-carousel-item-wrapper\"><div class=\"fusion-image-wrapper hover-type-zoomin\"><a data-rel=\"iLightbox[image_carousel_1]\" data-title=\"DOP_5_B\" aria-label=\"DOP_5_B\" href=\"https:\/\/avt-as.eu\/wp-content\/uploads\/2022\/01\/DOP_5_B.jpg\" target=\"_self\"><img decoding=\"async\" width=\"1200\" height=\"627\" src=\"https:\/\/avt-as.eu\/wp-content\/uploads\/2022\/01\/DOP_5_B.jpg\" class=\"attachment-full size-full lazyload\" alt=\"\" srcset=\"data:image\/svg+xml,%3Csvg%20xmlns%3D%27http%3A%2F%2Fwww.w3.org%2F2000%2Fsvg%27%20width%3D%271200%27%20height%3D%27627%27%20viewBox%3D%270%200%201200%20627%27%3E%3Crect%20width%3D%271200%27%20height%3D%27627%27%20fill-opacity%3D%220%22%2F%3E%3C%2Fsvg%3E\" data-orig-src=\"https:\/\/avt-as.eu\/wp-content\/uploads\/2022\/01\/DOP_5_B.jpg\" data-srcset=\"https:\/\/avt-as.eu\/wp-content\/uploads\/2022\/01\/DOP_5_B-200x105.jpg 200w, https:\/\/avt-as.eu\/wp-content\/uploads\/2022\/01\/DOP_5_B-400x209.jpg 400w, https:\/\/avt-as.eu\/wp-content\/uploads\/2022\/01\/DOP_5_B-600x314.jpg 600w, https:\/\/avt-as.eu\/wp-content\/uploads\/2022\/01\/DOP_5_B-800x418.jpg 800w, https:\/\/avt-as.eu\/wp-content\/uploads\/2022\/01\/DOP_5_B.jpg 1200w\" data-sizes=\"auto\" \/><\/a><\/div><\/div><\/div><div class=\"swiper-slide\"><div class=\"fusion-carousel-item-wrapper\"><div class=\"fusion-image-wrapper hover-type-zoomin\"><a data-rel=\"iLightbox[image_carousel_1]\" data-title=\"DOP_6_B\" aria-label=\"DOP_6_B\" href=\"https:\/\/avt-as.eu\/wp-content\/uploads\/2022\/01\/DOP_6_B.jpg\" target=\"_self\"><img decoding=\"async\" width=\"1200\" height=\"627\" src=\"https:\/\/avt-as.eu\/wp-content\/uploads\/2022\/01\/DOP_6_B.jpg\" class=\"attachment-full size-full lazyload\" alt=\"\" srcset=\"data:image\/svg+xml,%3Csvg%20xmlns%3D%27http%3A%2F%2Fwww.w3.org%2F2000%2Fsvg%27%20width%3D%271200%27%20height%3D%27627%27%20viewBox%3D%270%200%201200%20627%27%3E%3Crect%20width%3D%271200%27%20height%3D%27627%27%20fill-opacity%3D%220%22%2F%3E%3C%2Fsvg%3E\" data-orig-src=\"https:\/\/avt-as.eu\/wp-content\/uploads\/2022\/01\/DOP_6_B.jpg\" data-srcset=\"https:\/\/avt-as.eu\/wp-content\/uploads\/2022\/01\/DOP_6_B-200x105.jpg 200w, https:\/\/avt-as.eu\/wp-content\/uploads\/2022\/01\/DOP_6_B-400x209.jpg 400w, https:\/\/avt-as.eu\/wp-content\/uploads\/2022\/01\/DOP_6_B-600x314.jpg 600w, https:\/\/avt-as.eu\/wp-content\/uploads\/2022\/01\/DOP_6_B-800x418.jpg 800w, https:\/\/avt-as.eu\/wp-content\/uploads\/2022\/01\/DOP_6_B.jpg 1200w\" data-sizes=\"auto\" \/><\/a><\/div><\/div><\/div><\/div><div class=\"awb-swiper-button awb-swiper-button-prev\"><i class=\"awb-icon-angle-left\" aria-hidden=\"true\"><\/i><\/div><div class=\"awb-swiper-button awb-swiper-button-next\"><i class=\"awb-icon-angle-right\" aria-hidden=\"true\"><\/i><\/div><\/div><\/div><\/div><\/div><\/div><\/div><\/p>\n","protected":false},"excerpt":{"rendered":"","protected":false},"author":3,"featured_media":0,"parent":77,"menu_order":0,"comment_status":"closed","ping_status":"closed","template":"100-width.php","meta":{"_monsterinsights_skip_tracking":false,"_monsterinsights_sitenote_active":false,"_monsterinsights_sitenote_note":"","_monsterinsights_sitenote_category":0,"footnotes":""},"class_list":["post-48","page","type-page","status-publish","hentry"],"yoast_head":"<!-- This site is optimized with the Yoast SEO plugin v27.3 - https:\/\/yoast.com\/product\/yoast-seo-wordpress\/ -->\n<title>Orthophoto - AVT Airborne Sensing<\/title>\n<meta name=\"robots\" content=\"index, follow, max-snippet:-1, max-image-preview:large, max-video-preview:-1\" \/>\n<link rel=\"canonical\" href=\"https:\/\/avt-as.eu\/it\/prodotti\/ortofoto\/\" \/>\n<meta property=\"og:locale\" content=\"it_IT\" \/>\n<meta property=\"og:type\" content=\"article\" \/>\n<meta property=\"og:title\" content=\"Orthophoto - AVT Airborne Sensing\" \/>\n<meta property=\"og:url\" content=\"https:\/\/avt-as.eu\/it\/prodotti\/ortofoto\/\" \/>\n<meta property=\"og:site_name\" content=\"AVT Airborne Sensing\" \/>\n<meta property=\"article:modified_time\" content=\"2022-08-19T07:53:39+00:00\" \/>\n<meta name=\"twitter:card\" content=\"summary_large_image\" \/>\n<meta name=\"twitter:label1\" content=\"Tempo di lettura stimato\" \/>\n\t<meta name=\"twitter:data1\" content=\"8 minuti\" \/>\n<script type=\"application\/ld+json\" class=\"yoast-schema-graph\">{\"@context\":\"https:\\\/\\\/schema.org\",\"@graph\":[{\"@type\":\"WebPage\",\"@id\":\"https:\\\/\\\/avt-as.eu\\\/produkte\\\/orthophoto\\\/\",\"url\":\"https:\\\/\\\/avt-as.eu\\\/produkte\\\/orthophoto\\\/\",\"name\":\"Orthophoto - AVT Airborne Sensing\",\"isPartOf\":{\"@id\":\"https:\\\/\\\/avt-as.eu\\\/#website\"},\"datePublished\":\"2022-01-21T07:57:03+00:00\",\"dateModified\":\"2022-08-19T07:53:39+00:00\",\"breadcrumb\":{\"@id\":\"https:\\\/\\\/avt-as.eu\\\/produkte\\\/orthophoto\\\/#breadcrumb\"},\"inLanguage\":\"it-IT\",\"potentialAction\":[{\"@type\":\"ReadAction\",\"target\":[\"https:\\\/\\\/avt-as.eu\\\/produkte\\\/orthophoto\\\/\"]}]},{\"@type\":\"BreadcrumbList\",\"@id\":\"https:\\\/\\\/avt-as.eu\\\/produkte\\\/orthophoto\\\/#breadcrumb\",\"itemListElement\":[{\"@type\":\"ListItem\",\"position\":1,\"name\":\"Startseite\",\"item\":\"https:\\\/\\\/avt-as.eu\\\/\"},{\"@type\":\"ListItem\",\"position\":2,\"name\":\"Produkte\",\"item\":\"https:\\\/\\\/avt-as.eu\\\/produkte\\\/\"},{\"@type\":\"ListItem\",\"position\":3,\"name\":\"Orthophoto\"}]},{\"@type\":\"WebSite\",\"@id\":\"https:\\\/\\\/avt-as.eu\\\/#website\",\"url\":\"https:\\\/\\\/avt-as.eu\\\/\",\"name\":\"AVT Airborne Sensing\",\"description\":\"High Resolution\",\"potentialAction\":[{\"@type\":\"SearchAction\",\"target\":{\"@type\":\"EntryPoint\",\"urlTemplate\":\"https:\\\/\\\/avt-as.eu\\\/?s={search_term_string}\"},\"query-input\":{\"@type\":\"PropertyValueSpecification\",\"valueRequired\":true,\"valueName\":\"search_term_string\"}}],\"inLanguage\":\"it-IT\"}]}<\/script>\n<!-- \/ Yoast SEO plugin. -->","yoast_head_json":{"title":"Ortofoto - Rilevamento aviotrasportato AVT","robots":{"index":"index","follow":"follow","max-snippet":"max-snippet:-1","max-image-preview":"max-image-preview:large","max-video-preview":"max-video-preview:-1"},"canonical":"https:\/\/avt-as.eu\/it\/prodotti\/ortofoto\/","og_locale":"it_IT","og_type":"article","og_title":"Orthophoto - AVT Airborne Sensing","og_url":"https:\/\/avt-as.eu\/it\/prodotti\/ortofoto\/","og_site_name":"AVT Airborne Sensing","article_modified_time":"2022-08-19T07:53:39+00:00","twitter_card":"summary_large_image","twitter_misc":{"Tempo di lettura stimato":"8 minuti"},"schema":{"@context":"https:\/\/schema.org","@graph":[{"@type":"WebPage","@id":"https:\/\/avt-as.eu\/produkte\/orthophoto\/","url":"https:\/\/avt-as.eu\/produkte\/orthophoto\/","name":"Ortofoto - Rilevamento aviotrasportato AVT","isPartOf":{"@id":"https:\/\/avt-as.eu\/#website"},"datePublished":"2022-01-21T07:57:03+00:00","dateModified":"2022-08-19T07:53:39+00:00","breadcrumb":{"@id":"https:\/\/avt-as.eu\/produkte\/orthophoto\/#breadcrumb"},"inLanguage":"it-IT","potentialAction":[{"@type":"ReadAction","target":["https:\/\/avt-as.eu\/produkte\/orthophoto\/"]}]},{"@type":"BreadcrumbList","@id":"https:\/\/avt-as.eu\/produkte\/orthophoto\/#breadcrumb","itemListElement":[{"@type":"ListItem","position":1,"name":"Startseite","item":"https:\/\/avt-as.eu\/"},{"@type":"ListItem","position":2,"name":"Produkte","item":"https:\/\/avt-as.eu\/produkte\/"},{"@type":"ListItem","position":3,"name":"Orthophoto"}]},{"@type":"WebSite","@id":"https:\/\/avt-as.eu\/#website","url":"https:\/\/avt-as.eu\/","name":"AVT Airborne Sensing","description":"Alta risoluzione","potentialAction":[{"@type":"SearchAction","target":{"@type":"EntryPoint","urlTemplate":"https:\/\/avt-as.eu\/?s={search_term_string}"},"query-input":{"@type":"PropertyValueSpecification","valueRequired":true,"valueName":"search_term_string"}}],"inLanguage":"it-IT"}]}},"_links":{"self":[{"href":"https:\/\/avt-as.eu\/it\/wp-json\/wp\/v2\/pages\/48","targetHints":{"allow":["GET"]}}],"collection":[{"href":"https:\/\/avt-as.eu\/it\/wp-json\/wp\/v2\/pages"}],"about":[{"href":"https:\/\/avt-as.eu\/it\/wp-json\/wp\/v2\/types\/page"}],"author":[{"embeddable":true,"href":"https:\/\/avt-as.eu\/it\/wp-json\/wp\/v2\/users\/3"}],"replies":[{"embeddable":true,"href":"https:\/\/avt-as.eu\/it\/wp-json\/wp\/v2\/comments?post=48"}],"version-history":[{"count":32,"href":"https:\/\/avt-as.eu\/it\/wp-json\/wp\/v2\/pages\/48\/revisions"}],"predecessor-version":[{"id":830,"href":"https:\/\/avt-as.eu\/it\/wp-json\/wp\/v2\/pages\/48\/revisions\/830"}],"up":[{"embeddable":true,"href":"https:\/\/avt-as.eu\/it\/wp-json\/wp\/v2\/pages\/77"}],"wp:attachment":[{"href":"https:\/\/avt-as.eu\/it\/wp-json\/wp\/v2\/media?parent=48"}],"curies":[{"name":"wp","href":"https:\/\/api.w.org\/{rel}","templated":true}]}}