{"id":728,"date":"2022-07-20T07:20:44","date_gmt":"2022-07-20T07:20:44","guid":{"rendered":"https:\/\/as.avt.at\/?page_id=728"},"modified":"2024-10-23T14:26:34","modified_gmt":"2024-10-23T12:26:34","slug":"capturecat","status":"publish","type":"page","link":"https:\/\/avt-as.eu\/it\/produkte\/measuree\/","title":{"rendered":"misura"},"content":{"rendered":"<p><div class=\"fusion-fullwidth fullwidth-box fusion-builder-row-1 fusion-flex-container hundred-percent-fullwidth non-hundred-percent-height-scrolling\" style=\"--awb-border-radius-top-left:0px;--awb-border-radius-top-right:0px;--awb-border-radius-bottom-right:0px;--awb-border-radius-bottom-left:0px;--awb-margin-top:-60px;--awb-flex-wrap:wrap;\" ><div class=\"fusion-builder-row fusion-row fusion-flex-align-items-flex-start fusion-flex-content-wrap\" style=\"width:104% !important;max-width:104% !important;margin-left: calc(-4% \/ 2 );margin-right: calc(-4% \/ 2 );\"><div class=\"fusion-layout-column fusion_builder_column fusion-builder-column-0 fusion_builder_column_1_1 1_1 fusion-flex-column\" style=\"--awb-bg-size:cover;--awb-width-large:100%;--awb-margin-top-large:0px;--awb-spacing-right-large:1.92%;--awb-margin-bottom-large:0px;--awb-spacing-left-large:1.92%;--awb-width-medium:100%;--awb-order-medium:0;--awb-spacing-right-medium:1.92%;--awb-spacing-left-medium:1.92%;--awb-width-small:100%;--awb-order-small:0;--awb-spacing-right-small:1.92%;--awb-spacing-left-small:1.92%;\"><div class=\"fusion-column-wrapper fusion-column-has-shadow fusion-flex-justify-content-flex-start fusion-content-layout-column\"><\/div><\/div><div class=\"fusion-layout-column fusion_builder_column fusion-builder-column-1 fusion_builder_column_1_1 1_1 fusion-flex-column\" style=\"--awb-bg-size:cover;--awb-width-large:100%;--awb-margin-top-large:0px;--awb-spacing-right-large:1.92%;--awb-margin-bottom-large:0px;--awb-spacing-left-large:1.92%;--awb-width-medium:100%;--awb-order-medium:0;--awb-spacing-right-medium:1.92%;--awb-spacing-left-medium:1.92%;--awb-width-small:100%;--awb-order-small:0;--awb-spacing-right-small:1.92%;--awb-spacing-left-small:1.92%;\"><div class=\"fusion-column-wrapper fusion-column-has-shadow fusion-flex-justify-content-center fusion-content-layout-column\"><div class=\"fusion-section-separator section-separator triangle fusion-section-separator-1\" style=\"--awb-border-bottom:30px solid var(--awb-color5);--awb-spacer-height:30px;--awb-svg-margin-left:1.92%;--awb-svg-margin-right:1.92%;--awb-svg-margin-left-medium:1.92%;--awb-svg-margin-right-medium:1.92%;--awb-svg-margin-left-small:1.92%;--awb-svg-margin-right-small:1.92%;--awb-icon-color:var(--awb-color5);--awb-icon-top:auto;--awb-icon-bottom:-40px;\"><div class=\"fusion-section-separator-svg\"><div class=\"divider-candy-arrow bottom\" style=\"top:30px;border-top-color: var(--awb-color5);\"><\/div><div class=\"divider-candy bottom\" style=\"bottom:-50px;border-bottom:1px solid var(--awb-color5);border-left:1px solid var(--awb-color5);\"><\/div><\/div><div class=\"fusion-section-separator-spacer\"><div class=\"fusion-section-separator-spacer-height\"><\/div><\/div><\/div><\/div><\/div><\/div><\/div><div class=\"fusion-fullwidth fullwidth-box fusion-builder-row-2 fusion-flex-container nonhundred-percent-fullwidth non-hundred-percent-height-scrolling\" style=\"--awb-border-radius-top-left:0px;--awb-border-radius-top-right:0px;--awb-border-radius-bottom-right:0px;--awb-border-radius-bottom-left:0px;--awb-padding-top:120px;--awb-padding-bottom:50px;--awb-flex-wrap:wrap;\" id=\"start\" ><div class=\"fusion-builder-row fusion-row fusion-flex-align-items-flex-start fusion-flex-content-wrap\" style=\"max-width:1456px;margin-left: calc(-4% \/ 2 );margin-right: calc(-4% \/ 2 );\"><div class=\"fusion-layout-column fusion_builder_column fusion-builder-column-2 fusion_builder_column_1_5 1_5 fusion-flex-column\" style=\"--awb-bg-size:cover;--awb-width-large:20%;--awb-margin-top-large:0px;--awb-spacing-right-large:9.6%;--awb-margin-bottom-large:0px;--awb-spacing-left-large:9.6%;--awb-width-medium:100%;--awb-order-medium:0;--awb-spacing-right-medium:1.92%;--awb-spacing-left-medium:1.92%;--awb-width-small:100%;--awb-order-small:0;--awb-spacing-right-small:1.92%;--awb-spacing-left-small:1.92%;\"><div class=\"fusion-column-wrapper fusion-column-has-shadow fusion-flex-justify-content-flex-start fusion-content-layout-column\"><\/div><\/div><div class=\"fusion-layout-column fusion_builder_column fusion-builder-column-3 fusion_builder_column_3_5 3_5 fusion-flex-column\" style=\"--awb-bg-size:cover;--awb-width-large:60%;--awb-margin-top-large:0px;--awb-spacing-right-large:3.2%;--awb-margin-bottom-large:0px;--awb-spacing-left-large:3.2%;--awb-width-medium:100%;--awb-order-medium:0;--awb-spacing-right-medium:1.92%;--awb-spacing-left-medium:1.92%;--awb-width-small:100%;--awb-order-small:0;--awb-spacing-right-small:1.92%;--awb-spacing-left-small:1.92%;\"><div class=\"fusion-column-wrapper fusion-column-has-shadow fusion-flex-justify-content-flex-start fusion-content-layout-column\"><div class=\"fusion-text fusion-text-1\" style=\"--awb-text-transform:none;\"><p><strong><a href=\"https:\/\/measuree.net\/\" target=\"_blank\" rel=\"noopener\"><i>measuree<\/i><\/a>\u00a0ist ein browserbasiertes Werkzeug f\u00fcr vermessungstechnische Anwendungsbereiche auf Basis von Schr\u00e4gluftbildern.<\/strong><\/p>\n<p>Voraussetzung f\u00fcr die Nutzung von <em>measuree<\/em>\u00a0sind ein Browser, ein installierter Webserver und Luftbilder, die aus einer Senkrecht- oder Multiperspektiv-Befliegung (Senkrecht- und Schr\u00e4g-Luftbilder) mit einem beliebigen Flugger\u00e4t (bemannt oder nicht bemannt) stammen.<\/p>\n<\/div><\/div><\/div><div class=\"fusion-layout-column fusion_builder_column fusion-builder-column-4 fusion_builder_column_1_5 1_5 fusion-flex-column\" style=\"--awb-bg-size:cover;--awb-width-large:20%;--awb-margin-top-large:0px;--awb-spacing-right-large:9.6%;--awb-margin-bottom-large:0px;--awb-spacing-left-large:9.6%;--awb-width-medium:100%;--awb-order-medium:0;--awb-spacing-right-medium:1.92%;--awb-spacing-left-medium:1.92%;--awb-width-small:100%;--awb-order-small:0;--awb-spacing-right-small:1.92%;--awb-spacing-left-small:1.92%;\"><div class=\"fusion-column-wrapper fusion-column-has-shadow fusion-flex-justify-content-flex-start fusion-content-layout-column\"><\/div><\/div><\/div><\/div><div class=\"fusion-fullwidth fullwidth-box fusion-builder-row-3 fusion-flex-container nonhundred-percent-fullwidth non-hundred-percent-height-scrolling\" style=\"--awb-border-radius-top-left:0px;--awb-border-radius-top-right:0px;--awb-border-radius-bottom-right:0px;--awb-border-radius-bottom-left:0px;--awb-padding-top:50px;--awb-padding-bottom:50px;--awb-background-color:var(--awb-color4);--awb-flex-wrap:wrap;\" ><div class=\"fusion-builder-row fusion-row fusion-flex-align-items-flex-start fusion-flex-justify-content-center fusion-flex-content-wrap\" style=\"max-width:1456px;margin-left: calc(-4% \/ 2 );margin-right: calc(-4% \/ 2 );\"><div class=\"fusion-layout-column fusion_builder_column fusion-builder-column-5 fusion_builder_column_1_5 1_5 fusion-flex-column\" style=\"--awb-bg-size:cover;--awb-width-large:20%;--awb-margin-top-large:0px;--awb-spacing-right-large:9.6%;--awb-margin-bottom-large:0px;--awb-spacing-left-large:9.6%;--awb-width-medium:100%;--awb-order-medium:0;--awb-spacing-right-medium:1.92%;--awb-spacing-left-medium:1.92%;--awb-width-small:100%;--awb-order-small:0;--awb-spacing-right-small:1.92%;--awb-spacing-left-small:1.92%;\"><div class=\"fusion-column-wrapper fusion-column-has-shadow fusion-flex-justify-content-flex-start fusion-content-layout-column\"><\/div><\/div><div class=\"fusion-layout-column fusion_builder_column fusion-builder-column-6 fusion_builder_column_3_5 3_5 fusion-flex-column\" style=\"--awb-bg-size:cover;--awb-width-large:60%;--awb-margin-top-large:0px;--awb-spacing-right-large:3.2%;--awb-margin-bottom-large:0px;--awb-spacing-left-large:3.2%;--awb-width-medium:100%;--awb-order-medium:0;--awb-spacing-right-medium:1.92%;--awb-spacing-left-medium:1.92%;--awb-width-small:100%;--awb-order-small:0;--awb-spacing-right-small:1.92%;--awb-spacing-left-small:1.92%;\"><div class=\"fusion-column-wrapper fusion-column-has-shadow fusion-flex-justify-content-flex-start fusion-content-layout-column\"><div class=\"fusion-text fusion-text-2\" style=\"--awb-text-transform:none;\"><p>Mittels <em>measuree <\/em>(siehe Abbildung) k\u00f6nnen komplexe Vermessungstechnische Aufgaben in einer browserbasierten Software gel\u00f6st werden. Solche Aufgaben werden in der Regel durch Vermessungstechniker im Feld oder durch stereoskopisches Messen mittels photogrammetrischer Spezial-Soft- und Hardware im B\u00fcro durchgef\u00fchrt.<\/p>\n<p>Die vier Schr\u00e4gansichten sowie die Senkrechtansicht der Luftbilder sind synchron im Browser visualisiert. Durch einfaches Klicken auf den Objektpunkt sind photogrammetrische Messungen in den Senkrecht- und Schr\u00e4gbildern m\u00f6glich. Diese erfolgen durch Identifikation eines Objektpunkts in zwei oder mehr Bildern und Verschnitt der dadurch entstehenden Sichtstrahlen. Daher ist keine photogrammetrische Expertise bzw. F\u00e4higkeit zum stereoskopischen Messen erforderlich um Vermessungen am Computer durchf\u00fchren zu k\u00f6nnen.<\/p>\n<\/div><div class=\"fusion-separator fusion-full-width-sep\" style=\"align-self: center;margin-left: auto;margin-right: auto;margin-bottom:50px;width:100%;\"><\/div><div class=\"fusion-image-element \" style=\"--awb-caption-title-font-family:var(--h2_typography-font-family);--awb-caption-title-font-weight:var(--h2_typography-font-weight);--awb-caption-title-font-style:var(--h2_typography-font-style);--awb-caption-title-size:var(--h2_typography-font-size);--awb-caption-title-transform:var(--h2_typography-text-transform);--awb-caption-title-line-height:var(--h2_typography-line-height);--awb-caption-title-letter-spacing:var(--h2_typography-letter-spacing);\"><span class=\" fusion-imageframe imageframe-none imageframe-1 hover-type-none\"><a href=\"https:\/\/avt-as.eu\/wp-content\/uploads\/2024\/09\/measuree.jpg\" class=\"fusion-lightbox\" data-rel=\"iLightbox[dfd458f6b01b814add5]\" data-title=\"measuree\" title=\"measuree\"><img decoding=\"async\" width=\"1912\" height=\"938\" src=\"https:\/\/avt-as.eu\/wp-content\/uploads\/2024\/09\/measuree.jpg\" data-orig-src=\"https:\/\/avt-as.eu\/wp-content\/uploads\/2024\/09\/measuree.jpg\" alt class=\"lazyload img-responsive wp-image-2048\" srcset=\"data:image\/svg+xml,%3Csvg%20xmlns%3D%27http%3A%2F%2Fwww.w3.org%2F2000%2Fsvg%27%20width%3D%271912%27%20height%3D%27938%27%20viewBox%3D%270%200%201912%20938%27%3E%3Crect%20width%3D%271912%27%20height%3D%27938%27%20fill-opacity%3D%220%22%2F%3E%3C%2Fsvg%3E\" data-srcset=\"https:\/\/avt-as.eu\/wp-content\/uploads\/2024\/09\/measuree-200x98.jpg 200w, https:\/\/avt-as.eu\/wp-content\/uploads\/2024\/09\/measuree-400x196.jpg 400w, https:\/\/avt-as.eu\/wp-content\/uploads\/2024\/09\/measuree-600x294.jpg 600w, https:\/\/avt-as.eu\/wp-content\/uploads\/2024\/09\/measuree-800x392.jpg 800w, https:\/\/avt-as.eu\/wp-content\/uploads\/2024\/09\/measuree-1200x589.jpg 1200w, https:\/\/avt-as.eu\/wp-content\/uploads\/2024\/09\/measuree.jpg 1912w\" data-sizes=\"auto\" data-orig-sizes=\"(max-width: 1024px) 100vw, (max-width: 640px) 100vw, 800px\" \/><\/a><\/span><\/div><\/div><\/div><div class=\"fusion-layout-column fusion_builder_column fusion-builder-column-7 fusion_builder_column_1_5 1_5 fusion-flex-column\" style=\"--awb-bg-size:cover;--awb-width-large:20%;--awb-margin-top-large:0px;--awb-spacing-right-large:9.6%;--awb-margin-bottom-large:0px;--awb-spacing-left-large:9.6%;--awb-width-medium:100%;--awb-order-medium:0;--awb-spacing-right-medium:1.92%;--awb-spacing-left-medium:1.92%;--awb-width-small:100%;--awb-order-small:0;--awb-spacing-right-small:1.92%;--awb-spacing-left-small:1.92%;\"><div class=\"fusion-column-wrapper fusion-column-has-shadow fusion-flex-justify-content-flex-start fusion-content-layout-column\"><\/div><\/div><\/div><\/div><div class=\"fusion-fullwidth fullwidth-box fusion-builder-row-4 fusion-flex-container nonhundred-percent-fullwidth non-hundred-percent-height-scrolling\" style=\"--awb-border-radius-top-left:0px;--awb-border-radius-top-right:0px;--awb-border-radius-bottom-right:0px;--awb-border-radius-bottom-left:0px;--awb-padding-top:50px;--awb-padding-bottom:50px;--awb-flex-wrap:wrap;\" ><div class=\"fusion-builder-row fusion-row fusion-flex-align-items-flex-start fusion-flex-content-wrap\" style=\"max-width:1456px;margin-left: calc(-4% \/ 2 );margin-right: calc(-4% \/ 2 );\"><div class=\"fusion-layout-column fusion_builder_column fusion-builder-column-8 fusion_builder_column_1_5 1_5 fusion-flex-column\" style=\"--awb-bg-size:cover;--awb-width-large:20%;--awb-margin-top-large:0px;--awb-spacing-right-large:9.6%;--awb-margin-bottom-large:0px;--awb-spacing-left-large:9.6%;--awb-width-medium:100%;--awb-order-medium:0;--awb-spacing-right-medium:1.92%;--awb-spacing-left-medium:1.92%;--awb-width-small:100%;--awb-order-small:0;--awb-spacing-right-small:1.92%;--awb-spacing-left-small:1.92%;\"><div class=\"fusion-column-wrapper fusion-column-has-shadow fusion-flex-justify-content-flex-start fusion-content-layout-column\"><\/div><\/div><div class=\"fusion-layout-column fusion_builder_column fusion-builder-column-9 fusion_builder_column_3_5 3_5 fusion-flex-column\" style=\"--awb-bg-size:cover;--awb-width-large:60%;--awb-margin-top-large:0px;--awb-spacing-right-large:3.2%;--awb-margin-bottom-large:0px;--awb-spacing-left-large:3.2%;--awb-width-medium:100%;--awb-order-medium:0;--awb-spacing-right-medium:1.92%;--awb-spacing-left-medium:1.92%;--awb-width-small:100%;--awb-order-small:0;--awb-spacing-right-small:1.92%;--awb-spacing-left-small:1.92%;\"><div class=\"fusion-column-wrapper fusion-column-has-shadow fusion-flex-justify-content-flex-start fusion-content-layout-column\"><div class=\"fusion-text fusion-text-3\" style=\"--awb-text-transform:none;\"><p>In der aktuellen Version von <em>measuree<\/em> k\u00f6nnen Punkte gemessen werden und daraus Linien und Polygone erstellt werden. Zu jedem vermessenen Punkt gibt es zwei Parameter die beschreiben wie genau die Messung durchgef\u00fchrt wurde. Diese Punkte k\u00f6nnen, analog zu Grafik-Software, zu einem Layer zusammengefasst werden und in einer gew\u00fcnschten Farbe dargestellt werden. Es k\u00f6nnen Hilfslinien erstellt werden um sichttote R\u00e4ume zu erreichen und on-the-fly k\u00f6nnen mittels dieser Hilfslinien z.B. Geb\u00e4udeh\u00f6hen bestimmt werden. Diverse benutzerfreundliche Tools (Zoom, synchrones zentrieren, Fenster duplizieren, Shortcuts usw.) erm\u00f6glichen effizientes Arbeiten. Die vermessen Objekte k\u00f6nnen abschlie\u00dfend exportiert und in handels\u00fcblicher Software weiterverarbeitet werden.<\/p>\n<p>Weitere Informationen gibt es auf der <a href=\"https:\/\/measuree.net\/\" target=\"_blank\" rel=\"noopener\"><em>measuree<\/em> Webseite<\/a>.<\/p>\n<\/div><\/div><\/div><div class=\"fusion-layout-column fusion_builder_column fusion-builder-column-10 fusion_builder_column_1_5 1_5 fusion-flex-column\" style=\"--awb-bg-size:cover;--awb-width-large:20%;--awb-margin-top-large:0px;--awb-spacing-right-large:9.6%;--awb-margin-bottom-large:0px;--awb-spacing-left-large:9.6%;--awb-width-medium:100%;--awb-order-medium:0;--awb-spacing-right-medium:1.92%;--awb-spacing-left-medium:1.92%;--awb-width-small:100%;--awb-order-small:0;--awb-spacing-right-small:1.92%;--awb-spacing-left-small:1.92%;\"><div class=\"fusion-column-wrapper fusion-column-has-shadow fusion-flex-justify-content-flex-start fusion-content-layout-column\"><\/div><\/div><\/div><\/div><\/p>\n","protected":false},"excerpt":{"rendered":"","protected":false},"author":3,"featured_media":2045,"parent":77,"menu_order":0,"comment_status":"closed","ping_status":"closed","template":"100-width.php","meta":{"_monsterinsights_skip_tracking":false,"_monsterinsights_sitenote_active":false,"_monsterinsights_sitenote_note":"","_monsterinsights_sitenote_category":0,"footnotes":""},"class_list":["post-728","page","type-page","status-publish","has-post-thumbnail","hentry"],"yoast_head":"<!-- This site is optimized with the Yoast SEO plugin v27.3 - https:\/\/yoast.com\/product\/yoast-seo-wordpress\/ -->\n<title>measuree - AVT Airborne Sensing<\/title>\n<meta name=\"robots\" content=\"index, follow, max-snippet:-1, max-image-preview:large, max-video-preview:-1\" \/>\n<link rel=\"canonical\" href=\"https:\/\/avt-as.eu\/it\/prodotti\/capturecat\/\" \/>\n<meta property=\"og:locale\" content=\"it_IT\" \/>\n<meta property=\"og:type\" content=\"article\" \/>\n<meta property=\"og:title\" content=\"CaptureCat\" \/>\n<meta property=\"og:url\" content=\"https:\/\/avt-as.eu\/it\/prodotti\/capturecat\/\" \/>\n<meta property=\"og:site_name\" content=\"AVT Airborne Sensing\" \/>\n<meta property=\"article:modified_time\" content=\"2024-10-23T12:26:34+00:00\" \/>\n<meta name=\"twitter:card\" content=\"summary_large_image\" \/>\n<meta name=\"twitter:image\" content=\"https:\/\/avt-as.eu\/wp-content\/uploads\/2024\/09\/measuree_logo.png\" \/>\n<meta name=\"twitter:label1\" content=\"Tempo di lettura stimato\" \/>\n\t<meta name=\"twitter:data1\" content=\"2 minuti\" \/>\n<script type=\"application\/ld+json\" class=\"yoast-schema-graph\">{\"@context\":\"https:\\\/\\\/schema.org\",\"@graph\":[{\"@type\":\"WebPage\",\"@id\":\"https:\\\/\\\/avt-as.eu\\\/produkte\\\/measuree\\\/\",\"url\":\"https:\\\/\\\/avt-as.eu\\\/produkte\\\/measuree\\\/\",\"name\":\"measuree - AVT Airborne Sensing\",\"isPartOf\":{\"@id\":\"https:\\\/\\\/avt-as.eu\\\/#website\"},\"primaryImageOfPage\":{\"@id\":\"https:\\\/\\\/avt-as.eu\\\/produkte\\\/measuree\\\/#primaryimage\"},\"image\":{\"@id\":\"https:\\\/\\\/avt-as.eu\\\/produkte\\\/measuree\\\/#primaryimage\"},\"thumbnailUrl\":\"https:\\\/\\\/avt-as.eu\\\/wp-content\\\/uploads\\\/2024\\\/09\\\/measuree_logo.png\",\"datePublished\":\"2022-07-20T07:20:44+00:00\",\"dateModified\":\"2024-10-23T12:26:34+00:00\",\"breadcrumb\":{\"@id\":\"https:\\\/\\\/avt-as.eu\\\/produkte\\\/measuree\\\/#breadcrumb\"},\"inLanguage\":\"it-IT\",\"potentialAction\":[{\"@type\":\"ReadAction\",\"target\":[\"https:\\\/\\\/avt-as.eu\\\/produkte\\\/measuree\\\/\"]}]},{\"@type\":\"ImageObject\",\"inLanguage\":\"it-IT\",\"@id\":\"https:\\\/\\\/avt-as.eu\\\/produkte\\\/measuree\\\/#primaryimage\",\"url\":\"https:\\\/\\\/avt-as.eu\\\/wp-content\\\/uploads\\\/2024\\\/09\\\/measuree_logo.png\",\"contentUrl\":\"https:\\\/\\\/avt-as.eu\\\/wp-content\\\/uploads\\\/2024\\\/09\\\/measuree_logo.png\",\"width\":1842,\"height\":673},{\"@type\":\"BreadcrumbList\",\"@id\":\"https:\\\/\\\/avt-as.eu\\\/produkte\\\/measuree\\\/#breadcrumb\",\"itemListElement\":[{\"@type\":\"ListItem\",\"position\":1,\"name\":\"Startseite\",\"item\":\"https:\\\/\\\/avt-as.eu\\\/\"},{\"@type\":\"ListItem\",\"position\":2,\"name\":\"Produkte\",\"item\":\"https:\\\/\\\/avt-as.eu\\\/produkte\\\/\"},{\"@type\":\"ListItem\",\"position\":3,\"name\":\"measuree\"}]},{\"@type\":\"WebSite\",\"@id\":\"https:\\\/\\\/avt-as.eu\\\/#website\",\"url\":\"https:\\\/\\\/avt-as.eu\\\/\",\"name\":\"AVT Airborne Sensing\",\"description\":\"High Resolution\",\"potentialAction\":[{\"@type\":\"SearchAction\",\"target\":{\"@type\":\"EntryPoint\",\"urlTemplate\":\"https:\\\/\\\/avt-as.eu\\\/?s={search_term_string}\"},\"query-input\":{\"@type\":\"PropertyValueSpecification\",\"valueRequired\":true,\"valueName\":\"search_term_string\"}}],\"inLanguage\":\"it-IT\"}]}<\/script>\n<!-- \/ Yoast SEO plugin. -->","yoast_head_json":{"title":"measuree - AVT Rilevamento aviotrasportato","robots":{"index":"index","follow":"follow","max-snippet":"max-snippet:-1","max-image-preview":"max-image-preview:large","max-video-preview":"max-video-preview:-1"},"canonical":"https:\/\/avt-as.eu\/it\/prodotti\/capturecat\/","og_locale":"it_IT","og_type":"article","og_title":"CaptureCat","og_url":"https:\/\/avt-as.eu\/it\/prodotti\/capturecat\/","og_site_name":"AVT Airborne Sensing","article_modified_time":"2024-10-23T12:26:34+00:00","twitter_card":"summary_large_image","twitter_image":"https:\/\/avt-as.eu\/wp-content\/uploads\/2024\/09\/measuree_logo.png","twitter_misc":{"Tempo di lettura stimato":"2 minuti"},"schema":{"@context":"https:\/\/schema.org","@graph":[{"@type":"WebPage","@id":"https:\/\/avt-as.eu\/produkte\/measuree\/","url":"https:\/\/avt-as.eu\/produkte\/measuree\/","name":"measuree - AVT Rilevamento aviotrasportato","isPartOf":{"@id":"https:\/\/avt-as.eu\/#website"},"primaryImageOfPage":{"@id":"https:\/\/avt-as.eu\/produkte\/measuree\/#primaryimage"},"image":{"@id":"https:\/\/avt-as.eu\/produkte\/measuree\/#primaryimage"},"thumbnailUrl":"https:\/\/avt-as.eu\/wp-content\/uploads\/2024\/09\/measuree_logo.png","datePublished":"2022-07-20T07:20:44+00:00","dateModified":"2024-10-23T12:26:34+00:00","breadcrumb":{"@id":"https:\/\/avt-as.eu\/produkte\/measuree\/#breadcrumb"},"inLanguage":"it-IT","potentialAction":[{"@type":"ReadAction","target":["https:\/\/avt-as.eu\/produkte\/measuree\/"]}]},{"@type":"ImageObject","inLanguage":"it-IT","@id":"https:\/\/avt-as.eu\/produkte\/measuree\/#primaryimage","url":"https:\/\/avt-as.eu\/wp-content\/uploads\/2024\/09\/measuree_logo.png","contentUrl":"https:\/\/avt-as.eu\/wp-content\/uploads\/2024\/09\/measuree_logo.png","width":1842,"height":673},{"@type":"BreadcrumbList","@id":"https:\/\/avt-as.eu\/produkte\/measuree\/#breadcrumb","itemListElement":[{"@type":"ListItem","position":1,"name":"Startseite","item":"https:\/\/avt-as.eu\/"},{"@type":"ListItem","position":2,"name":"Produkte","item":"https:\/\/avt-as.eu\/produkte\/"},{"@type":"ListItem","position":3,"name":"measuree"}]},{"@type":"WebSite","@id":"https:\/\/avt-as.eu\/#website","url":"https:\/\/avt-as.eu\/","name":"AVT Airborne Sensing","description":"Alta risoluzione","potentialAction":[{"@type":"SearchAction","target":{"@type":"EntryPoint","urlTemplate":"https:\/\/avt-as.eu\/?s={search_term_string}"},"query-input":{"@type":"PropertyValueSpecification","valueRequired":true,"valueName":"search_term_string"}}],"inLanguage":"it-IT"}]}},"_links":{"self":[{"href":"https:\/\/avt-as.eu\/it\/wp-json\/wp\/v2\/pages\/728","targetHints":{"allow":["GET"]}}],"collection":[{"href":"https:\/\/avt-as.eu\/it\/wp-json\/wp\/v2\/pages"}],"about":[{"href":"https:\/\/avt-as.eu\/it\/wp-json\/wp\/v2\/types\/page"}],"author":[{"embeddable":true,"href":"https:\/\/avt-as.eu\/it\/wp-json\/wp\/v2\/users\/3"}],"replies":[{"embeddable":true,"href":"https:\/\/avt-as.eu\/it\/wp-json\/wp\/v2\/comments?post=728"}],"version-history":[{"count":18,"href":"https:\/\/avt-as.eu\/it\/wp-json\/wp\/v2\/pages\/728\/revisions"}],"predecessor-version":[{"id":2099,"href":"https:\/\/avt-as.eu\/it\/wp-json\/wp\/v2\/pages\/728\/revisions\/2099"}],"up":[{"embeddable":true,"href":"https:\/\/avt-as.eu\/it\/wp-json\/wp\/v2\/pages\/77"}],"wp:featuredmedia":[{"embeddable":true,"href":"https:\/\/avt-as.eu\/it\/wp-json\/wp\/v2\/media\/2045"}],"wp:attachment":[{"href":"https:\/\/avt-as.eu\/it\/wp-json\/wp\/v2\/media?parent=728"}],"curies":[{"name":"wp","href":"https:\/\/api.w.org\/{rel}","templated":true}]}}